{"id":3713,"date":"2011-09-26T20:59:12","date_gmt":"2011-09-26T23:59:12","guid":{"rendered":"http:\/\/ajupe.com.uy\/web\/?post_type=product&#038;p=3713"},"modified":"2011-09-28T19:16:33","modified_gmt":"2011-09-28T22:16:33","slug":"en-pocas-palabras","status":"publish","type":"product","link":"https:\/\/ajupe.com.uy\/web\/biblioteca\/en-pocas-palabras\/","title":{"rendered":"En pocas palabras"},"content":{"rendered":"<p>Quince muestras del talento multiforme y sutil de Jeffrey Archer, quince  relatos, ir\u00f3nicos unos, rom\u00e1nticos otros, pero siempre llenos de  ingenio y elegancia. Desde el cuento \u00e1rabe, de estremecedora brevedad,  \u201cLa muerte habla\u201d, hasta la divertida jerarqu\u00eda de personajes  insatisfechos de \u201cLa hierba siempre es m\u00e1s verde\u201d, pasando por historias  de amor y entrega o por explorar las zonas oscuras de la legalidad y  c\u00f3mo de puede abusar de ellas, En pocas palabras lleva al lector a un  universo siempre amable, pero en el que no dejan de aflorar los  conflictos humanos que, a pesar de todo, constituyen la sal de la  tierra.<\/p>\n","protected":false},"excerpt":{"rendered":"<p>Quince muestras del talento multiforme y sutil de Jeffrey Archer, quince relatos, ir\u00f3nicos unos, rom\u00e1nticos otros, pero siempre llenos de ingenio y elegancia. Desde el cuento \u00e1rabe, de estremecedora brevedad, \u201cLa muerte habla\u201d, hasta la divertida jerarqu\u00eda de personajes insatisfechos de \u201cLa hierba siempre es m\u00e1s verde\u201d, pasando por historias de amor y entrega o [&hellip;]<\/p>\n","protected":false},"featured_media":3714,"template":"","meta":[],"product_brand":[275],"product_cat":[30],"product_tag":[],"class_list":{"0":"post-3713","1":"product","2":"type-product","3":"status-publish","4":"has-post-thumbnail","6":"product_brand-jeffrey-archer","7":"product_cat-suspenso","9":"first","10":"instock","11":"purchasable","12":"product-type-simple"},"featured_image_urls_v2":{"full":["https:\/\/ajupe.com.uy\/web\/wp-content\/uploads\/2016\/04\/p-3713-En_pocas_palabra_4e80e7a0cc5b3.jpg",144,228,false],"thumbnail":["https:\/\/ajupe.com.uy\/web\/wp-content\/uploads\/2016\/04\/p-3713-En_pocas_palabra_4e80e7a0cc5b3.jpg",150,150,true],"medium":["https:\/\/ajupe.com.uy\/web\/wp-content\/uploads\/2016\/04\/p-3713-En_pocas_palabra_4e80e7a0cc5b3.jpg",300,214,true],"medium_large":["https:\/\/ajupe.com.uy\/web\/wp-content\/uploads\/2016\/04\/p-3713-En_pocas_palabra_4e80e7a0cc5b3.jpg",144,228,false],"large":["https:\/\/ajupe.com.uy\/web\/wp-content\/uploads\/2016\/04\/p-3713-En_pocas_palabra_4e80e7a0cc5b3.jpg",144,228,false],"1536x1536":["https:\/\/ajupe.com.uy\/web\/wp-content\/uploads\/2016\/04\/p-3713-En_pocas_palabra_4e80e7a0cc5b3.jpg",144,228,false],"2048x2048":["https:\/\/ajupe.com.uy\/web\/wp-content\/uploads\/2016\/04\/p-3713-En_pocas_palabra_4e80e7a0cc5b3.jpg",144,228,false],"woocommerce_archive_thumbnail":["https:\/\/ajupe.com.uy\/web\/wp-content\/uploads\/2016\/04\/p-3713-En_pocas_palabra_4e80e7a0cc5b3.jpg",144,228,false],"woocommerce_thumbnail":["https:\/\/ajupe.com.uy\/web\/wp-content\/uploads\/2016\/04\/p-3713-En_pocas_palabra_4e80e7a0cc5b3.jpg",144,228,false],"woocommerce_single":["https:\/\/ajupe.com.uy\/web\/wp-content\/uploads\/2016\/04\/p-3713-En_pocas_palabra_4e80e7a0cc5b3.jpg",144,228,false],"woocommerce_gallery_thumbnail":["https:\/\/ajupe.com.uy\/web\/wp-content\/uploads\/2016\/04\/p-3713-En_pocas_palabra_4e80e7a0cc5b3-100x100.jpg",100,100,true]},"post_excerpt_stackable_v2":"<p>Quince muestras del talento multiforme y sutil de Jeffrey Archer, quince relatos, ir\u00f3nicos unos, rom\u00e1nticos otros, pero siempre llenos de ingenio y elegancia. Desde el cuento \u00e1rabe, de estremecedora brevedad, \u201cLa muerte habla\u201d, hasta la divertida jerarqu\u00eda de personajes insatisfechos de \u201cLa hierba siempre es m\u00e1s verde\u201d, pasando por historias de amor y entrega o por explorar las zonas oscuras de la legalidad y c\u00f3mo de puede abusar de ellas, En pocas palabras lleva al lector a un universo siempre amable, pero en el que no dejan de aflorar los conflictos humanos que, a pesar de todo, constituyen la sal&hellip;<\/p>\n","category_list_v2":"","author_info_v2":{"name":"","url":""},"comments_num_v2":"0 comentarios","_links":{"self":[{"href":"https:\/\/ajupe.com.uy\/web\/wp-json\/wp\/v2\/product\/3713","targetHints":{"allow":["GET"]}}],"collection":[{"href":"https:\/\/ajupe.com.uy\/web\/wp-json\/wp\/v2\/product"}],"about":[{"href":"https:\/\/ajupe.com.uy\/web\/wp-json\/wp\/v2\/types\/product"}],"wp:featuredmedia":[{"embeddable":true,"href":"https:\/\/ajupe.com.uy\/web\/wp-json\/wp\/v2\/media\/3714"}],"wp:attachment":[{"href":"https:\/\/ajupe.com.uy\/web\/wp-json\/wp\/v2\/media?parent=3713"}],"wp:term":[{"taxonomy":"product_brand","embeddable":true,"href":"https:\/\/ajupe.com.uy\/web\/wp-json\/wp\/v2\/product_brand?post=3713"},{"taxonomy":"product_cat","embeddable":true,"href":"https:\/\/ajupe.com.uy\/web\/wp-json\/wp\/v2\/product_cat?post=3713"},{"taxonomy":"product_tag","embeddable":true,"href":"https:\/\/ajupe.com.uy\/web\/wp-json\/wp\/v2\/product_tag?post=3713"}],"curies":[{"name":"wp","href":"https:\/\/api.w.org\/{rel}","templated":true}]}}