{"id":3716,"date":"2011-09-26T21:13:00","date_gmt":"2011-09-27T00:13:00","guid":{"rendered":"http:\/\/ajupe.com.uy\/web\/?post_type=product&#038;p=3716"},"modified":"2011-09-28T19:17:00","modified_gmt":"2011-09-28T22:17:00","slug":"la-citacion-2","status":"publish","type":"product","link":"https:\/\/ajupe.com.uy\/web\/biblioteca\/la-citacion-2\/","title":{"rendered":"La citaci\u00f3n"},"content":{"rendered":"<p>Ray Atlee, profesor de Derecho en la Universidad de Virginia, pasa por  un momento cr\u00edtico tras su reciente divorcio, conflicto que viene a  sumarse a sus eternos preocupaciones: una relaci\u00f3n dif\u00edcil con un  hermano que padece problemas de alcohol y drogas, y un trato muy  distante con su progenitor, el juez Atlee.   El padre de Ray sigue  siendo una figura emblem\u00e1tica en Clanton, Misisip\u00ed, despu\u00e9s de liderar  durante cuarenta a\u00f1os la vida legal y pol\u00edtica del candado. Viejo y  enfermo, recluido en su decadente mansi\u00f3n, el Juez presidente que su fin  est\u00e1 pr\u00f3ximo y convoca a sus dos hijos. Ray acude a la llamada, pero al  llegar se encuentra a su padre ya muerto junto a un conciso testamento.  En el despacho le aguarda una sorpresa a\u00fan mayor: el Juez ocultaba en  un armario tres millones de d\u00f3lares en met\u00e1lico. Un dinero que, al no  figurar en el testamento, cuestiona la intachable trayectoria  profesional del ex magistrado. \u00bfAceptaba el Juez sobornos? \u00bfDebe Ray  informar del hallazgo a su hermano y a las autoridades? Y eso no es  todo, porque alguien m\u00e1s parece conocer el secreto.<\/p>\n","protected":false},"excerpt":{"rendered":"<p>Ray Atlee, profesor de Derecho en la Universidad de Virginia, pasa por un momento cr\u00edtico tras su reciente divorcio, conflicto que viene a sumarse a sus eternos preocupaciones: una relaci\u00f3n dif\u00edcil con un hermano que padece problemas de alcohol y drogas, y un trato muy distante con su progenitor, el juez Atlee. El padre de [&hellip;]<\/p>\n","protected":false},"featured_media":3717,"template":"","meta":[],"product_brand":[77],"product_cat":[40,30],"product_tag":[],"class_list":{"0":"post-3716","1":"product","2":"type-product","3":"status-publish","4":"has-post-thumbnail","6":"product_brand-john-grisham","7":"product_cat-policial","8":"product_cat-suspenso","10":"first","11":"instock","12":"purchasable","13":"product-type-simple"},"featured_image_urls_v2":{"full":["https:\/\/ajupe.com.uy\/web\/wp-content\/uploads\/2016\/04\/p-3716-La_citaci__n_4e80eadcbabf4.jpg",120,183,false],"thumbnail":["https:\/\/ajupe.com.uy\/web\/wp-content\/uploads\/2016\/04\/p-3716-La_citaci__n_4e80eadcbabf4.jpg",150,150,true],"medium":["https:\/\/ajupe.com.uy\/web\/wp-content\/uploads\/2016\/04\/p-3716-La_citaci__n_4e80eadcbabf4.jpg",300,214,true],"medium_large":["https:\/\/ajupe.com.uy\/web\/wp-content\/uploads\/2016\/04\/p-3716-La_citaci__n_4e80eadcbabf4.jpg",120,183,false],"large":["https:\/\/ajupe.com.uy\/web\/wp-content\/uploads\/2016\/04\/p-3716-La_citaci__n_4e80eadcbabf4.jpg",120,183,false],"1536x1536":["https:\/\/ajupe.com.uy\/web\/wp-content\/uploads\/2016\/04\/p-3716-La_citaci__n_4e80eadcbabf4.jpg",120,183,false],"2048x2048":["https:\/\/ajupe.com.uy\/web\/wp-content\/uploads\/2016\/04\/p-3716-La_citaci__n_4e80eadcbabf4.jpg",120,183,false],"woocommerce_archive_thumbnail":["https:\/\/ajupe.com.uy\/web\/wp-content\/uploads\/2016\/04\/p-3716-La_citaci__n_4e80eadcbabf4.jpg",120,183,false],"woocommerce_thumbnail":["https:\/\/ajupe.com.uy\/web\/wp-content\/uploads\/2016\/04\/p-3716-La_citaci__n_4e80eadcbabf4.jpg",120,183,false],"woocommerce_single":["https:\/\/ajupe.com.uy\/web\/wp-content\/uploads\/2016\/04\/p-3716-La_citaci__n_4e80eadcbabf4.jpg",120,183,false],"woocommerce_gallery_thumbnail":["https:\/\/ajupe.com.uy\/web\/wp-content\/uploads\/2016\/04\/p-3716-La_citaci__n_4e80eadcbabf4-100x100.jpg",100,100,true]},"post_excerpt_stackable_v2":"<p>Ray Atlee, profesor de Derecho en la Universidad de Virginia, pasa por un momento cr\u00edtico tras su reciente divorcio, conflicto que viene a sumarse a sus eternos preocupaciones: una relaci\u00f3n dif\u00edcil con un hermano que padece problemas de alcohol y drogas, y un trato muy distante con su progenitor, el juez Atlee. El padre de Ray sigue siendo una figura emblem\u00e1tica en Clanton, Misisip\u00ed, despu\u00e9s de liderar durante cuarenta a\u00f1os la vida legal y pol\u00edtica del candado. Viejo y enfermo, recluido en su decadente mansi\u00f3n, el Juez presidente que su fin est\u00e1 pr\u00f3ximo y convoca a sus dos hijos. Ray&hellip;<\/p>\n","category_list_v2":"","author_info_v2":{"name":"","url":""},"comments_num_v2":"0 comentarios","_links":{"self":[{"href":"https:\/\/ajupe.com.uy\/web\/wp-json\/wp\/v2\/product\/3716","targetHints":{"allow":["GET"]}}],"collection":[{"href":"https:\/\/ajupe.com.uy\/web\/wp-json\/wp\/v2\/product"}],"about":[{"href":"https:\/\/ajupe.com.uy\/web\/wp-json\/wp\/v2\/types\/product"}],"wp:featuredmedia":[{"embeddable":true,"href":"https:\/\/ajupe.com.uy\/web\/wp-json\/wp\/v2\/media\/3717"}],"wp:attachment":[{"href":"https:\/\/ajupe.com.uy\/web\/wp-json\/wp\/v2\/media?parent=3716"}],"wp:term":[{"taxonomy":"product_brand","embeddable":true,"href":"https:\/\/ajupe.com.uy\/web\/wp-json\/wp\/v2\/product_brand?post=3716"},{"taxonomy":"product_cat","embeddable":true,"href":"https:\/\/ajupe.com.uy\/web\/wp-json\/wp\/v2\/product_cat?post=3716"},{"taxonomy":"product_tag","embeddable":true,"href":"https:\/\/ajupe.com.uy\/web\/wp-json\/wp\/v2\/product_tag?post=3716"}],"curies":[{"name":"wp","href":"https:\/\/api.w.org\/{rel}","templated":true}]}}