{"id":3722,"date":"2011-09-26T21:19:11","date_gmt":"2011-09-27T00:19:11","guid":{"rendered":"http:\/\/ajupe.com.uy\/web\/?post_type=product&#038;p=3722"},"modified":"2011-09-26T21:19:11","modified_gmt":"2011-09-27T00:19:11","slug":"amnesia","status":"publish","type":"product","link":"https:\/\/ajupe.com.uy\/web\/biblioteca\/amnesia\/","title":{"rendered":"Amnesia"},"content":{"rendered":"<div id=\"detResena\"> rese\u00f1a  <span id=\"ctl00_ContentPlaceHolder1_lblResena\">En la  bruma gris del amanecer, una mujer despierta y no se reconoce en el  espejo. Su memoria se ha desvanecido. Ni siquiera su nombre, Ariel Gold,  del que se entera a trav\u00e9s de un registro de conducir, le es familiar.  Aterrada, comprueba que est\u00e1 herida y golpeada y que, en medio del  desorden de la cama, hay una blusa ensangrentada y un rev\u00f3lver. Sola y  desorientada. \u00abAriel\u00bb se propone descubrir su identidad. As\u00ed logra saber  que tiene una c\u00f3moda situaci\u00f3n econ\u00f3mica, un coche caro, una perra fina  que la sigue a todas partes y una carrera como productora televisiva.  Muy pronto, Ariel decide disimular su amnesia y volver al trabajo, a fin  de desentra\u00f1ar el misterio de su pasado. Con una ingeniosa trama y  toques de humor punzante, Judy Mercer da vida a una hero\u00edna intr\u00e9pida y  tenaz.<br \/><\/span><\/div>\n","protected":false},"excerpt":{"rendered":"<p>rese\u00f1a En la bruma gris del amanecer, una mujer despierta y no se reconoce en el espejo. Su memoria se ha desvanecido. Ni siquiera su nombre, Ariel Gold, del que se entera a trav\u00e9s de un registro de conducir, le es familiar. Aterrada, comprueba que est\u00e1 herida y golpeada y que, en medio del desorden [&hellip;]<\/p>\n","protected":false},"featured_media":3723,"template":"","meta":[],"product_brand":[210],"product_cat":[30],"product_tag":[],"class_list":{"0":"post-3722","1":"product","2":"type-product","3":"status-publish","4":"has-post-thumbnail","6":"product_brand-judy-mercer","7":"product_cat-suspenso","9":"first","10":"instock","11":"purchasable","12":"product-type-simple"},"featured_image_urls_v2":{"full":["https:\/\/ajupe.com.uy\/web\/wp-content\/uploads\/2016\/04\/p-3722-Amnesia_4e80ec4f373d4.jpg",311,465,false],"thumbnail":["https:\/\/ajupe.com.uy\/web\/wp-content\/uploads\/2016\/04\/p-3722-Amnesia_4e80ec4f373d4.jpg",150,150,true],"medium":["https:\/\/ajupe.com.uy\/web\/wp-content\/uploads\/2016\/04\/p-3722-Amnesia_4e80ec4f373d4.jpg",300,214,true],"medium_large":["https:\/\/ajupe.com.uy\/web\/wp-content\/uploads\/2016\/04\/p-3722-Amnesia_4e80ec4f373d4.jpg",311,465,false],"large":["https:\/\/ajupe.com.uy\/web\/wp-content\/uploads\/2016\/04\/p-3722-Amnesia_4e80ec4f373d4.jpg",311,465,false],"1536x1536":["https:\/\/ajupe.com.uy\/web\/wp-content\/uploads\/2016\/04\/p-3722-Amnesia_4e80ec4f373d4.jpg",311,465,false],"2048x2048":["https:\/\/ajupe.com.uy\/web\/wp-content\/uploads\/2016\/04\/p-3722-Amnesia_4e80ec4f373d4.jpg",311,465,false],"woocommerce_archive_thumbnail":["https:\/\/ajupe.com.uy\/web\/wp-content\/uploads\/2016\/04\/p-3722-Amnesia_4e80ec4f373d4-300x450.jpg",300,450,true],"woocommerce_thumbnail":["https:\/\/ajupe.com.uy\/web\/wp-content\/uploads\/2016\/04\/p-3722-Amnesia_4e80ec4f373d4-300x300.jpg",300,300,true],"woocommerce_single":["https:\/\/ajupe.com.uy\/web\/wp-content\/uploads\/2016\/04\/p-3722-Amnesia_4e80ec4f373d4-300x449.jpg",300,449,true],"woocommerce_gallery_thumbnail":["https:\/\/ajupe.com.uy\/web\/wp-content\/uploads\/2016\/04\/p-3722-Amnesia_4e80ec4f373d4-100x100.jpg",100,100,true]},"post_excerpt_stackable_v2":"<p>rese\u00f1a En la bruma gris del amanecer, una mujer despierta y no se reconoce en el espejo. Su memoria se ha desvanecido. Ni siquiera su nombre, Ariel Gold, del que se entera a trav\u00e9s de un registro de conducir, le es familiar. Aterrada, comprueba que est\u00e1 herida y golpeada y que, en medio del desorden de la cama, hay una blusa ensangrentada y un rev\u00f3lver. Sola y desorientada. \u00abAriel\u00bb se propone descubrir su identidad. As\u00ed logra saber que tiene una c\u00f3moda situaci\u00f3n econ\u00f3mica, un coche caro, una perra fina que la sigue a todas partes y una carrera como productora&hellip;<\/p>\n","category_list_v2":"","author_info_v2":{"name":"","url":""},"comments_num_v2":"0 comentarios","_links":{"self":[{"href":"https:\/\/ajupe.com.uy\/web\/wp-json\/wp\/v2\/product\/3722","targetHints":{"allow":["GET"]}}],"collection":[{"href":"https:\/\/ajupe.com.uy\/web\/wp-json\/wp\/v2\/product"}],"about":[{"href":"https:\/\/ajupe.com.uy\/web\/wp-json\/wp\/v2\/types\/product"}],"wp:featuredmedia":[{"embeddable":true,"href":"https:\/\/ajupe.com.uy\/web\/wp-json\/wp\/v2\/media\/3723"}],"wp:attachment":[{"href":"https:\/\/ajupe.com.uy\/web\/wp-json\/wp\/v2\/media?parent=3722"}],"wp:term":[{"taxonomy":"product_brand","embeddable":true,"href":"https:\/\/ajupe.com.uy\/web\/wp-json\/wp\/v2\/product_brand?post=3722"},{"taxonomy":"product_cat","embeddable":true,"href":"https:\/\/ajupe.com.uy\/web\/wp-json\/wp\/v2\/product_cat?post=3722"},{"taxonomy":"product_tag","embeddable":true,"href":"https:\/\/ajupe.com.uy\/web\/wp-json\/wp\/v2\/product_tag?post=3722"}],"curies":[{"name":"wp","href":"https:\/\/api.w.org\/{rel}","templated":true}]}}