{"id":3752,"date":"2011-09-26T22:27:46","date_gmt":"2011-09-27T01:27:46","guid":{"rendered":"http:\/\/ajupe.com.uy\/web\/?post_type=product&#038;p=3752"},"modified":"2011-09-28T18:52:29","modified_gmt":"2011-09-28T21:52:29","slug":"casa-negra","status":"publish","type":"product","link":"https:\/\/ajupe.com.uy\/web\/biblioteca\/casa-negra\/","title":{"rendered":"Casa negra"},"content":{"rendered":"<p>Hace veinte a\u00f1os, un chico llamado Jack Sawyer viaj\u00f3 a los Territorios,  un mundo paralelo, para salvar a su madre. Ahora Jack, ex detective de  homicidios, decide comprarse una casa en un pueblo tranquilo de  Wisconsin. No conserva recuerdo alguno de sus aventuras en los  Territorios, pero se vio obligado a dejar la polic\u00eda de Los \u00c1ngeles  cuando un suceso casual le despert\u00f3 un inexplicable malestar.<br \/> Cuando se produce una serie de horripilantes asesinatos en Wisconsin, el  jefe de la polic\u00eda local pide a Jack que lo ayude en su investigaci\u00f3n.  Pero \u00bfson esos asesinatos simplemente obra de un perturbado, o se ha  desatado una fuerza misteriosa y maligna? \u00bfCu\u00e1l es la causa de las  extra\u00f1as visiones que tiene Jack? \u00bfAcaso alguien trata de comunicarle  algo? Jack se ve arrastrado de nuevo a los Territorios y hacia su propio  pasado. Solamente all\u00ed podr\u00e1 encontrar la fuerza necesaria para entrar  en la Casa Negra y enfrentarse a los espantosos y viles seres del mal  que esta cobija. En Casa Negra Stephen King y Peter Straub vuelven a  contar otra historia de Jack Sawyer, protagonista de El talism\u00e1n, el  primer libro que escribieron juntos.<\/p>\n","protected":false},"excerpt":{"rendered":"<p>Hace veinte a\u00f1os, un chico llamado Jack Sawyer viaj\u00f3 a los Territorios, un mundo paralelo, para salvar a su madre. Ahora Jack, ex detective de homicidios, decide comprarse una casa en un pueblo tranquilo de Wisconsin. No conserva recuerdo alguno de sus aventuras en los Territorios, pero se vio obligado a dejar la polic\u00eda de [&hellip;]<\/p>\n","protected":false},"featured_media":3753,"template":"","meta":[],"product_brand":[893],"product_cat":[30,41],"product_tag":[],"class_list":{"0":"post-3752","1":"product","2":"type-product","3":"status-publish","4":"has-post-thumbnail","6":"product_brand-stephen-king-peter-straub","7":"product_cat-suspenso","8":"product_cat-terror","10":"first","11":"instock","12":"purchasable","13":"product-type-simple"},"featured_image_urls_v2":{"full":["https:\/\/ajupe.com.uy\/web\/wp-content\/uploads\/2016\/04\/p-3752-Casa_negra_4e80fc629f15b.jpg",166,250,false],"thumbnail":["https:\/\/ajupe.com.uy\/web\/wp-content\/uploads\/2016\/04\/p-3752-Casa_negra_4e80fc629f15b.jpg",150,150,true],"medium":["https:\/\/ajupe.com.uy\/web\/wp-content\/uploads\/2016\/04\/p-3752-Casa_negra_4e80fc629f15b.jpg",300,214,true],"medium_large":["https:\/\/ajupe.com.uy\/web\/wp-content\/uploads\/2016\/04\/p-3752-Casa_negra_4e80fc629f15b.jpg",166,250,false],"large":["https:\/\/ajupe.com.uy\/web\/wp-content\/uploads\/2016\/04\/p-3752-Casa_negra_4e80fc629f15b.jpg",166,250,false],"1536x1536":["https:\/\/ajupe.com.uy\/web\/wp-content\/uploads\/2016\/04\/p-3752-Casa_negra_4e80fc629f15b.jpg",166,250,false],"2048x2048":["https:\/\/ajupe.com.uy\/web\/wp-content\/uploads\/2016\/04\/p-3752-Casa_negra_4e80fc629f15b.jpg",166,250,false],"woocommerce_archive_thumbnail":["https:\/\/ajupe.com.uy\/web\/wp-content\/uploads\/2016\/04\/p-3752-Casa_negra_4e80fc629f15b.jpg",166,250,false],"woocommerce_thumbnail":["https:\/\/ajupe.com.uy\/web\/wp-content\/uploads\/2016\/04\/p-3752-Casa_negra_4e80fc629f15b.jpg",166,250,false],"woocommerce_single":["https:\/\/ajupe.com.uy\/web\/wp-content\/uploads\/2016\/04\/p-3752-Casa_negra_4e80fc629f15b.jpg",166,250,false],"woocommerce_gallery_thumbnail":["https:\/\/ajupe.com.uy\/web\/wp-content\/uploads\/2016\/04\/p-3752-Casa_negra_4e80fc629f15b-100x100.jpg",100,100,true]},"post_excerpt_stackable_v2":"<p>Hace veinte a\u00f1os, un chico llamado Jack Sawyer viaj\u00f3 a los Territorios, un mundo paralelo, para salvar a su madre. Ahora Jack, ex detective de homicidios, decide comprarse una casa en un pueblo tranquilo de Wisconsin. No conserva recuerdo alguno de sus aventuras en los Territorios, pero se vio obligado a dejar la polic\u00eda de Los \u00c1ngeles cuando un suceso casual le despert\u00f3 un inexplicable malestar. Cuando se produce una serie de horripilantes asesinatos en Wisconsin, el jefe de la polic\u00eda local pide a Jack que lo ayude en su investigaci\u00f3n. Pero \u00bfson esos asesinatos simplemente obra de un perturbado,&hellip;<\/p>\n","category_list_v2":"","author_info_v2":{"name":"","url":""},"comments_num_v2":"0 comentarios","_links":{"self":[{"href":"https:\/\/ajupe.com.uy\/web\/wp-json\/wp\/v2\/product\/3752","targetHints":{"allow":["GET"]}}],"collection":[{"href":"https:\/\/ajupe.com.uy\/web\/wp-json\/wp\/v2\/product"}],"about":[{"href":"https:\/\/ajupe.com.uy\/web\/wp-json\/wp\/v2\/types\/product"}],"wp:featuredmedia":[{"embeddable":true,"href":"https:\/\/ajupe.com.uy\/web\/wp-json\/wp\/v2\/media\/3753"}],"wp:attachment":[{"href":"https:\/\/ajupe.com.uy\/web\/wp-json\/wp\/v2\/media?parent=3752"}],"wp:term":[{"taxonomy":"product_brand","embeddable":true,"href":"https:\/\/ajupe.com.uy\/web\/wp-json\/wp\/v2\/product_brand?post=3752"},{"taxonomy":"product_cat","embeddable":true,"href":"https:\/\/ajupe.com.uy\/web\/wp-json\/wp\/v2\/product_cat?post=3752"},{"taxonomy":"product_tag","embeddable":true,"href":"https:\/\/ajupe.com.uy\/web\/wp-json\/wp\/v2\/product_tag?post=3752"}],"curies":[{"name":"wp","href":"https:\/\/api.w.org\/{rel}","templated":true}]}}