{"id":3755,"date":"2011-09-26T22:30:35","date_gmt":"2011-09-27T01:30:35","guid":{"rendered":"http:\/\/ajupe.com.uy\/web\/?post_type=product&#038;p=3755"},"modified":"2011-09-26T22:30:35","modified_gmt":"2011-09-27T01:30:35","slug":"la-montana-del-alma","status":"publish","type":"product","link":"https:\/\/ajupe.com.uy\/web\/biblioteca\/la-montana-del-alma\/","title":{"rendered":"La Monta\u00f1a del Alma"},"content":{"rendered":"<p>Una  casualidad inicia esta novela: dos tazas de t\u00e9 entrechocan sobre la  mesa de un compartimento de tren provocando el contacto entre dos  desconocidos que han emprendido un largo viaje y poniendo al  protagonista sobre la pista de una misteriosa monta\u00f1a.<\/p>\n<p>Desde  las primeras p\u00e1ginas, y con la misma facilidad con la que se reconoce  un rostro en una fotograf\u00eda, Gao Xingjian hace un retrato amplio y  profundo de China -desde su historia m\u00e1s ancestral hasta la de nuestros  d\u00edas, pasando por momentos tan cruciales como la Revoluci\u00f3n Cultural-,  de su filosof\u00eda, que tanto est\u00e1 marcando el sentido espiritual de  Occidente, de su arte, de su gente, de sus costumbres, de sus pueblos,  de su forma de vida.<\/p>\n<p>Pero  no es casualidad que esta novela tan ambiciosa haya ganado el Premio   Nobel de Literatura en el a\u00f1o 2000 y se haya convertido en la gran  novela de China, contiene mil historias, cuenta cuentos, apunta con  rigor cient\u00edfico datos sobre la naturaleza y rescata leyendas y f\u00e1bulas  de los bosques, reflexiona sobre la literatura actual y la pervivencia  de la cultura y las creencias ancestrales, es una novela que conmueve en  su intensa b\u00fasqueda de la pureza, de la esencia \u00faltima de las cosas,  que inquieta con sus preguntas y por la simple belleza con las que  plantea. Una obra escrita desde el alma y destinada a permanecer en la  historia de la literatura.<\/p>\n","protected":false},"excerpt":{"rendered":"<p>Una casualidad inicia esta novela: dos tazas de t\u00e9 entrechocan sobre la mesa de un compartimento de tren provocando el contacto entre dos desconocidos que han emprendido un largo viaje y poniendo al protagonista sobre la pista de una misteriosa monta\u00f1a. Desde las primeras p\u00e1ginas, y con la misma facilidad con la que se reconoce [&hellip;]<\/p>\n","protected":false},"featured_media":3756,"template":"","meta":[],"product_brand":[662],"product_cat":[29],"product_tag":[],"class_list":{"0":"post-3755","1":"product","2":"type-product","3":"status-publish","4":"has-post-thumbnail","6":"product_brand-gao-xingjian","7":"product_cat-novela","9":"first","10":"instock","11":"purchasable","12":"product-type-simple"},"featured_image_urls_v2":{"full":["https:\/\/ajupe.com.uy\/web\/wp-content\/uploads\/2016\/04\/p-3755-La_Monta__a_del__4e80fd0bef9e0.jpg",451,701,false],"thumbnail":["https:\/\/ajupe.com.uy\/web\/wp-content\/uploads\/2016\/04\/p-3755-La_Monta__a_del__4e80fd0bef9e0.jpg",150,150,true],"medium":["https:\/\/ajupe.com.uy\/web\/wp-content\/uploads\/2016\/04\/p-3755-La_Monta__a_del__4e80fd0bef9e0.jpg",300,214,true],"medium_large":["https:\/\/ajupe.com.uy\/web\/wp-content\/uploads\/2016\/04\/p-3755-La_Monta__a_del__4e80fd0bef9e0.jpg",451,701,false],"large":["https:\/\/ajupe.com.uy\/web\/wp-content\/uploads\/2016\/04\/p-3755-La_Monta__a_del__4e80fd0bef9e0.jpg",451,701,false],"1536x1536":["https:\/\/ajupe.com.uy\/web\/wp-content\/uploads\/2016\/04\/p-3755-La_Monta__a_del__4e80fd0bef9e0.jpg",451,701,false],"2048x2048":["https:\/\/ajupe.com.uy\/web\/wp-content\/uploads\/2016\/04\/p-3755-La_Monta__a_del__4e80fd0bef9e0.jpg",451,701,false],"woocommerce_archive_thumbnail":["https:\/\/ajupe.com.uy\/web\/wp-content\/uploads\/2016\/04\/p-3755-La_Monta__a_del__4e80fd0bef9e0-300x450.jpg",300,450,true],"woocommerce_thumbnail":["https:\/\/ajupe.com.uy\/web\/wp-content\/uploads\/2016\/04\/p-3755-La_Monta__a_del__4e80fd0bef9e0-300x300.jpg",300,300,true],"woocommerce_single":["https:\/\/ajupe.com.uy\/web\/wp-content\/uploads\/2016\/04\/p-3755-La_Monta__a_del__4e80fd0bef9e0-300x466.jpg",300,466,true],"woocommerce_gallery_thumbnail":["https:\/\/ajupe.com.uy\/web\/wp-content\/uploads\/2016\/04\/p-3755-La_Monta__a_del__4e80fd0bef9e0-100x100.jpg",100,100,true]},"post_excerpt_stackable_v2":"<p>Una casualidad inicia esta novela: dos tazas de t\u00e9 entrechocan sobre la mesa de un compartimento de tren provocando el contacto entre dos desconocidos que han emprendido un largo viaje y poniendo al protagonista sobre la pista de una misteriosa monta\u00f1a. Desde las primeras p\u00e1ginas, y con la misma facilidad con la que se reconoce un rostro en una fotograf\u00eda, Gao Xingjian hace un retrato amplio y profundo de China -desde su historia m\u00e1s ancestral hasta la de nuestros d\u00edas, pasando por momentos tan cruciales como la Revoluci\u00f3n Cultural-, de su filosof\u00eda, que tanto est\u00e1 marcando el sentido espiritual de&hellip;<\/p>\n","category_list_v2":"","author_info_v2":{"name":"","url":""},"comments_num_v2":"0 comentarios","_links":{"self":[{"href":"https:\/\/ajupe.com.uy\/web\/wp-json\/wp\/v2\/product\/3755","targetHints":{"allow":["GET"]}}],"collection":[{"href":"https:\/\/ajupe.com.uy\/web\/wp-json\/wp\/v2\/product"}],"about":[{"href":"https:\/\/ajupe.com.uy\/web\/wp-json\/wp\/v2\/types\/product"}],"wp:featuredmedia":[{"embeddable":true,"href":"https:\/\/ajupe.com.uy\/web\/wp-json\/wp\/v2\/media\/3756"}],"wp:attachment":[{"href":"https:\/\/ajupe.com.uy\/web\/wp-json\/wp\/v2\/media?parent=3755"}],"wp:term":[{"taxonomy":"product_brand","embeddable":true,"href":"https:\/\/ajupe.com.uy\/web\/wp-json\/wp\/v2\/product_brand?post=3755"},{"taxonomy":"product_cat","embeddable":true,"href":"https:\/\/ajupe.com.uy\/web\/wp-json\/wp\/v2\/product_cat?post=3755"},{"taxonomy":"product_tag","embeddable":true,"href":"https:\/\/ajupe.com.uy\/web\/wp-json\/wp\/v2\/product_tag?post=3755"}],"curies":[{"name":"wp","href":"https:\/\/api.w.org\/{rel}","templated":true}]}}