{"id":3773,"date":"2011-09-26T22:56:12","date_gmt":"2011-09-27T01:56:12","guid":{"rendered":"http:\/\/ajupe.com.uy\/web\/?post_type=product&#038;p=3773"},"modified":"2011-09-28T19:16:00","modified_gmt":"2011-09-28T22:16:00","slug":"buena-suerte","status":"publish","type":"product","link":"https:\/\/ajupe.com.uy\/web\/biblioteca\/buena-suerte\/","title":{"rendered":"Buena suerte"},"content":{"rendered":"<p><strong>Buena suerte <\/strong>describe la infancia de dos hermanos, Lou y  Oz, cuyas vidas cambian de la noche a la ma\u00f1ana al morir su padre en un  accidente. El suceso obligar\u00e1 a los ni\u00f1os a abandonar la trepidante  Nueva York de los a\u00f1os cuarenta para trasladarse a las agrestes monta\u00f1as  de Virginis, donde pasar\u00e1n al cuidado de su bisabuela. Ante Lou y Oz se  abrir\u00e1 un nuevo mundo en el que las adversidades dar\u00e1n paso a una  existencia rica en vivencias y descubrimientos. <\/p>\n<p><strong>Baldacci <\/strong>rememora  en esta novela vivencias del pasado en su Virginia natal.El palabras  del propio autor: \u00abIr\u00f3nicamente, como escritor me he pasado los \u00faltimos  veinte a\u00f1os a la caza de material para novelar y nunca supe ver el  inagotable fil\u00f3n de recursos que hab\u00eda en mi familia\u00bb.<\/p>\n","protected":false},"excerpt":{"rendered":"<p>Buena suerte describe la infancia de dos hermanos, Lou y Oz, cuyas vidas cambian de la noche a la ma\u00f1ana al morir su padre en un accidente. El suceso obligar\u00e1 a los ni\u00f1os a abandonar la trepidante Nueva York de los a\u00f1os cuarenta para trasladarse a las agrestes monta\u00f1as de Virginis, donde pasar\u00e1n al cuidado [&hellip;]<\/p>\n","protected":false},"featured_media":3774,"template":"","meta":[],"product_brand":[414],"product_cat":[30],"product_tag":[],"class_list":{"0":"post-3773","1":"product","2":"type-product","3":"status-publish","4":"has-post-thumbnail","6":"product_brand-david-baldacci","7":"product_cat-suspenso","9":"first","10":"instock","11":"purchasable","12":"product-type-simple"},"featured_image_urls_v2":{"full":["https:\/\/ajupe.com.uy\/web\/wp-content\/uploads\/2016\/04\/p-3773-Buena_suerte_4e81030c94ddb.jpg",196,310,false],"thumbnail":["https:\/\/ajupe.com.uy\/web\/wp-content\/uploads\/2016\/04\/p-3773-Buena_suerte_4e81030c94ddb.jpg",150,150,true],"medium":["https:\/\/ajupe.com.uy\/web\/wp-content\/uploads\/2016\/04\/p-3773-Buena_suerte_4e81030c94ddb.jpg",300,214,true],"medium_large":["https:\/\/ajupe.com.uy\/web\/wp-content\/uploads\/2016\/04\/p-3773-Buena_suerte_4e81030c94ddb.jpg",196,310,false],"large":["https:\/\/ajupe.com.uy\/web\/wp-content\/uploads\/2016\/04\/p-3773-Buena_suerte_4e81030c94ddb.jpg",196,310,false],"1536x1536":["https:\/\/ajupe.com.uy\/web\/wp-content\/uploads\/2016\/04\/p-3773-Buena_suerte_4e81030c94ddb.jpg",196,310,false],"2048x2048":["https:\/\/ajupe.com.uy\/web\/wp-content\/uploads\/2016\/04\/p-3773-Buena_suerte_4e81030c94ddb.jpg",196,310,false],"woocommerce_archive_thumbnail":["https:\/\/ajupe.com.uy\/web\/wp-content\/uploads\/2016\/04\/p-3773-Buena_suerte_4e81030c94ddb-196x300.jpg",196,300,true],"woocommerce_thumbnail":["https:\/\/ajupe.com.uy\/web\/wp-content\/uploads\/2016\/04\/p-3773-Buena_suerte_4e81030c94ddb-196x300.jpg",196,300,true],"woocommerce_single":["https:\/\/ajupe.com.uy\/web\/wp-content\/uploads\/2016\/04\/p-3773-Buena_suerte_4e81030c94ddb.jpg",196,310,false],"woocommerce_gallery_thumbnail":["https:\/\/ajupe.com.uy\/web\/wp-content\/uploads\/2016\/04\/p-3773-Buena_suerte_4e81030c94ddb-100x100.jpg",100,100,true]},"post_excerpt_stackable_v2":"<p>Buena suerte describe la infancia de dos hermanos, Lou y Oz, cuyas vidas cambian de la noche a la ma\u00f1ana al morir su padre en un accidente. El suceso obligar\u00e1 a los ni\u00f1os a abandonar la trepidante Nueva York de los a\u00f1os cuarenta para trasladarse a las agrestes monta\u00f1as de Virginis, donde pasar\u00e1n al cuidado de su bisabuela. Ante Lou y Oz se abrir\u00e1 un nuevo mundo en el que las adversidades dar\u00e1n paso a una existencia rica en vivencias y descubrimientos. Baldacci rememora en esta novela vivencias del pasado en su Virginia natal.El palabras del propio autor: \u00abIr\u00f3nicamente, como&hellip;<\/p>\n","category_list_v2":"","author_info_v2":{"name":"","url":""},"comments_num_v2":"0 comentarios","_links":{"self":[{"href":"https:\/\/ajupe.com.uy\/web\/wp-json\/wp\/v2\/product\/3773","targetHints":{"allow":["GET"]}}],"collection":[{"href":"https:\/\/ajupe.com.uy\/web\/wp-json\/wp\/v2\/product"}],"about":[{"href":"https:\/\/ajupe.com.uy\/web\/wp-json\/wp\/v2\/types\/product"}],"wp:featuredmedia":[{"embeddable":true,"href":"https:\/\/ajupe.com.uy\/web\/wp-json\/wp\/v2\/media\/3774"}],"wp:attachment":[{"href":"https:\/\/ajupe.com.uy\/web\/wp-json\/wp\/v2\/media?parent=3773"}],"wp:term":[{"taxonomy":"product_brand","embeddable":true,"href":"https:\/\/ajupe.com.uy\/web\/wp-json\/wp\/v2\/product_brand?post=3773"},{"taxonomy":"product_cat","embeddable":true,"href":"https:\/\/ajupe.com.uy\/web\/wp-json\/wp\/v2\/product_cat?post=3773"},{"taxonomy":"product_tag","embeddable":true,"href":"https:\/\/ajupe.com.uy\/web\/wp-json\/wp\/v2\/product_tag?post=3773"}],"curies":[{"name":"wp","href":"https:\/\/api.w.org\/{rel}","templated":true}]}}