{"id":3776,"date":"2011-09-26T22:59:06","date_gmt":"2011-09-27T01:59:06","guid":{"rendered":"http:\/\/ajupe.com.uy\/web\/?post_type=product&#038;p=3776"},"modified":"2011-09-26T22:59:06","modified_gmt":"2011-09-27T01:59:06","slug":"la-mujer-del-sueno","status":"publish","type":"product","link":"https:\/\/ajupe.com.uy\/web\/biblioteca\/la-mujer-del-sueno\/","title":{"rendered":"La mujer del sue\u00f1o"},"content":{"rendered":"<p><span id=\"ctl00_ContentPlaceHolder1_lblResena\">Buenos Aires, 1930.  Ricardo Vacarezza, un rico hacendado argentino, vive obsesionado por un  sue\u00f1o recurrente. En \u00e9l, se le aparece siempre la misma mujer, una joven  que le dirige palabras de amor y le llama a su lado. El escenario es  siempre el mismo: una peque\u00f1a isla en la que se intuyen unos yacimientos  arqueol\u00f3gicos.  Adem\u00e1s, la prometida de Ricardo dice que \u00e9ste habla en sue\u00f1os en una  lengua extra\u00f1a. \u00c9l no le da m\u00e1s importancia al asunto. Un d\u00eda, sin  embargo, un anciano indio se le acerca para decirle que ha reconocido en  \u00e9l a un cham\u00e1n. Ricardo vive desde entonces en la confusi\u00f3n que le ha  producido el encuentro: oye voces extra\u00f1as, ve espejismos&#8230; Aconsejado  por su psicoanalista, decidir\u00e1 embarcarse en un viaje en busca de  respuestas.<\/span><\/p>\n","protected":false},"excerpt":{"rendered":"<p>Buenos Aires, 1930. Ricardo Vacarezza, un rico hacendado argentino, vive obsesionado por un sue\u00f1o recurrente. En \u00e9l, se le aparece siempre la misma mujer, una joven que le dirige palabras de amor y le llama a su lado. El escenario es siempre el mismo: una peque\u00f1a isla en la que se intuyen unos yacimientos arqueol\u00f3gicos. [&hellip;]<\/p>\n","protected":false},"featured_media":3777,"template":"","meta":[],"product_brand":[323],"product_cat":[29],"product_tag":[],"class_list":{"0":"post-3776","1":"product","2":"type-product","3":"status-publish","4":"has-post-thumbnail","6":"product_brand-gilbert-sinoue","7":"product_cat-novela","9":"first","10":"instock","11":"purchasable","12":"product-type-simple"},"featured_image_urls_v2":{"full":["https:\/\/ajupe.com.uy\/web\/wp-content\/uploads\/2016\/04\/p-3776-La_mujer_del_sue_4e8103ba9bc0c.jpg",144,217,false],"thumbnail":["https:\/\/ajupe.com.uy\/web\/wp-content\/uploads\/2016\/04\/p-3776-La_mujer_del_sue_4e8103ba9bc0c.jpg",150,150,true],"medium":["https:\/\/ajupe.com.uy\/web\/wp-content\/uploads\/2016\/04\/p-3776-La_mujer_del_sue_4e8103ba9bc0c.jpg",300,214,true],"medium_large":["https:\/\/ajupe.com.uy\/web\/wp-content\/uploads\/2016\/04\/p-3776-La_mujer_del_sue_4e8103ba9bc0c.jpg",144,217,false],"large":["https:\/\/ajupe.com.uy\/web\/wp-content\/uploads\/2016\/04\/p-3776-La_mujer_del_sue_4e8103ba9bc0c.jpg",144,217,false],"1536x1536":["https:\/\/ajupe.com.uy\/web\/wp-content\/uploads\/2016\/04\/p-3776-La_mujer_del_sue_4e8103ba9bc0c.jpg",144,217,false],"2048x2048":["https:\/\/ajupe.com.uy\/web\/wp-content\/uploads\/2016\/04\/p-3776-La_mujer_del_sue_4e8103ba9bc0c.jpg",144,217,false],"woocommerce_archive_thumbnail":["https:\/\/ajupe.com.uy\/web\/wp-content\/uploads\/2016\/04\/p-3776-La_mujer_del_sue_4e8103ba9bc0c.jpg",144,217,false],"woocommerce_thumbnail":["https:\/\/ajupe.com.uy\/web\/wp-content\/uploads\/2016\/04\/p-3776-La_mujer_del_sue_4e8103ba9bc0c.jpg",144,217,false],"woocommerce_single":["https:\/\/ajupe.com.uy\/web\/wp-content\/uploads\/2016\/04\/p-3776-La_mujer_del_sue_4e8103ba9bc0c.jpg",144,217,false],"woocommerce_gallery_thumbnail":["https:\/\/ajupe.com.uy\/web\/wp-content\/uploads\/2016\/04\/p-3776-La_mujer_del_sue_4e8103ba9bc0c-100x100.jpg",100,100,true]},"post_excerpt_stackable_v2":"<p>Buenos Aires, 1930. Ricardo Vacarezza, un rico hacendado argentino, vive obsesionado por un sue\u00f1o recurrente. En \u00e9l, se le aparece siempre la misma mujer, una joven que le dirige palabras de amor y le llama a su lado. El escenario es siempre el mismo: una peque\u00f1a isla en la que se intuyen unos yacimientos arqueol\u00f3gicos. Adem\u00e1s, la prometida de Ricardo dice que \u00e9ste habla en sue\u00f1os en una lengua extra\u00f1a. \u00c9l no le da m\u00e1s importancia al asunto. Un d\u00eda, sin embargo, un anciano indio se le acerca para decirle que ha reconocido en \u00e9l a un cham\u00e1n. Ricardo vive&hellip;<\/p>\n","category_list_v2":"","author_info_v2":{"name":"","url":""},"comments_num_v2":"0 comentarios","_links":{"self":[{"href":"https:\/\/ajupe.com.uy\/web\/wp-json\/wp\/v2\/product\/3776","targetHints":{"allow":["GET"]}}],"collection":[{"href":"https:\/\/ajupe.com.uy\/web\/wp-json\/wp\/v2\/product"}],"about":[{"href":"https:\/\/ajupe.com.uy\/web\/wp-json\/wp\/v2\/types\/product"}],"wp:featuredmedia":[{"embeddable":true,"href":"https:\/\/ajupe.com.uy\/web\/wp-json\/wp\/v2\/media\/3777"}],"wp:attachment":[{"href":"https:\/\/ajupe.com.uy\/web\/wp-json\/wp\/v2\/media?parent=3776"}],"wp:term":[{"taxonomy":"product_brand","embeddable":true,"href":"https:\/\/ajupe.com.uy\/web\/wp-json\/wp\/v2\/product_brand?post=3776"},{"taxonomy":"product_cat","embeddable":true,"href":"https:\/\/ajupe.com.uy\/web\/wp-json\/wp\/v2\/product_cat?post=3776"},{"taxonomy":"product_tag","embeddable":true,"href":"https:\/\/ajupe.com.uy\/web\/wp-json\/wp\/v2\/product_tag?post=3776"}],"curies":[{"name":"wp","href":"https:\/\/api.w.org\/{rel}","templated":true}]}}