{"id":3785,"date":"2011-09-27T17:31:34","date_gmt":"2011-09-27T20:31:34","guid":{"rendered":"http:\/\/ajupe.com.uy\/web\/?post_type=product&#038;p=3785"},"modified":"2011-09-27T17:31:34","modified_gmt":"2011-09-27T20:31:34","slug":"almas-paganas-2","status":"publish","type":"product","link":"https:\/\/ajupe.com.uy\/web\/biblioteca\/almas-paganas-2\/","title":{"rendered":"Almas paganas"},"content":{"rendered":"<p>Terry Dunn no es un cura cualquiera. Su parroquia est\u00e1 en los  territorios en guerra en Ruanda. Tiene un pasado turbio y un futuro  incierto, pues debe volver a su Detroit natal, de donde huy\u00f3 por  problemas con la justicia. Sus intenciones actuales son recaudar dinero  para los ni\u00f1os hu\u00e9rfanos de Ruanda. Y est\u00e1 dispuesto a todo por esta  causa, incluso a enfrentarse a la mafia m\u00e1s peligrosa de la ciudad.<br \/> Tampoco puede decirse que Debbie Dewey sea una chica convencional. Ex  convicta y aspirante a artista, tambi\u00e9n est\u00e1 embarcada en una misi\u00f3n:  vengarse del tipo que le tim\u00f3 67.000 d\u00f3lares y por cuya culpa acab\u00f3 en  prisi\u00f3n. Quiz\u00e1 trabajando a la par, el padre Terry y Debbie consigan  cumplir sus prop\u00f3sitos&#8230; y a la vez pasar un buen rato.&#8217;El maestro de  la novela negra&#8217;.<\/p>\n","protected":false},"excerpt":{"rendered":"<p>Terry Dunn no es un cura cualquiera. Su parroquia est\u00e1 en los territorios en guerra en Ruanda. Tiene un pasado turbio y un futuro incierto, pues debe volver a su Detroit natal, de donde huy\u00f3 por problemas con la justicia. Sus intenciones actuales son recaudar dinero para los ni\u00f1os hu\u00e9rfanos de Ruanda. Y est\u00e1 dispuesto [&hellip;]<\/p>\n","protected":false},"featured_media":3786,"template":"","meta":[],"product_brand":[639],"product_cat":[29],"product_tag":[],"class_list":{"0":"post-3785","1":"product","2":"type-product","3":"status-publish","4":"has-post-thumbnail","6":"product_brand-elmore-leonard","7":"product_cat-novela","9":"first","10":"instock","11":"purchasable","12":"product-type-simple"},"featured_image_urls_v2":{"full":["https:\/\/ajupe.com.uy\/web\/wp-content\/uploads\/2016\/04\/p-3785-Almas_paganas_4e820876ae6b3.gif",100,150,false],"thumbnail":["https:\/\/ajupe.com.uy\/web\/wp-content\/uploads\/2016\/04\/p-3785-Almas_paganas_4e820876ae6b3.gif",150,150,true],"medium":["https:\/\/ajupe.com.uy\/web\/wp-content\/uploads\/2016\/04\/p-3785-Almas_paganas_4e820876ae6b3.gif",300,214,true],"medium_large":["https:\/\/ajupe.com.uy\/web\/wp-content\/uploads\/2016\/04\/p-3785-Almas_paganas_4e820876ae6b3.gif",100,150,false],"large":["https:\/\/ajupe.com.uy\/web\/wp-content\/uploads\/2016\/04\/p-3785-Almas_paganas_4e820876ae6b3.gif",100,150,false],"1536x1536":["https:\/\/ajupe.com.uy\/web\/wp-content\/uploads\/2016\/04\/p-3785-Almas_paganas_4e820876ae6b3.gif",100,150,false],"2048x2048":["https:\/\/ajupe.com.uy\/web\/wp-content\/uploads\/2016\/04\/p-3785-Almas_paganas_4e820876ae6b3.gif",100,150,false],"woocommerce_archive_thumbnail":["https:\/\/ajupe.com.uy\/web\/wp-content\/uploads\/2016\/04\/p-3785-Almas_paganas_4e820876ae6b3.gif",100,150,false],"woocommerce_thumbnail":["https:\/\/ajupe.com.uy\/web\/wp-content\/uploads\/2016\/04\/p-3785-Almas_paganas_4e820876ae6b3.gif",100,150,false],"woocommerce_single":["https:\/\/ajupe.com.uy\/web\/wp-content\/uploads\/2016\/04\/p-3785-Almas_paganas_4e820876ae6b3.gif",100,150,false],"woocommerce_gallery_thumbnail":["https:\/\/ajupe.com.uy\/web\/wp-content\/uploads\/2016\/04\/p-3785-Almas_paganas_4e820876ae6b3-100x100.gif",100,100,true]},"post_excerpt_stackable_v2":"<p>Terry Dunn no es un cura cualquiera. Su parroquia est\u00e1 en los territorios en guerra en Ruanda. Tiene un pasado turbio y un futuro incierto, pues debe volver a su Detroit natal, de donde huy\u00f3 por problemas con la justicia. Sus intenciones actuales son recaudar dinero para los ni\u00f1os hu\u00e9rfanos de Ruanda. Y est\u00e1 dispuesto a todo por esta causa, incluso a enfrentarse a la mafia m\u00e1s peligrosa de la ciudad. Tampoco puede decirse que Debbie Dewey sea una chica convencional. Ex convicta y aspirante a artista, tambi\u00e9n est\u00e1 embarcada en una misi\u00f3n: vengarse del tipo que le tim\u00f3 67.000&hellip;<\/p>\n","category_list_v2":"","author_info_v2":{"name":"","url":""},"comments_num_v2":"0 comentarios","_links":{"self":[{"href":"https:\/\/ajupe.com.uy\/web\/wp-json\/wp\/v2\/product\/3785","targetHints":{"allow":["GET"]}}],"collection":[{"href":"https:\/\/ajupe.com.uy\/web\/wp-json\/wp\/v2\/product"}],"about":[{"href":"https:\/\/ajupe.com.uy\/web\/wp-json\/wp\/v2\/types\/product"}],"wp:featuredmedia":[{"embeddable":true,"href":"https:\/\/ajupe.com.uy\/web\/wp-json\/wp\/v2\/media\/3786"}],"wp:attachment":[{"href":"https:\/\/ajupe.com.uy\/web\/wp-json\/wp\/v2\/media?parent=3785"}],"wp:term":[{"taxonomy":"product_brand","embeddable":true,"href":"https:\/\/ajupe.com.uy\/web\/wp-json\/wp\/v2\/product_brand?post=3785"},{"taxonomy":"product_cat","embeddable":true,"href":"https:\/\/ajupe.com.uy\/web\/wp-json\/wp\/v2\/product_cat?post=3785"},{"taxonomy":"product_tag","embeddable":true,"href":"https:\/\/ajupe.com.uy\/web\/wp-json\/wp\/v2\/product_tag?post=3785"}],"curies":[{"name":"wp","href":"https:\/\/api.w.org\/{rel}","templated":true}]}}