{"id":3794,"date":"2011-09-27T18:01:16","date_gmt":"2011-09-27T21:01:16","guid":{"rendered":"http:\/\/ajupe.com.uy\/web\/?post_type=product&#038;p=3794"},"modified":"2011-09-27T18:01:16","modified_gmt":"2011-09-27T21:01:16","slug":"el-camino-de-la-felicidad-2","status":"publish","type":"product","link":"https:\/\/ajupe.com.uy\/web\/biblioteca\/el-camino-de-la-felicidad-2\/","title":{"rendered":"El camino de la felicidad"},"content":{"rendered":"<p>Cuarta y \u00faltima entrega de la serie Los cuatro caminos. El que ahora nos  ocupa es el camino de la contemplaci\u00f3n y la b\u00fasqueda del sentido de la  vida. Puede que esta sea la senda m\u00e1s compleja de las que hasta ahora se  han propuesto, pues no hay una sola, y ser o no felices depende, sobre  todas las cosas, de nosotros mismos. Con su habitual estilo, ameno y  esclarecedor, Bucay entreteje historias y an\u00e9cdotas de las que se  desprenden reflexiones fundamentales sobre la b\u00fasqueda de la escurridiza  felicidad, como que ser feliz no significa estar disfrutando a todas  horas, sino vivir la serenidad que produce estar en el buen camino, o  que no podemos andar culpando de nuestra felicidad a los dem\u00e1s. Y es que  los retos que plantea la vida siempre nos brindan la oportunidad de  aprender y de superarnos, de avanzar en el camino hacia la felicidad.<\/p>\n","protected":false},"excerpt":{"rendered":"<p>Cuarta y \u00faltima entrega de la serie Los cuatro caminos. El que ahora nos ocupa es el camino de la contemplaci\u00f3n y la b\u00fasqueda del sentido de la vida. Puede que esta sea la senda m\u00e1s compleja de las que hasta ahora se han propuesto, pues no hay una sola, y ser o no felices [&hellip;]<\/p>\n","protected":false},"featured_media":3795,"template":"","meta":[],"product_brand":[276],"product_cat":[32],"product_tag":[],"class_list":{"0":"post-3794","1":"product","2":"type-product","3":"status-publish","4":"has-post-thumbnail","6":"product_brand-jorge-bucay","7":"product_cat-autoayuda","9":"first","10":"instock","11":"purchasable","12":"product-type-simple"},"featured_image_urls_v2":{"full":["https:\/\/ajupe.com.uy\/web\/wp-content\/uploads\/2016\/04\/p-3794-El_camino_de_la__4e820f6cd1428.jpg",244,349,false],"thumbnail":["https:\/\/ajupe.com.uy\/web\/wp-content\/uploads\/2016\/04\/p-3794-El_camino_de_la__4e820f6cd1428.jpg",150,150,true],"medium":["https:\/\/ajupe.com.uy\/web\/wp-content\/uploads\/2016\/04\/p-3794-El_camino_de_la__4e820f6cd1428.jpg",300,214,true],"medium_large":["https:\/\/ajupe.com.uy\/web\/wp-content\/uploads\/2016\/04\/p-3794-El_camino_de_la__4e820f6cd1428.jpg",244,349,false],"large":["https:\/\/ajupe.com.uy\/web\/wp-content\/uploads\/2016\/04\/p-3794-El_camino_de_la__4e820f6cd1428.jpg",244,349,false],"1536x1536":["https:\/\/ajupe.com.uy\/web\/wp-content\/uploads\/2016\/04\/p-3794-El_camino_de_la__4e820f6cd1428.jpg",244,349,false],"2048x2048":["https:\/\/ajupe.com.uy\/web\/wp-content\/uploads\/2016\/04\/p-3794-El_camino_de_la__4e820f6cd1428.jpg",244,349,false],"woocommerce_archive_thumbnail":["https:\/\/ajupe.com.uy\/web\/wp-content\/uploads\/2016\/04\/p-3794-El_camino_de_la__4e820f6cd1428-244x300.jpg",244,300,true],"woocommerce_thumbnail":["https:\/\/ajupe.com.uy\/web\/wp-content\/uploads\/2016\/04\/p-3794-El_camino_de_la__4e820f6cd1428-244x300.jpg",244,300,true],"woocommerce_single":["https:\/\/ajupe.com.uy\/web\/wp-content\/uploads\/2016\/04\/p-3794-El_camino_de_la__4e820f6cd1428.jpg",244,349,false],"woocommerce_gallery_thumbnail":["https:\/\/ajupe.com.uy\/web\/wp-content\/uploads\/2016\/04\/p-3794-El_camino_de_la__4e820f6cd1428-100x100.jpg",100,100,true]},"post_excerpt_stackable_v2":"<p>Cuarta y \u00faltima entrega de la serie Los cuatro caminos. El que ahora nos ocupa es el camino de la contemplaci\u00f3n y la b\u00fasqueda del sentido de la vida. Puede que esta sea la senda m\u00e1s compleja de las que hasta ahora se han propuesto, pues no hay una sola, y ser o no felices depende, sobre todas las cosas, de nosotros mismos. Con su habitual estilo, ameno y esclarecedor, Bucay entreteje historias y an\u00e9cdotas de las que se desprenden reflexiones fundamentales sobre la b\u00fasqueda de la escurridiza felicidad, como que ser feliz no significa estar disfrutando a todas horas,&hellip;<\/p>\n","category_list_v2":"","author_info_v2":{"name":"","url":""},"comments_num_v2":"0 comentarios","_links":{"self":[{"href":"https:\/\/ajupe.com.uy\/web\/wp-json\/wp\/v2\/product\/3794","targetHints":{"allow":["GET"]}}],"collection":[{"href":"https:\/\/ajupe.com.uy\/web\/wp-json\/wp\/v2\/product"}],"about":[{"href":"https:\/\/ajupe.com.uy\/web\/wp-json\/wp\/v2\/types\/product"}],"wp:featuredmedia":[{"embeddable":true,"href":"https:\/\/ajupe.com.uy\/web\/wp-json\/wp\/v2\/media\/3795"}],"wp:attachment":[{"href":"https:\/\/ajupe.com.uy\/web\/wp-json\/wp\/v2\/media?parent=3794"}],"wp:term":[{"taxonomy":"product_brand","embeddable":true,"href":"https:\/\/ajupe.com.uy\/web\/wp-json\/wp\/v2\/product_brand?post=3794"},{"taxonomy":"product_cat","embeddable":true,"href":"https:\/\/ajupe.com.uy\/web\/wp-json\/wp\/v2\/product_cat?post=3794"},{"taxonomy":"product_tag","embeddable":true,"href":"https:\/\/ajupe.com.uy\/web\/wp-json\/wp\/v2\/product_tag?post=3794"}],"curies":[{"name":"wp","href":"https:\/\/api.w.org\/{rel}","templated":true}]}}