{"id":3806,"date":"2011-09-27T19:20:15","date_gmt":"2011-09-27T22:20:15","guid":{"rendered":"http:\/\/ajupe.com.uy\/web\/?post_type=product&#038;p=3806"},"modified":"2011-09-28T19:29:23","modified_gmt":"2011-09-28T22:29:23","slug":"el-sentido-de-las-cosas","status":"publish","type":"product","link":"https:\/\/ajupe.com.uy\/web\/biblioteca\/el-sentido-de-las-cosas\/","title":{"rendered":"El sentido de las cosas"},"content":{"rendered":"<p><span id=\"ctl00_ContentPlaceHolder1_lblResena\">\u00abUna persona que no  reflexiona sobre la vida es como un extranjero sin mapa en una tierra  extra\u00f1a.\u00bb S\u00f3crates dec\u00eda que una vida -desconsiderada- no merece ser vivida. Una  vida -considerada- es aquella enriquecida por el pensar en las cosas que  importan: valores, objetivos, la sociedad, el sentido de nuestros actos  y de nuestro devenir. Reflexionar filos\u00f3ficamente sobre los dilemas de la existencia, m\u00e1s que  una tarea ardua y para pocos, puede ser una aventura fascinante y  accesible para cualquier persona. Este libro es una miscel\u00e1nea nacida de  las observaciones del autor sobre la vida cotidiana y la condici\u00f3n  humana. Cuestiones como el amor, la pobreza, la educaci\u00f3n, el arte y el  racismo son expuestas en forma de peque\u00f1os ensayos, claros y  penetrantes, que pueden leerse por separado pero guardan una \u00edntima  coherencia entre s\u00ed.  Anthony C. Grayling no se propone persuadir al lector de que acepte una  teor\u00eda filos\u00f3fica en particular, sino ayudarlo a considerar el  maravilloso abanico de posibilidades que se derivan de la historia del  pensamiento universal y de su propia capacidad de reflexi\u00f3n.  Anthony C. Grayling es fil\u00f3sofo, escritor y periodista. El sentido de  las cosas re\u00fane una colecci\u00f3n de ensayos breves que escribi\u00f3 durante  a\u00f1os para el peri\u00f3dico The Guardian en una columna titulada \u00abLast Word\u00bb.  Es autor de varios libros, entre otros Meditations for the Humanist:  Ethics for a Secular Age, The Reason of Things, Moral Values, y sendas  introducciones al pensamiento de Wittgenstein y Russell. <\/span><\/p>\n","protected":false},"excerpt":{"rendered":"<p>\u00abUna persona que no reflexiona sobre la vida es como un extranjero sin mapa en una tierra extra\u00f1a.\u00bb S\u00f3crates dec\u00eda que una vida -desconsiderada- no merece ser vivida. Una vida -considerada- es aquella enriquecida por el pensar en las cosas que importan: valores, objetivos, la sociedad, el sentido de nuestros actos y de nuestro devenir. [&hellip;]<\/p>\n","protected":false},"featured_media":3807,"template":"","meta":[],"product_brand":[562],"product_cat":[32],"product_tag":[],"class_list":{"0":"post-3806","1":"product","2":"type-product","3":"status-publish","4":"has-post-thumbnail","6":"product_brand-anthony-grayling","7":"product_cat-autoayuda","9":"first","10":"instock","11":"purchasable","12":"product-type-simple"},"featured_image_urls_v2":{"full":["https:\/\/ajupe.com.uy\/web\/wp-content\/uploads\/2016\/04\/p-3806-El_sentido_de_la_4e8221ef03a14.jpg",120,184,false],"thumbnail":["https:\/\/ajupe.com.uy\/web\/wp-content\/uploads\/2016\/04\/p-3806-El_sentido_de_la_4e8221ef03a14.jpg",150,150,true],"medium":["https:\/\/ajupe.com.uy\/web\/wp-content\/uploads\/2016\/04\/p-3806-El_sentido_de_la_4e8221ef03a14.jpg",300,214,true],"medium_large":["https:\/\/ajupe.com.uy\/web\/wp-content\/uploads\/2016\/04\/p-3806-El_sentido_de_la_4e8221ef03a14.jpg",120,184,false],"large":["https:\/\/ajupe.com.uy\/web\/wp-content\/uploads\/2016\/04\/p-3806-El_sentido_de_la_4e8221ef03a14.jpg",120,184,false],"1536x1536":["https:\/\/ajupe.com.uy\/web\/wp-content\/uploads\/2016\/04\/p-3806-El_sentido_de_la_4e8221ef03a14.jpg",120,184,false],"2048x2048":["https:\/\/ajupe.com.uy\/web\/wp-content\/uploads\/2016\/04\/p-3806-El_sentido_de_la_4e8221ef03a14.jpg",120,184,false],"woocommerce_archive_thumbnail":["https:\/\/ajupe.com.uy\/web\/wp-content\/uploads\/2016\/04\/p-3806-El_sentido_de_la_4e8221ef03a14.jpg",120,184,false],"woocommerce_thumbnail":["https:\/\/ajupe.com.uy\/web\/wp-content\/uploads\/2016\/04\/p-3806-El_sentido_de_la_4e8221ef03a14.jpg",120,184,false],"woocommerce_single":["https:\/\/ajupe.com.uy\/web\/wp-content\/uploads\/2016\/04\/p-3806-El_sentido_de_la_4e8221ef03a14.jpg",120,184,false],"woocommerce_gallery_thumbnail":["https:\/\/ajupe.com.uy\/web\/wp-content\/uploads\/2016\/04\/p-3806-El_sentido_de_la_4e8221ef03a14-100x100.jpg",100,100,true]},"post_excerpt_stackable_v2":"<p>\u00abUna persona que no reflexiona sobre la vida es como un extranjero sin mapa en una tierra extra\u00f1a.\u00bb S\u00f3crates dec\u00eda que una vida -desconsiderada- no merece ser vivida. Una vida -considerada- es aquella enriquecida por el pensar en las cosas que importan: valores, objetivos, la sociedad, el sentido de nuestros actos y de nuestro devenir. Reflexionar filos\u00f3ficamente sobre los dilemas de la existencia, m\u00e1s que una tarea ardua y para pocos, puede ser una aventura fascinante y accesible para cualquier persona. Este libro es una miscel\u00e1nea nacida de las observaciones del autor sobre la vida cotidiana y la condici\u00f3n humana.&hellip;<\/p>\n","category_list_v2":"","author_info_v2":{"name":"","url":""},"comments_num_v2":"0 comentarios","_links":{"self":[{"href":"https:\/\/ajupe.com.uy\/web\/wp-json\/wp\/v2\/product\/3806","targetHints":{"allow":["GET"]}}],"collection":[{"href":"https:\/\/ajupe.com.uy\/web\/wp-json\/wp\/v2\/product"}],"about":[{"href":"https:\/\/ajupe.com.uy\/web\/wp-json\/wp\/v2\/types\/product"}],"wp:featuredmedia":[{"embeddable":true,"href":"https:\/\/ajupe.com.uy\/web\/wp-json\/wp\/v2\/media\/3807"}],"wp:attachment":[{"href":"https:\/\/ajupe.com.uy\/web\/wp-json\/wp\/v2\/media?parent=3806"}],"wp:term":[{"taxonomy":"product_brand","embeddable":true,"href":"https:\/\/ajupe.com.uy\/web\/wp-json\/wp\/v2\/product_brand?post=3806"},{"taxonomy":"product_cat","embeddable":true,"href":"https:\/\/ajupe.com.uy\/web\/wp-json\/wp\/v2\/product_cat?post=3806"},{"taxonomy":"product_tag","embeddable":true,"href":"https:\/\/ajupe.com.uy\/web\/wp-json\/wp\/v2\/product_tag?post=3806"}],"curies":[{"name":"wp","href":"https:\/\/api.w.org\/{rel}","templated":true}]}}