{"id":3812,"date":"2011-09-27T19:30:43","date_gmt":"2011-09-27T22:30:43","guid":{"rendered":"http:\/\/ajupe.com.uy\/web\/?post_type=product&#038;p=3812"},"modified":"2011-09-28T19:32:19","modified_gmt":"2011-09-28T22:32:19","slug":"la-bella-otero","status":"publish","type":"product","link":"https:\/\/ajupe.com.uy\/web\/biblioteca\/la-bella-otero\/","title":{"rendered":"La bella Otero"},"content":{"rendered":"<p>Carolina Otero, la Bella recupera un pasado que la convirti\u00f3 en mito. La  mujer m\u00e1s deseada por los hombres y la m\u00e1s odiada por las mujeres,  lud\u00f3pata y derrochadora, muri\u00f3 en la ruina.<\/p>\n<p> Nueva presentaci\u00f3n de esta obra. Carolina Otero, la Bella recupera un  pasado que la convirti\u00f3 en mito. La mujer m\u00e1s deseada por los hombres y  la m\u00e1s odiada por las mujeres, lud\u00f3pata y derrochadora, muri\u00f3 en la  ruina.<\/p>\n","protected":false},"excerpt":{"rendered":"<p>Carolina Otero, la Bella recupera un pasado que la convirti\u00f3 en mito. La mujer m\u00e1s deseada por los hombres y la m\u00e1s odiada por las mujeres, lud\u00f3pata y derrochadora, muri\u00f3 en la ruina. Nueva presentaci\u00f3n de esta obra. Carolina Otero, la Bella recupera un pasado que la convirti\u00f3 en mito. La mujer m\u00e1s deseada por [&hellip;]<\/p>\n","protected":false},"featured_media":3813,"template":"","meta":[],"product_brand":[130],"product_cat":[44],"product_tag":[],"class_list":{"0":"post-3812","1":"product","2":"type-product","3":"status-publish","4":"has-post-thumbnail","6":"product_brand-carmen-posadas","7":"product_cat-biografico","9":"first","10":"instock","11":"purchasable","12":"product-type-simple"},"featured_image_urls_v2":{"full":["https:\/\/ajupe.com.uy\/web\/wp-content\/uploads\/2016\/04\/p-3812-La_bella_Otero_4e82247a2f60f.jpg",550,828,false],"thumbnail":["https:\/\/ajupe.com.uy\/web\/wp-content\/uploads\/2016\/04\/p-3812-La_bella_Otero_4e82247a2f60f.jpg",150,150,true],"medium":["https:\/\/ajupe.com.uy\/web\/wp-content\/uploads\/2016\/04\/p-3812-La_bella_Otero_4e82247a2f60f.jpg",300,214,true],"medium_large":["https:\/\/ajupe.com.uy\/web\/wp-content\/uploads\/2016\/04\/p-3812-La_bella_Otero_4e82247a2f60f.jpg",550,828,false],"large":["https:\/\/ajupe.com.uy\/web\/wp-content\/uploads\/2016\/04\/p-3812-La_bella_Otero_4e82247a2f60f.jpg",550,828,false],"1536x1536":["https:\/\/ajupe.com.uy\/web\/wp-content\/uploads\/2016\/04\/p-3812-La_bella_Otero_4e82247a2f60f.jpg",550,828,false],"2048x2048":["https:\/\/ajupe.com.uy\/web\/wp-content\/uploads\/2016\/04\/p-3812-La_bella_Otero_4e82247a2f60f.jpg",550,828,false],"woocommerce_archive_thumbnail":["https:\/\/ajupe.com.uy\/web\/wp-content\/uploads\/2016\/04\/p-3812-La_bella_Otero_4e82247a2f60f-300x450.jpg",300,450,true],"woocommerce_thumbnail":["https:\/\/ajupe.com.uy\/web\/wp-content\/uploads\/2016\/04\/p-3812-La_bella_Otero_4e82247a2f60f-300x300.jpg",300,300,true],"woocommerce_single":["https:\/\/ajupe.com.uy\/web\/wp-content\/uploads\/2016\/04\/p-3812-La_bella_Otero_4e82247a2f60f-300x452.jpg",300,452,true],"woocommerce_gallery_thumbnail":["https:\/\/ajupe.com.uy\/web\/wp-content\/uploads\/2016\/04\/p-3812-La_bella_Otero_4e82247a2f60f-100x100.jpg",100,100,true]},"post_excerpt_stackable_v2":"<p>Carolina Otero, la Bella recupera un pasado que la convirti\u00f3 en mito. La mujer m\u00e1s deseada por los hombres y la m\u00e1s odiada por las mujeres, lud\u00f3pata y derrochadora, muri\u00f3 en la ruina. Nueva presentaci\u00f3n de esta obra. Carolina Otero, la Bella recupera un pasado que la convirti\u00f3 en mito. La mujer m\u00e1s deseada por los hombres y la m\u00e1s odiada por las mujeres, lud\u00f3pata y derrochadora, muri\u00f3 en la ruina.<\/p>\n","category_list_v2":"","author_info_v2":{"name":"","url":""},"comments_num_v2":"0 comentarios","_links":{"self":[{"href":"https:\/\/ajupe.com.uy\/web\/wp-json\/wp\/v2\/product\/3812","targetHints":{"allow":["GET"]}}],"collection":[{"href":"https:\/\/ajupe.com.uy\/web\/wp-json\/wp\/v2\/product"}],"about":[{"href":"https:\/\/ajupe.com.uy\/web\/wp-json\/wp\/v2\/types\/product"}],"wp:featuredmedia":[{"embeddable":true,"href":"https:\/\/ajupe.com.uy\/web\/wp-json\/wp\/v2\/media\/3813"}],"wp:attachment":[{"href":"https:\/\/ajupe.com.uy\/web\/wp-json\/wp\/v2\/media?parent=3812"}],"wp:term":[{"taxonomy":"product_brand","embeddable":true,"href":"https:\/\/ajupe.com.uy\/web\/wp-json\/wp\/v2\/product_brand?post=3812"},{"taxonomy":"product_cat","embeddable":true,"href":"https:\/\/ajupe.com.uy\/web\/wp-json\/wp\/v2\/product_cat?post=3812"},{"taxonomy":"product_tag","embeddable":true,"href":"https:\/\/ajupe.com.uy\/web\/wp-json\/wp\/v2\/product_tag?post=3812"}],"curies":[{"name":"wp","href":"https:\/\/api.w.org\/{rel}","templated":true}]}}