{"id":3827,"date":"2011-09-27T20:09:24","date_gmt":"2011-09-27T23:09:24","guid":{"rendered":"http:\/\/ajupe.com.uy\/web\/?post_type=product&#038;p=3827"},"modified":"2011-09-27T20:09:24","modified_gmt":"2011-09-27T23:09:24","slug":"peligro-inminente-2","status":"publish","type":"product","link":"https:\/\/ajupe.com.uy\/web\/biblioteca\/peligro-inminente-2\/","title":{"rendered":"Peligro inminente"},"content":{"rendered":"<p>Peligro Inminente es un libro record. A los pocos meses de su  publicaci\u00f3n en Estados Unidos, se convirti\u00f3 en el libro m\u00e1s vendido de  toda la d\u00e9cada en su pa\u00eds. Clancy lo escribi\u00f3 en 1989 y fue llevado al  cine en 1994, con Harrison Ford como Ryan y Willeme Dador como Clark.  <br \/>Peligro Inminente es una novela que gira sobre un eje central: la  guerra contra el narcotr\u00e1fico en Colombia de parte de Estados Unidos,  que considera al narcotr\u00e1fico un tema de seguridad nacional. Ocuparse de  ello es una de las mayores promesas hechas por el presidente en la  campa\u00f1a electoral y, a un a\u00f1o de las elecciones es primordial mostrar  hechos. De este eje central, se desprenden otras `aletas del molino` que  van a ocuparse de garantizar la seguridad del pueblo: prioridad n\u00famero  uno. As\u00ed entran en juego la CIA, el FBI y las Fuerzas Armadas, con todos  los vericuetos pol\u00edticos, secretos, y hasta clandestinos que conllevan  las acciones, donde un engranaje mueve a otro y todos o casi todos  luchan por un escal\u00f3n m\u00e1s alto en su carrera, meta que algunos anteponen  al deber, al servir a la patria, al honor y hasta la ley.<\/p>\n","protected":false},"excerpt":{"rendered":"<p>Peligro Inminente es un libro record. A los pocos meses de su publicaci\u00f3n en Estados Unidos, se convirti\u00f3 en el libro m\u00e1s vendido de toda la d\u00e9cada en su pa\u00eds. Clancy lo escribi\u00f3 en 1989 y fue llevado al cine en 1994, con Harrison Ford como Ryan y Willeme Dador como Clark. Peligro Inminente es [&hellip;]<\/p>\n","protected":false},"featured_media":3828,"template":"","meta":[],"product_brand":[95],"product_cat":[29],"product_tag":[],"class_list":{"0":"post-3827","1":"product","2":"type-product","3":"status-publish","4":"has-post-thumbnail","6":"product_brand-tom-clancy","7":"product_cat-novela","9":"first","10":"instock","11":"purchasable","12":"product-type-simple"},"featured_image_urls_v2":{"full":["https:\/\/ajupe.com.uy\/web\/wp-content\/uploads\/2016\/04\/p-3827-Peligro_inminent_4e822d745abf1.jpg",320,320,false],"thumbnail":["https:\/\/ajupe.com.uy\/web\/wp-content\/uploads\/2016\/04\/p-3827-Peligro_inminent_4e822d745abf1.jpg",150,150,true],"medium":["https:\/\/ajupe.com.uy\/web\/wp-content\/uploads\/2016\/04\/p-3827-Peligro_inminent_4e822d745abf1.jpg",300,214,true],"medium_large":["https:\/\/ajupe.com.uy\/web\/wp-content\/uploads\/2016\/04\/p-3827-Peligro_inminent_4e822d745abf1.jpg",320,320,false],"large":["https:\/\/ajupe.com.uy\/web\/wp-content\/uploads\/2016\/04\/p-3827-Peligro_inminent_4e822d745abf1.jpg",320,320,false],"1536x1536":["https:\/\/ajupe.com.uy\/web\/wp-content\/uploads\/2016\/04\/p-3827-Peligro_inminent_4e822d745abf1.jpg",320,320,false],"2048x2048":["https:\/\/ajupe.com.uy\/web\/wp-content\/uploads\/2016\/04\/p-3827-Peligro_inminent_4e822d745abf1.jpg",320,320,false],"woocommerce_archive_thumbnail":["https:\/\/ajupe.com.uy\/web\/wp-content\/uploads\/2016\/04\/p-3827-Peligro_inminent_4e822d745abf1-300x320.jpg",300,320,true],"woocommerce_thumbnail":["https:\/\/ajupe.com.uy\/web\/wp-content\/uploads\/2016\/04\/p-3827-Peligro_inminent_4e822d745abf1-300x300.jpg",300,300,true],"woocommerce_single":["https:\/\/ajupe.com.uy\/web\/wp-content\/uploads\/2016\/04\/p-3827-Peligro_inminent_4e822d745abf1-300x300.jpg",300,300,true],"woocommerce_gallery_thumbnail":["https:\/\/ajupe.com.uy\/web\/wp-content\/uploads\/2016\/04\/p-3827-Peligro_inminent_4e822d745abf1-100x100.jpg",100,100,true]},"post_excerpt_stackable_v2":"<p>Peligro Inminente es un libro record. A los pocos meses de su publicaci\u00f3n en Estados Unidos, se convirti\u00f3 en el libro m\u00e1s vendido de toda la d\u00e9cada en su pa\u00eds. Clancy lo escribi\u00f3 en 1989 y fue llevado al cine en 1994, con Harrison Ford como Ryan y Willeme Dador como Clark. Peligro Inminente es una novela que gira sobre un eje central: la guerra contra el narcotr\u00e1fico en Colombia de parte de Estados Unidos, que considera al narcotr\u00e1fico un tema de seguridad nacional. Ocuparse de ello es una de las mayores promesas hechas por el presidente en la campa\u00f1a&hellip;<\/p>\n","category_list_v2":"","author_info_v2":{"name":"","url":""},"comments_num_v2":"0 comentarios","_links":{"self":[{"href":"https:\/\/ajupe.com.uy\/web\/wp-json\/wp\/v2\/product\/3827","targetHints":{"allow":["GET"]}}],"collection":[{"href":"https:\/\/ajupe.com.uy\/web\/wp-json\/wp\/v2\/product"}],"about":[{"href":"https:\/\/ajupe.com.uy\/web\/wp-json\/wp\/v2\/types\/product"}],"wp:featuredmedia":[{"embeddable":true,"href":"https:\/\/ajupe.com.uy\/web\/wp-json\/wp\/v2\/media\/3828"}],"wp:attachment":[{"href":"https:\/\/ajupe.com.uy\/web\/wp-json\/wp\/v2\/media?parent=3827"}],"wp:term":[{"taxonomy":"product_brand","embeddable":true,"href":"https:\/\/ajupe.com.uy\/web\/wp-json\/wp\/v2\/product_brand?post=3827"},{"taxonomy":"product_cat","embeddable":true,"href":"https:\/\/ajupe.com.uy\/web\/wp-json\/wp\/v2\/product_cat?post=3827"},{"taxonomy":"product_tag","embeddable":true,"href":"https:\/\/ajupe.com.uy\/web\/wp-json\/wp\/v2\/product_tag?post=3827"}],"curies":[{"name":"wp","href":"https:\/\/api.w.org\/{rel}","templated":true}]}}