{"id":3842,"date":"2011-09-27T21:09:28","date_gmt":"2011-09-28T00:09:28","guid":{"rendered":"http:\/\/ajupe.com.uy\/web\/?post_type=product&#038;p=3842"},"modified":"2011-09-28T20:17:53","modified_gmt":"2011-09-28T23:17:53","slug":"una-muerte-sospechosa","status":"publish","type":"product","link":"https:\/\/ajupe.com.uy\/web\/biblioteca\/una-muerte-sospechosa\/","title":{"rendered":"Una muerte sospechosa"},"content":{"rendered":"<p>Las vidas de Sean King y Michelle Maxwell, ex agentes  secretos convertidos en investigadores privados, no atraviesan un buen  momento. Adem\u00e1s, Sean se ve forzado a aceptar en solitario una ingrata  investigaci\u00f3n: la sospechosa muerte de un cient\u00edfico en la comunidad que  se sit\u00faa frente a Camp Peary. Pronto descubren m\u00faltiples capas de  desinformaci\u00f3n que protegen un sensacional mundo de matem\u00e1ticos de  \u00e9lite, f\u00edsicos, h\u00e9roes de guerra, espias y agentes muertos. Y pronto  saben lo suficiente como para poner sus vidas en peligro&#8230; .<\/p>\n","protected":false},"excerpt":{"rendered":"<p>A tres horas de Washington, un r\u00edo fuertemente custodiado sirve de frontera entre dos instituciones clandestinas. Una de ellas es una inusual comunidad cient\u00edfica, cuyos objetivos y financiaci\u00f3n son un misterio. La otra es un campo de entrenamiento de eli<\/p>\n","protected":false},"featured_media":3843,"template":"","meta":[],"product_brand":[414],"product_cat":[30],"product_tag":[],"class_list":{"0":"post-3842","1":"product","2":"type-product","3":"status-publish","4":"has-post-thumbnail","6":"product_brand-david-baldacci","7":"product_cat-suspenso","9":"first","10":"instock","11":"purchasable","12":"product-type-simple"},"featured_image_urls_v2":{"full":["https:\/\/ajupe.com.uy\/web\/wp-content\/uploads\/2016\/04\/p-3842-Una_muerte_sospe_4e823b88a4496.jpg",596,926,false],"thumbnail":["https:\/\/ajupe.com.uy\/web\/wp-content\/uploads\/2016\/04\/p-3842-Una_muerte_sospe_4e823b88a4496.jpg",150,150,true],"medium":["https:\/\/ajupe.com.uy\/web\/wp-content\/uploads\/2016\/04\/p-3842-Una_muerte_sospe_4e823b88a4496.jpg",300,214,true],"medium_large":["https:\/\/ajupe.com.uy\/web\/wp-content\/uploads\/2016\/04\/p-3842-Una_muerte_sospe_4e823b88a4496.jpg",596,926,false],"large":["https:\/\/ajupe.com.uy\/web\/wp-content\/uploads\/2016\/04\/p-3842-Una_muerte_sospe_4e823b88a4496.jpg",596,926,false],"1536x1536":["https:\/\/ajupe.com.uy\/web\/wp-content\/uploads\/2016\/04\/p-3842-Una_muerte_sospe_4e823b88a4496.jpg",596,926,false],"2048x2048":["https:\/\/ajupe.com.uy\/web\/wp-content\/uploads\/2016\/04\/p-3842-Una_muerte_sospe_4e823b88a4496.jpg",596,926,false],"woocommerce_archive_thumbnail":["https:\/\/ajupe.com.uy\/web\/wp-content\/uploads\/2016\/04\/p-3842-Una_muerte_sospe_4e823b88a4496-300x450.jpg",300,450,true],"woocommerce_thumbnail":["https:\/\/ajupe.com.uy\/web\/wp-content\/uploads\/2016\/04\/p-3842-Una_muerte_sospe_4e823b88a4496-300x300.jpg",300,300,true],"woocommerce_single":["https:\/\/ajupe.com.uy\/web\/wp-content\/uploads\/2016\/04\/p-3842-Una_muerte_sospe_4e823b88a4496-300x466.jpg",300,466,true],"woocommerce_gallery_thumbnail":["https:\/\/ajupe.com.uy\/web\/wp-content\/uploads\/2016\/04\/p-3842-Una_muerte_sospe_4e823b88a4496-100x100.jpg",100,100,true]},"post_excerpt_stackable_v2":"<p>A tres horas de Washington, un r\u00edo fuertemente custodiado sirve de frontera entre dos instituciones clandestinas. Una de ellas es una inusual comunidad cient\u00edfica, cuyos objetivos y financiaci\u00f3n son un misterio. La otra es un campo de entrenamiento de eli<\/p>\n","category_list_v2":"","author_info_v2":{"name":"","url":""},"comments_num_v2":"0 comentarios","_links":{"self":[{"href":"https:\/\/ajupe.com.uy\/web\/wp-json\/wp\/v2\/product\/3842","targetHints":{"allow":["GET"]}}],"collection":[{"href":"https:\/\/ajupe.com.uy\/web\/wp-json\/wp\/v2\/product"}],"about":[{"href":"https:\/\/ajupe.com.uy\/web\/wp-json\/wp\/v2\/types\/product"}],"wp:featuredmedia":[{"embeddable":true,"href":"https:\/\/ajupe.com.uy\/web\/wp-json\/wp\/v2\/media\/3843"}],"wp:attachment":[{"href":"https:\/\/ajupe.com.uy\/web\/wp-json\/wp\/v2\/media?parent=3842"}],"wp:term":[{"taxonomy":"product_brand","embeddable":true,"href":"https:\/\/ajupe.com.uy\/web\/wp-json\/wp\/v2\/product_brand?post=3842"},{"taxonomy":"product_cat","embeddable":true,"href":"https:\/\/ajupe.com.uy\/web\/wp-json\/wp\/v2\/product_cat?post=3842"},{"taxonomy":"product_tag","embeddable":true,"href":"https:\/\/ajupe.com.uy\/web\/wp-json\/wp\/v2\/product_tag?post=3842"}],"curies":[{"name":"wp","href":"https:\/\/api.w.org\/{rel}","templated":true}]}}