{"id":3848,"date":"2011-09-27T21:21:38","date_gmt":"2011-09-28T00:21:38","guid":{"rendered":"http:\/\/ajupe.com.uy\/web\/?post_type=product&#038;p=3848"},"modified":"2011-09-28T20:14:38","modified_gmt":"2011-09-28T23:14:38","slug":"blaze","status":"publish","type":"product","link":"https:\/\/ajupe.com.uy\/web\/biblioteca\/blaze\/","title":{"rendered":"Blaze"},"content":{"rendered":"<p>Con la ayuda de un muerto, Blaze ha logrado perpetrar el crimen del siglo. <br \/> Clay Blaisdell, llamado Blaze por todos, mide dos metros y pesa ciento  treinta y seis kilos. Es un verdadero gigante. Sin embargo, hasta  conocer a George Rackley nunca hab\u00eda hecho nada grande. George le ense\u00f1\u00f3  cien maneras de estafar <br \/> a la gente e ide\u00f3 para \u00e9l un plan ambicioso: secuestrar a un ni\u00f1o rico. <br \/> La familia Gerard es multimillonaria y el nuevo reto\u00f1o del clan valdr\u00e1  muchos de estos millones. Solo hay un problema: cuando llega el momento  de ponerlo todo en marcha, George, el cerebro de la operaci\u00f3n (y de todo  lo que hacen), muere. <br \/> O quiz\u00e1 no. Por eso Blaze se encuentra  huyendo desesperado de una tormenta y de la polic\u00eda. Ha conseguido  raptar al beb\u00e9, pero el secuestro se ha convertido en una carrera  contrarreloj a <br \/> trav\u00e9s de los bosques infernales de Maine\u2026<\/p>\n","protected":false},"excerpt":{"rendered":"<p>Con la ayuda de un muerto, Blaze ha logrado perpetrar el crimen del siglo. Clay Blaisdell, llamado Blaze por todos, mide dos metros y pesa ciento treinta y seis kilos. Es un verdadero gigante. Sin embargo, hasta conocer a George Rackley nunca hab\u00eda hecho nada grande. George le ense\u00f1\u00f3 cien maneras de estafar a la [&hellip;]<\/p>\n","protected":false},"featured_media":3849,"template":"","meta":[],"product_brand":[115],"product_cat":[30,41],"product_tag":[],"class_list":{"0":"post-3848","1":"product","2":"type-product","3":"status-publish","4":"has-post-thumbnail","6":"product_brand-stephen-king","7":"product_cat-suspenso","8":"product_cat-terror","10":"first","11":"instock","12":"purchasable","13":"product-type-simple"},"featured_image_urls_v2":{"full":["https:\/\/ajupe.com.uy\/web\/wp-content\/uploads\/2016\/04\/p-3848-Blaze_4e823e627dee1.gif",312,487,false],"thumbnail":["https:\/\/ajupe.com.uy\/web\/wp-content\/uploads\/2016\/04\/p-3848-Blaze_4e823e627dee1.gif",150,150,true],"medium":["https:\/\/ajupe.com.uy\/web\/wp-content\/uploads\/2016\/04\/p-3848-Blaze_4e823e627dee1.gif",300,214,true],"medium_large":["https:\/\/ajupe.com.uy\/web\/wp-content\/uploads\/2016\/04\/p-3848-Blaze_4e823e627dee1.gif",312,487,false],"large":["https:\/\/ajupe.com.uy\/web\/wp-content\/uploads\/2016\/04\/p-3848-Blaze_4e823e627dee1.gif",312,487,false],"1536x1536":["https:\/\/ajupe.com.uy\/web\/wp-content\/uploads\/2016\/04\/p-3848-Blaze_4e823e627dee1.gif",312,487,false],"2048x2048":["https:\/\/ajupe.com.uy\/web\/wp-content\/uploads\/2016\/04\/p-3848-Blaze_4e823e627dee1.gif",312,487,false],"woocommerce_archive_thumbnail":["https:\/\/ajupe.com.uy\/web\/wp-content\/uploads\/2016\/04\/p-3848-Blaze_4e823e627dee1-300x450.gif",300,450,true],"woocommerce_thumbnail":["https:\/\/ajupe.com.uy\/web\/wp-content\/uploads\/2016\/04\/p-3848-Blaze_4e823e627dee1-300x300.gif",300,300,true],"woocommerce_single":["https:\/\/ajupe.com.uy\/web\/wp-content\/uploads\/2016\/04\/p-3848-Blaze_4e823e627dee1-300x468.gif",300,468,true],"woocommerce_gallery_thumbnail":["https:\/\/ajupe.com.uy\/web\/wp-content\/uploads\/2016\/04\/p-3848-Blaze_4e823e627dee1-100x100.gif",100,100,true]},"post_excerpt_stackable_v2":"<p>Con la ayuda de un muerto, Blaze ha logrado perpetrar el crimen del siglo. Clay Blaisdell, llamado Blaze por todos, mide dos metros y pesa ciento treinta y seis kilos. Es un verdadero gigante. Sin embargo, hasta conocer a George Rackley nunca hab\u00eda hecho nada grande. George le ense\u00f1\u00f3 cien maneras de estafar a la gente e ide\u00f3 para \u00e9l un plan ambicioso: secuestrar a un ni\u00f1o rico. La familia Gerard es multimillonaria y el nuevo reto\u00f1o del clan valdr\u00e1 muchos de estos millones. Solo hay un problema: cuando llega el momento de ponerlo todo en marcha, George, el cerebro&hellip;<\/p>\n","category_list_v2":"","author_info_v2":{"name":"","url":""},"comments_num_v2":"0 comentarios","_links":{"self":[{"href":"https:\/\/ajupe.com.uy\/web\/wp-json\/wp\/v2\/product\/3848","targetHints":{"allow":["GET"]}}],"collection":[{"href":"https:\/\/ajupe.com.uy\/web\/wp-json\/wp\/v2\/product"}],"about":[{"href":"https:\/\/ajupe.com.uy\/web\/wp-json\/wp\/v2\/types\/product"}],"wp:featuredmedia":[{"embeddable":true,"href":"https:\/\/ajupe.com.uy\/web\/wp-json\/wp\/v2\/media\/3849"}],"wp:attachment":[{"href":"https:\/\/ajupe.com.uy\/web\/wp-json\/wp\/v2\/media?parent=3848"}],"wp:term":[{"taxonomy":"product_brand","embeddable":true,"href":"https:\/\/ajupe.com.uy\/web\/wp-json\/wp\/v2\/product_brand?post=3848"},{"taxonomy":"product_cat","embeddable":true,"href":"https:\/\/ajupe.com.uy\/web\/wp-json\/wp\/v2\/product_cat?post=3848"},{"taxonomy":"product_tag","embeddable":true,"href":"https:\/\/ajupe.com.uy\/web\/wp-json\/wp\/v2\/product_tag?post=3848"}],"curies":[{"name":"wp","href":"https:\/\/api.w.org\/{rel}","templated":true}]}}