{"id":3854,"date":"2011-09-27T21:28:59","date_gmt":"2011-09-28T00:28:59","guid":{"rendered":"http:\/\/ajupe.com.uy\/web\/?post_type=product&#038;p=3854"},"modified":"2011-09-28T20:08:11","modified_gmt":"2011-09-28T23:08:11","slug":"cromosoma","status":"publish","type":"product","link":"https:\/\/ajupe.com.uy\/web\/biblioteca\/cromosoma\/","title":{"rendered":"Cromosoma"},"content":{"rendered":"<p>El mar es el origen de todas las formas de vida que habitan en nuestro  planeta. De \u00e9l surgi\u00f3 hace millones de a\u00f1os el organismo que gracias a  la evoluci\u00f3n se convirti\u00f3 en el hombre tal y como lo conocemos hoy en  d\u00eda. En pleno siglo XXI, en la denominada \u00abera de la gen\u00e9tica\u00bb, una  cuesti\u00f3n tiene en jaque a la comunidad cient\u00edfica: \u00bfconserva nuestro ADN  fragmentos de su pasado acu\u00e1tico? El doctor Gastro Nister es uno de los  investigadores que est\u00e1 trabajando en esta l\u00ednea hasta que logra  alterar el cromosoma en el que reside esa informaci\u00f3n; los resultados de  su experimento est\u00e1n llamados a abrir un nuevo horizonte para el futuro  de la raza humana. Tan escalofriante como <em>La isla del doctor Moreau<\/em>, tan inquietante como <em>El se\u00f1or de las moscas<\/em>, y con el veloz pulso que transmiten las novelas de Michael Crichton y Clive Cussler. Un vibrante <em>thriller <\/em> que no dejar\u00e1 impasible a ning\u00fan lector. <br \/>\u00abSin lugar a dudas, <em>Cromosoma 8<\/em> es la mejor novela que he le\u00eddo en mucho tiempo.\u00bb<em>Book Review<\/em><\/p>\n","protected":false},"excerpt":{"rendered":"<p>El mar es el origen de todas las formas de vida que habitan en nuestro planeta. De \u00e9l surgi\u00f3 hace millones de a\u00f1os el organismo que gracias a la evoluci\u00f3n se convirti\u00f3 en el hombre tal y como lo conocemos hoy en d\u00eda. En pleno siglo XXI, en la denominada \u00abera de la gen\u00e9tica\u00bb, una [&hellip;]<\/p>\n","protected":false},"featured_media":3855,"template":"","meta":[],"product_brand":[848],"product_cat":[48],"product_tag":[],"class_list":{"0":"post-3854","1":"product","2":"type-product","3":"status-publish","4":"has-post-thumbnail","6":"product_brand-peter-holt","7":"product_cat-thrillers","9":"first","10":"instock","11":"purchasable","12":"product-type-simple"},"featured_image_urls_v2":{"full":["https:\/\/ajupe.com.uy\/web\/wp-content\/uploads\/2016\/04\/p-3854-Cromosoma_8_4e82401b4ef90.jpg",175,260,false],"thumbnail":["https:\/\/ajupe.com.uy\/web\/wp-content\/uploads\/2016\/04\/p-3854-Cromosoma_8_4e82401b4ef90.jpg",150,150,true],"medium":["https:\/\/ajupe.com.uy\/web\/wp-content\/uploads\/2016\/04\/p-3854-Cromosoma_8_4e82401b4ef90.jpg",300,214,true],"medium_large":["https:\/\/ajupe.com.uy\/web\/wp-content\/uploads\/2016\/04\/p-3854-Cromosoma_8_4e82401b4ef90.jpg",175,260,false],"large":["https:\/\/ajupe.com.uy\/web\/wp-content\/uploads\/2016\/04\/p-3854-Cromosoma_8_4e82401b4ef90.jpg",175,260,false],"1536x1536":["https:\/\/ajupe.com.uy\/web\/wp-content\/uploads\/2016\/04\/p-3854-Cromosoma_8_4e82401b4ef90.jpg",175,260,false],"2048x2048":["https:\/\/ajupe.com.uy\/web\/wp-content\/uploads\/2016\/04\/p-3854-Cromosoma_8_4e82401b4ef90.jpg",175,260,false],"woocommerce_archive_thumbnail":["https:\/\/ajupe.com.uy\/web\/wp-content\/uploads\/2016\/04\/p-3854-Cromosoma_8_4e82401b4ef90.jpg",175,260,false],"woocommerce_thumbnail":["https:\/\/ajupe.com.uy\/web\/wp-content\/uploads\/2016\/04\/p-3854-Cromosoma_8_4e82401b4ef90.jpg",175,260,false],"woocommerce_single":["https:\/\/ajupe.com.uy\/web\/wp-content\/uploads\/2016\/04\/p-3854-Cromosoma_8_4e82401b4ef90.jpg",175,260,false],"woocommerce_gallery_thumbnail":["https:\/\/ajupe.com.uy\/web\/wp-content\/uploads\/2016\/04\/p-3854-Cromosoma_8_4e82401b4ef90-100x100.jpg",100,100,true]},"post_excerpt_stackable_v2":"<p>El mar es el origen de todas las formas de vida que habitan en nuestro planeta. De \u00e9l surgi\u00f3 hace millones de a\u00f1os el organismo que gracias a la evoluci\u00f3n se convirti\u00f3 en el hombre tal y como lo conocemos hoy en d\u00eda. En pleno siglo XXI, en la denominada \u00abera de la gen\u00e9tica\u00bb, una cuesti\u00f3n tiene en jaque a la comunidad cient\u00edfica: \u00bfconserva nuestro ADN fragmentos de su pasado acu\u00e1tico? El doctor Gastro Nister es uno de los investigadores que est\u00e1 trabajando en esta l\u00ednea hasta que logra alterar el cromosoma en el que reside esa informaci\u00f3n; los resultados&hellip;<\/p>\n","category_list_v2":"","author_info_v2":{"name":"","url":""},"comments_num_v2":"0 comentarios","_links":{"self":[{"href":"https:\/\/ajupe.com.uy\/web\/wp-json\/wp\/v2\/product\/3854","targetHints":{"allow":["GET"]}}],"collection":[{"href":"https:\/\/ajupe.com.uy\/web\/wp-json\/wp\/v2\/product"}],"about":[{"href":"https:\/\/ajupe.com.uy\/web\/wp-json\/wp\/v2\/types\/product"}],"wp:featuredmedia":[{"embeddable":true,"href":"https:\/\/ajupe.com.uy\/web\/wp-json\/wp\/v2\/media\/3855"}],"wp:attachment":[{"href":"https:\/\/ajupe.com.uy\/web\/wp-json\/wp\/v2\/media?parent=3854"}],"wp:term":[{"taxonomy":"product_brand","embeddable":true,"href":"https:\/\/ajupe.com.uy\/web\/wp-json\/wp\/v2\/product_brand?post=3854"},{"taxonomy":"product_cat","embeddable":true,"href":"https:\/\/ajupe.com.uy\/web\/wp-json\/wp\/v2\/product_cat?post=3854"},{"taxonomy":"product_tag","embeddable":true,"href":"https:\/\/ajupe.com.uy\/web\/wp-json\/wp\/v2\/product_tag?post=3854"}],"curies":[{"name":"wp","href":"https:\/\/api.w.org\/{rel}","templated":true}]}}