{"id":3857,"date":"2011-09-27T21:31:03","date_gmt":"2011-09-28T00:31:03","guid":{"rendered":"http:\/\/ajupe.com.uy\/web\/?post_type=product&#038;p=3857"},"modified":"2011-09-27T21:31:03","modified_gmt":"2011-09-28T00:31:03","slug":"las-ovejas-y-el-pastor","status":"publish","type":"product","link":"https:\/\/ajupe.com.uy\/web\/biblioteca\/las-ovejas-y-el-pastor\/","title":{"rendered":"Las ovejas y el pastor"},"content":{"rendered":"<p>En la Sicilia de 1945, mientras se halla descansando cerca del convento  de Santo Stefano, el obispo de Agrigento sufre un atentado que lo deja  al borde de la muerte. Monse\u00f1or Peruzzo no es un prelado cualquiera. Es  muy querido por el pueblo porque en el conflicto sobre la propiedad de  las tierras ocupadas se ha alineado con los trabajadores frente a los  latifundistas, as\u00ed que la noticia de que su vida est\u00e1 en peligro  conmociona a toda la isla, y la gente se pone a rezar por su salvaci\u00f3n.  Pero ni siquiera el mismo obispo tendr\u00e1 constancia hasta transcurridos  muchos a\u00f1os de una de las demostraciones de amor y sacrificio m\u00e1s  incomprensibles de nuestro tiempo. En el convento de clausura de Palma  di Montechiaro (relacionado con la familia de Giuseppe Tomasi di  Lampedusa, el autor de Il Gattopardo, que ten\u00eda el privilegio de poderlo  visitar) las diez monjas m\u00e1s j\u00f3venes ayunar\u00e1n hasta entregar su vida  para que Dios salve al pastor. <br \/>El caso, descubierto casualmente, investigado y relatado de manera magistral por<strong> Andrea Camilleri<\/strong>, ha generado una gran pol\u00e9mica en Italia. En este libro espl\u00e9ndido, <strong>Camilleri<\/strong> se adentra en un caso que parece provenir de la Edad Media y que pone en cuesti\u00f3n los l\u00edmites de la obediencia y la fe.<\/p>\n","protected":false},"excerpt":{"rendered":"<p>En la Sicilia de 1945, mientras se halla descansando cerca del convento de Santo Stefano, el obispo de Agrigento sufre un atentado que lo deja al borde de la muerte. Monse\u00f1or Peruzzo no es un prelado cualquiera. Es muy querido por el pueblo porque en el conflicto sobre la propiedad de las tierras ocupadas se [&hellip;]<\/p>\n","protected":false},"featured_media":3858,"template":"","meta":[],"product_brand":[399],"product_cat":[29],"product_tag":[],"class_list":{"0":"post-3857","1":"product","2":"type-product","3":"status-publish","4":"has-post-thumbnail","6":"product_brand-andrea-camilleri","7":"product_cat-novela","9":"first","10":"instock","11":"purchasable","12":"product-type-simple"},"featured_image_urls_v2":{"full":["https:\/\/ajupe.com.uy\/web\/wp-content\/uploads\/2016\/04\/p-3857-Las_ovejas_y_el__4e8240974c588.gif",138,210,false],"thumbnail":["https:\/\/ajupe.com.uy\/web\/wp-content\/uploads\/2016\/04\/p-3857-Las_ovejas_y_el__4e8240974c588.gif",150,150,true],"medium":["https:\/\/ajupe.com.uy\/web\/wp-content\/uploads\/2016\/04\/p-3857-Las_ovejas_y_el__4e8240974c588.gif",300,214,true],"medium_large":["https:\/\/ajupe.com.uy\/web\/wp-content\/uploads\/2016\/04\/p-3857-Las_ovejas_y_el__4e8240974c588.gif",138,210,false],"large":["https:\/\/ajupe.com.uy\/web\/wp-content\/uploads\/2016\/04\/p-3857-Las_ovejas_y_el__4e8240974c588.gif",138,210,false],"1536x1536":["https:\/\/ajupe.com.uy\/web\/wp-content\/uploads\/2016\/04\/p-3857-Las_ovejas_y_el__4e8240974c588.gif",138,210,false],"2048x2048":["https:\/\/ajupe.com.uy\/web\/wp-content\/uploads\/2016\/04\/p-3857-Las_ovejas_y_el__4e8240974c588.gif",138,210,false],"woocommerce_archive_thumbnail":["https:\/\/ajupe.com.uy\/web\/wp-content\/uploads\/2016\/04\/p-3857-Las_ovejas_y_el__4e8240974c588.gif",138,210,false],"woocommerce_thumbnail":["https:\/\/ajupe.com.uy\/web\/wp-content\/uploads\/2016\/04\/p-3857-Las_ovejas_y_el__4e8240974c588.gif",138,210,false],"woocommerce_single":["https:\/\/ajupe.com.uy\/web\/wp-content\/uploads\/2016\/04\/p-3857-Las_ovejas_y_el__4e8240974c588.gif",138,210,false],"woocommerce_gallery_thumbnail":["https:\/\/ajupe.com.uy\/web\/wp-content\/uploads\/2016\/04\/p-3857-Las_ovejas_y_el__4e8240974c588-100x100.gif",100,100,true]},"post_excerpt_stackable_v2":"<p>En la Sicilia de 1945, mientras se halla descansando cerca del convento de Santo Stefano, el obispo de Agrigento sufre un atentado que lo deja al borde de la muerte. Monse\u00f1or Peruzzo no es un prelado cualquiera. Es muy querido por el pueblo porque en el conflicto sobre la propiedad de las tierras ocupadas se ha alineado con los trabajadores frente a los latifundistas, as\u00ed que la noticia de que su vida est\u00e1 en peligro conmociona a toda la isla, y la gente se pone a rezar por su salvaci\u00f3n. Pero ni siquiera el mismo obispo tendr\u00e1 constancia hasta transcurridos&hellip;<\/p>\n","category_list_v2":"","author_info_v2":{"name":"","url":""},"comments_num_v2":"0 comentarios","_links":{"self":[{"href":"https:\/\/ajupe.com.uy\/web\/wp-json\/wp\/v2\/product\/3857","targetHints":{"allow":["GET"]}}],"collection":[{"href":"https:\/\/ajupe.com.uy\/web\/wp-json\/wp\/v2\/product"}],"about":[{"href":"https:\/\/ajupe.com.uy\/web\/wp-json\/wp\/v2\/types\/product"}],"wp:featuredmedia":[{"embeddable":true,"href":"https:\/\/ajupe.com.uy\/web\/wp-json\/wp\/v2\/media\/3858"}],"wp:attachment":[{"href":"https:\/\/ajupe.com.uy\/web\/wp-json\/wp\/v2\/media?parent=3857"}],"wp:term":[{"taxonomy":"product_brand","embeddable":true,"href":"https:\/\/ajupe.com.uy\/web\/wp-json\/wp\/v2\/product_brand?post=3857"},{"taxonomy":"product_cat","embeddable":true,"href":"https:\/\/ajupe.com.uy\/web\/wp-json\/wp\/v2\/product_cat?post=3857"},{"taxonomy":"product_tag","embeddable":true,"href":"https:\/\/ajupe.com.uy\/web\/wp-json\/wp\/v2\/product_tag?post=3857"}],"curies":[{"name":"wp","href":"https:\/\/api.w.org\/{rel}","templated":true}]}}