{"id":3893,"date":"2011-09-28T20:46:35","date_gmt":"2011-09-28T23:46:35","guid":{"rendered":"http:\/\/ajupe.com.uy\/web\/?post_type=product&#038;p=3893"},"modified":"2012-02-06T18:01:43","modified_gmt":"2012-02-06T21:01:43","slug":"cita-con-el-pasado","status":"publish","type":"product","link":"https:\/\/ajupe.com.uy\/web\/biblioteca\/cita-con-el-pasado\/","title":{"rendered":"Cita con el pasado"},"content":{"rendered":"<p><em> <\/em><\/p>\n<div style=\"text-align: justify;\"><em><span style=\"font-style: normal;\"><em>A sus treinta a\u00f1os, Callie Dunbrook es una experta arque\u00f3loga. Ahora tiene la oportunidad que podr\u00eda representar el gran salto en su carrera profesional. Le han propuesto dirigir el proyecto de excavaci\u00f3n de un poblado y un cementerio indios de cinco mil a\u00f1os de antig\u00fcedad, que unas obras han puesto al descubierto en una peque\u00f1a y apacible ciudad norteamericana.<\/em><\/span><\/em><\/div>\n<p><em> <\/em><\/p>\n<div style=\"text-align: justify;\"><em><span style=\"font-style: normal;\"><em>Pronto surgen los problemas. Callie tiene que enfrentarse a la c\u00f3lera de un promotor urban\u00edstico, a la hostilidad de algunos vecinos, a dos inexplicables muertes y al creciente rumor de que la excavaci\u00f3n est\u00e1 maldita. Adem\u00e1s, la han obligado a aceptar en el proyecto a quien menos habr\u00eda querido ver cerca de ella: su irritante, aunque irresistible, ex marido. Por eso no est\u00e1 muy dispuesta a escuchar a la misteriosa mujer que la aborda para revelarle un secreto que las ata\u00f1e a ambas. Algo que podr\u00eda cambiar todo lo que Callie sab\u00eda de s\u00ed misma.<\/em><\/span><\/em><\/div>\n<p><em> <\/em><\/p>\n","protected":false},"excerpt":{"rendered":"<p>Una intriga sorprendente, una emocionante historia de amor y unos personajes inolvidables son los ingredientes de Cita con el pasado, la nueva novela de Nora Roberts, una de las escritoras con mayor \u00e9xito y m\u00e1s le\u00eddas en la actualidad.<\/p>\n","protected":false},"featured_media":3894,"template":"","meta":[],"product_brand":[267],"product_cat":[29],"product_tag":[],"class_list":{"0":"post-3893","1":"product","2":"type-product","3":"status-publish","4":"has-post-thumbnail","6":"product_brand-nora-roberts","7":"product_cat-novela","9":"first","10":"instock","11":"purchasable","12":"product-type-simple"},"featured_image_urls_v2":{"full":["https:\/\/ajupe.com.uy\/web\/wp-content\/uploads\/2016\/04\/p-3893-Cita_con_el_pasa_4f30158710480.jpg",180,275,false],"thumbnail":["https:\/\/ajupe.com.uy\/web\/wp-content\/uploads\/2016\/04\/p-3893-Cita_con_el_pasa_4f30158710480.jpg",150,150,true],"medium":["https:\/\/ajupe.com.uy\/web\/wp-content\/uploads\/2016\/04\/p-3893-Cita_con_el_pasa_4f30158710480.jpg",300,214,true],"medium_large":["https:\/\/ajupe.com.uy\/web\/wp-content\/uploads\/2016\/04\/p-3893-Cita_con_el_pasa_4f30158710480.jpg",180,275,false],"large":["https:\/\/ajupe.com.uy\/web\/wp-content\/uploads\/2016\/04\/p-3893-Cita_con_el_pasa_4f30158710480.jpg",180,275,false],"1536x1536":["https:\/\/ajupe.com.uy\/web\/wp-content\/uploads\/2016\/04\/p-3893-Cita_con_el_pasa_4f30158710480.jpg",180,275,false],"2048x2048":["https:\/\/ajupe.com.uy\/web\/wp-content\/uploads\/2016\/04\/p-3893-Cita_con_el_pasa_4f30158710480.jpg",180,275,false],"woocommerce_archive_thumbnail":["https:\/\/ajupe.com.uy\/web\/wp-content\/uploads\/2016\/04\/p-3893-Cita_con_el_pasa_4f30158710480.jpg",180,275,false],"woocommerce_thumbnail":["https:\/\/ajupe.com.uy\/web\/wp-content\/uploads\/2016\/04\/p-3893-Cita_con_el_pasa_4f30158710480.jpg",180,275,false],"woocommerce_single":["https:\/\/ajupe.com.uy\/web\/wp-content\/uploads\/2016\/04\/p-3893-Cita_con_el_pasa_4f30158710480.jpg",180,275,false],"woocommerce_gallery_thumbnail":["https:\/\/ajupe.com.uy\/web\/wp-content\/uploads\/2016\/04\/p-3893-Cita_con_el_pasa_4f30158710480-100x100.jpg",100,100,true]},"post_excerpt_stackable_v2":"<p>Una intriga sorprendente, una emocionante historia de amor y unos personajes inolvidables son los ingredientes de Cita con el pasado, la nueva novela de Nora Roberts, una de las escritoras con mayor \u00e9xito y m\u00e1s le\u00eddas en la actualidad.<\/p>\n","category_list_v2":"","author_info_v2":{"name":"","url":""},"comments_num_v2":"0 comentarios","_links":{"self":[{"href":"https:\/\/ajupe.com.uy\/web\/wp-json\/wp\/v2\/product\/3893","targetHints":{"allow":["GET"]}}],"collection":[{"href":"https:\/\/ajupe.com.uy\/web\/wp-json\/wp\/v2\/product"}],"about":[{"href":"https:\/\/ajupe.com.uy\/web\/wp-json\/wp\/v2\/types\/product"}],"wp:featuredmedia":[{"embeddable":true,"href":"https:\/\/ajupe.com.uy\/web\/wp-json\/wp\/v2\/media\/3894"}],"wp:attachment":[{"href":"https:\/\/ajupe.com.uy\/web\/wp-json\/wp\/v2\/media?parent=3893"}],"wp:term":[{"taxonomy":"product_brand","embeddable":true,"href":"https:\/\/ajupe.com.uy\/web\/wp-json\/wp\/v2\/product_brand?post=3893"},{"taxonomy":"product_cat","embeddable":true,"href":"https:\/\/ajupe.com.uy\/web\/wp-json\/wp\/v2\/product_cat?post=3893"},{"taxonomy":"product_tag","embeddable":true,"href":"https:\/\/ajupe.com.uy\/web\/wp-json\/wp\/v2\/product_tag?post=3893"}],"curies":[{"name":"wp","href":"https:\/\/api.w.org\/{rel}","templated":true}]}}