{"id":3902,"date":"2011-09-28T21:02:42","date_gmt":"2011-09-29T00:02:42","guid":{"rendered":"http:\/\/ajupe.com.uy\/web\/?post_type=product&#038;p=3902"},"modified":"2012-02-06T18:24:19","modified_gmt":"2012-02-06T21:24:19","slug":"enemigos-perfectos","status":"publish","type":"product","link":"https:\/\/ajupe.com.uy\/web\/biblioteca\/enemigos-perfectos\/","title":{"rendered":"Enemigos perfectos"},"content":{"rendered":"<p>Hace nueve a\u00f1os, Richard Allen huy\u00f3 de su Inglaterra natal y de su  controlador padre. Determinado a vivir su propia vida, se hizo a la mar,  se instal\u00f3 en el Caribe, se uni\u00f3 a una banda de piratas buscadores de  tesoros y adopt\u00f3 una nueva identidad para ocultar su pasado. Desde es  momento se hizo pasar por el despreocupado y seductor franc\u00e9s Jean Paul.  Y cuando regresa a Inglaterra para llevar a cabo una urgente misi\u00f3n,  Richard pone sus ojos en una bella mujer casada, Georgina Malory. Pero  su temerario intento de hacerle la corte a Georgina en un baile de  m\u00e1scaras le va a llevar a cometer el peor error de todos, porque en ese  evento termina encontr\u00e1ndose cara a cara con otra bella y hermosa dama.<\/p>\n<p>Emocionada por conseguir que alguno de sus admiradores la libre  finalmente de su compromiso matrimonial con el hijo del conde de  Manford, que la abandon\u00f3 hace a\u00f1os, la heredera Julia Miller est\u00e1 lista  para contraer matrimonio y espera encontrar al candidato perfecto en el  baile de su amiga Georgina. Sin embargo, en esa velada Julia cae  fascinada de un franc\u00e9s enmascarado que le da su primer beso y del que  no consigue saber su identidad&#8230; hasta que hace un sorprendente  descubrimiento. Ahora, para evitar caer en la trampa de un cruel miembro  de la nobleza, Julia deber\u00e1 formar parte de una arriesgada e \u00edntima  charada con un hombre al que nunca crey\u00f3 que podr\u00eda llegar a amar.<\/p>\n","protected":false},"excerpt":{"rendered":"<p>Nueve a\u00f1os atr\u00e1s, Richard Allen se march\u00f3 de Inglaterra y termin\u00f3 por unirse a una banda de piratas cazadores de tesoros en el Caribe. All\u00ed adopt\u00f3 la identidad de un seductor franc\u00e9s, Jean Paul. Pero un asunto pendiente le va a obligar a regresar de inc\u00f3g<\/p>\n","protected":false},"featured_media":3903,"template":"","meta":[],"product_brand":[442],"product_cat":[29],"product_tag":[],"class_list":{"0":"post-3902","1":"product","2":"type-product","3":"status-publish","4":"has-post-thumbnail","6":"product_brand-johanna-lindsey","7":"product_cat-novela","9":"first","10":"instock","11":"purchasable","12":"product-type-simple"},"featured_image_urls_v2":{"full":["https:\/\/ajupe.com.uy\/web\/wp-content\/uploads\/2016\/04\/p-3902-Enemigos_perfect_4f301ad331666.jpg",218,337,false],"thumbnail":["https:\/\/ajupe.com.uy\/web\/wp-content\/uploads\/2016\/04\/p-3902-Enemigos_perfect_4f301ad331666.jpg",150,150,true],"medium":["https:\/\/ajupe.com.uy\/web\/wp-content\/uploads\/2016\/04\/p-3902-Enemigos_perfect_4f301ad331666.jpg",300,214,true],"medium_large":["https:\/\/ajupe.com.uy\/web\/wp-content\/uploads\/2016\/04\/p-3902-Enemigos_perfect_4f301ad331666.jpg",218,337,false],"large":["https:\/\/ajupe.com.uy\/web\/wp-content\/uploads\/2016\/04\/p-3902-Enemigos_perfect_4f301ad331666.jpg",218,337,false],"1536x1536":["https:\/\/ajupe.com.uy\/web\/wp-content\/uploads\/2016\/04\/p-3902-Enemigos_perfect_4f301ad331666.jpg",218,337,false],"2048x2048":["https:\/\/ajupe.com.uy\/web\/wp-content\/uploads\/2016\/04\/p-3902-Enemigos_perfect_4f301ad331666.jpg",218,337,false],"woocommerce_archive_thumbnail":["https:\/\/ajupe.com.uy\/web\/wp-content\/uploads\/2016\/04\/p-3902-Enemigos_perfect_4f301ad331666-218x300.jpg",218,300,true],"woocommerce_thumbnail":["https:\/\/ajupe.com.uy\/web\/wp-content\/uploads\/2016\/04\/p-3902-Enemigos_perfect_4f301ad331666-218x300.jpg",218,300,true],"woocommerce_single":["https:\/\/ajupe.com.uy\/web\/wp-content\/uploads\/2016\/04\/p-3902-Enemigos_perfect_4f301ad331666.jpg",218,337,false],"woocommerce_gallery_thumbnail":["https:\/\/ajupe.com.uy\/web\/wp-content\/uploads\/2016\/04\/p-3902-Enemigos_perfect_4f301ad331666-100x100.jpg",100,100,true]},"post_excerpt_stackable_v2":"<p>Nueve a\u00f1os atr\u00e1s, Richard Allen se march\u00f3 de Inglaterra y termin\u00f3 por unirse a una banda de piratas cazadores de tesoros en el Caribe. All\u00ed adopt\u00f3 la identidad de un seductor franc\u00e9s, Jean Paul. Pero un asunto pendiente le va a obligar a regresar de inc\u00f3g<\/p>\n","category_list_v2":"","author_info_v2":{"name":"","url":""},"comments_num_v2":"0 comentarios","_links":{"self":[{"href":"https:\/\/ajupe.com.uy\/web\/wp-json\/wp\/v2\/product\/3902","targetHints":{"allow":["GET"]}}],"collection":[{"href":"https:\/\/ajupe.com.uy\/web\/wp-json\/wp\/v2\/product"}],"about":[{"href":"https:\/\/ajupe.com.uy\/web\/wp-json\/wp\/v2\/types\/product"}],"wp:featuredmedia":[{"embeddable":true,"href":"https:\/\/ajupe.com.uy\/web\/wp-json\/wp\/v2\/media\/3903"}],"wp:attachment":[{"href":"https:\/\/ajupe.com.uy\/web\/wp-json\/wp\/v2\/media?parent=3902"}],"wp:term":[{"taxonomy":"product_brand","embeddable":true,"href":"https:\/\/ajupe.com.uy\/web\/wp-json\/wp\/v2\/product_brand?post=3902"},{"taxonomy":"product_cat","embeddable":true,"href":"https:\/\/ajupe.com.uy\/web\/wp-json\/wp\/v2\/product_cat?post=3902"},{"taxonomy":"product_tag","embeddable":true,"href":"https:\/\/ajupe.com.uy\/web\/wp-json\/wp\/v2\/product_tag?post=3902"}],"curies":[{"name":"wp","href":"https:\/\/api.w.org\/{rel}","templated":true}]}}