{"id":3926,"date":"2011-09-28T22:27:52","date_gmt":"2011-09-29T01:27:52","guid":{"rendered":"http:\/\/ajupe.com.uy\/web\/?post_type=product&#038;p=3926"},"modified":"2012-07-24T20:12:17","modified_gmt":"2012-07-24T23:12:17","slug":"clandestino","status":"publish","type":"product","link":"https:\/\/ajupe.com.uy\/web\/biblioteca\/clandestino\/","title":{"rendered":"Clandestino"},"content":{"rendered":"<p>Los \u00c1ngeles, 1951. Fred Underhill, 26 a\u00f1os, es un polic\u00eda inteligente, perseverante y mujeriego, que tiene adem\u00e1s una debilidad: un \u00abprodigio\u00bbque se halla en las calles de la ciudad, en los locales nocturnos, en el misterio, el crimen sin resolver, la vida o, tal vez, la muerte y los m\u00f3viles que conducen a ella. Fred es sumamente ambicioso y est\u00e1 dispuesto a hacer lo que sea para llegar a los puestos m\u00e1s destacados del Departamento. El asesinato de una mujer, la investigaci\u00f3n del caso y el descubrimiento de un criminal le servir\u00e1n de trampol\u00edn a la fama<\/p>\n","protected":false},"excerpt":{"rendered":"<p>Con la guerra de Corea como tel\u00f3n de fondo, James Ellroy describe la carrera de un joven polic\u00eda, su imparable ascenso y su estrepitosa ca\u00edda en el marco de un intricado caso criminal vinculado a los ambientes m\u00e1s mugrientos de la ciudad.<\/p>\n","protected":false},"featured_media":3927,"template":"","meta":[],"product_brand":[272],"product_cat":[40,30],"product_tag":[],"class_list":{"0":"post-3926","1":"product","2":"type-product","3":"status-publish","4":"has-post-thumbnail","6":"product_brand-james-ellroy","7":"product_cat-policial","8":"product_cat-suspenso","10":"first","11":"instock","12":"purchasable","13":"product-type-simple"},"featured_image_urls_v2":{"full":["https:\/\/ajupe.com.uy\/web\/wp-content\/uploads\/2016\/04\/p-3926-Clandestino_4e839f687888e.jpg",176,286,false],"thumbnail":["https:\/\/ajupe.com.uy\/web\/wp-content\/uploads\/2016\/04\/p-3926-Clandestino_4e839f687888e.jpg",150,150,true],"medium":["https:\/\/ajupe.com.uy\/web\/wp-content\/uploads\/2016\/04\/p-3926-Clandestino_4e839f687888e.jpg",300,214,true],"medium_large":["https:\/\/ajupe.com.uy\/web\/wp-content\/uploads\/2016\/04\/p-3926-Clandestino_4e839f687888e.jpg",176,286,false],"large":["https:\/\/ajupe.com.uy\/web\/wp-content\/uploads\/2016\/04\/p-3926-Clandestino_4e839f687888e.jpg",176,286,false],"1536x1536":["https:\/\/ajupe.com.uy\/web\/wp-content\/uploads\/2016\/04\/p-3926-Clandestino_4e839f687888e.jpg",176,286,false],"2048x2048":["https:\/\/ajupe.com.uy\/web\/wp-content\/uploads\/2016\/04\/p-3926-Clandestino_4e839f687888e.jpg",176,286,false],"woocommerce_archive_thumbnail":["https:\/\/ajupe.com.uy\/web\/wp-content\/uploads\/2016\/04\/p-3926-Clandestino_4e839f687888e.jpg",176,286,false],"woocommerce_thumbnail":["https:\/\/ajupe.com.uy\/web\/wp-content\/uploads\/2016\/04\/p-3926-Clandestino_4e839f687888e.jpg",176,286,false],"woocommerce_single":["https:\/\/ajupe.com.uy\/web\/wp-content\/uploads\/2016\/04\/p-3926-Clandestino_4e839f687888e.jpg",176,286,false],"woocommerce_gallery_thumbnail":["https:\/\/ajupe.com.uy\/web\/wp-content\/uploads\/2016\/04\/p-3926-Clandestino_4e839f687888e-100x100.jpg",100,100,true]},"post_excerpt_stackable_v2":"<p>Con la guerra de Corea como tel\u00f3n de fondo, James Ellroy describe la carrera de un joven polic\u00eda, su imparable ascenso y su estrepitosa ca\u00edda en el marco de un intricado caso criminal vinculado a los ambientes m\u00e1s mugrientos de la ciudad.<\/p>\n","category_list_v2":"","author_info_v2":{"name":"","url":""},"comments_num_v2":"0 comentarios","_links":{"self":[{"href":"https:\/\/ajupe.com.uy\/web\/wp-json\/wp\/v2\/product\/3926","targetHints":{"allow":["GET"]}}],"collection":[{"href":"https:\/\/ajupe.com.uy\/web\/wp-json\/wp\/v2\/product"}],"about":[{"href":"https:\/\/ajupe.com.uy\/web\/wp-json\/wp\/v2\/types\/product"}],"wp:featuredmedia":[{"embeddable":true,"href":"https:\/\/ajupe.com.uy\/web\/wp-json\/wp\/v2\/media\/3927"}],"wp:attachment":[{"href":"https:\/\/ajupe.com.uy\/web\/wp-json\/wp\/v2\/media?parent=3926"}],"wp:term":[{"taxonomy":"product_brand","embeddable":true,"href":"https:\/\/ajupe.com.uy\/web\/wp-json\/wp\/v2\/product_brand?post=3926"},{"taxonomy":"product_cat","embeddable":true,"href":"https:\/\/ajupe.com.uy\/web\/wp-json\/wp\/v2\/product_cat?post=3926"},{"taxonomy":"product_tag","embeddable":true,"href":"https:\/\/ajupe.com.uy\/web\/wp-json\/wp\/v2\/product_tag?post=3926"}],"curies":[{"name":"wp","href":"https:\/\/api.w.org\/{rel}","templated":true}]}}