{"id":3932,"date":"2011-09-28T23:13:12","date_gmt":"2011-09-29T02:13:12","guid":{"rendered":"http:\/\/ajupe.com.uy\/web\/?post_type=product&#038;p=3932"},"modified":"2011-09-28T23:13:12","modified_gmt":"2011-09-29T02:13:12","slug":"vuelo-final-2","status":"publish","type":"product","link":"https:\/\/ajupe.com.uy\/web\/biblioteca\/vuelo-final-2\/","title":{"rendered":"VUELO FINAL"},"content":{"rendered":"<p>Tras una traves\u00eda particularmente prolongada, el portaaviones norteamericano United States llega al puerto de N\u00e1poles y su tripulaci\u00f3n goza del primer permiso en meses. Pero algo no sale bien. Algunos marineros no regresan al portaaviones y una hermosa periodista norteamericana que subi\u00f3 a bordo del United States en T\u00e1nger puede resultar no ser una periodista&#8230; ni siquiera norteamericana.<br \/>\nCuando uno de los hombres de Jake Grafton presencia en un hotel de N\u00e1poles un intento de asesinato cometido por esta mujer, Grafton se da cuenta de que la situaci\u00f3n es a\u00fan mucho m\u00e1s grave de lo que cre\u00eda. Lo que no sabe es que el coronel Qazi, un terrorista internacional, planea abordar el United States y robar algunas armas nucleares de su fuertemente custodiado arsenal. Asimismo ignora que \u00e9l, con m\u00e1s de cuarenta a\u00f1os y con trastornos en la visi\u00f3n, es el \u00fanico que puede detener a Qazi, en un terrible combate a\u00e9reo hombre a hombre, un \u00abvuelo final\u00bb.<\/p>\n","protected":false},"excerpt":{"rendered":"<p>Tras una traves\u00eda particularmente prolongada, el portaaviones norteamericano United States llega al puerto de N\u00e1poles y su tripulaci\u00f3n goza del primer permiso en meses. Pero algo no sale bien.<\/p>\n","protected":false},"featured_media":3933,"template":"","meta":[],"product_brand":[891],"product_cat":[37],"product_tag":[],"class_list":{"0":"post-3932","1":"product","2":"type-product","3":"status-publish","4":"has-post-thumbnail","6":"product_brand-stephen-coonts","7":"product_cat-ficcion","9":"first","10":"instock","11":"purchasable","12":"product-type-simple"},"featured_image_urls_v2":{"full":["https:\/\/ajupe.com.uy\/web\/wp-content\/uploads\/2016\/04\/p-3932-VUELO_FINAL_4e83aa08ee2b4.jpg",295,295,false],"thumbnail":["https:\/\/ajupe.com.uy\/web\/wp-content\/uploads\/2016\/04\/p-3932-VUELO_FINAL_4e83aa08ee2b4.jpg",150,150,true],"medium":["https:\/\/ajupe.com.uy\/web\/wp-content\/uploads\/2016\/04\/p-3932-VUELO_FINAL_4e83aa08ee2b4.jpg",300,214,true],"medium_large":["https:\/\/ajupe.com.uy\/web\/wp-content\/uploads\/2016\/04\/p-3932-VUELO_FINAL_4e83aa08ee2b4.jpg",295,295,false],"large":["https:\/\/ajupe.com.uy\/web\/wp-content\/uploads\/2016\/04\/p-3932-VUELO_FINAL_4e83aa08ee2b4.jpg",295,295,false],"1536x1536":["https:\/\/ajupe.com.uy\/web\/wp-content\/uploads\/2016\/04\/p-3932-VUELO_FINAL_4e83aa08ee2b4.jpg",295,295,false],"2048x2048":["https:\/\/ajupe.com.uy\/web\/wp-content\/uploads\/2016\/04\/p-3932-VUELO_FINAL_4e83aa08ee2b4.jpg",295,295,false],"woocommerce_archive_thumbnail":["https:\/\/ajupe.com.uy\/web\/wp-content\/uploads\/2016\/04\/p-3932-VUELO_FINAL_4e83aa08ee2b4.jpg",295,295,false],"woocommerce_thumbnail":["https:\/\/ajupe.com.uy\/web\/wp-content\/uploads\/2016\/04\/p-3932-VUELO_FINAL_4e83aa08ee2b4.jpg",295,295,false],"woocommerce_single":["https:\/\/ajupe.com.uy\/web\/wp-content\/uploads\/2016\/04\/p-3932-VUELO_FINAL_4e83aa08ee2b4.jpg",295,295,false],"woocommerce_gallery_thumbnail":["https:\/\/ajupe.com.uy\/web\/wp-content\/uploads\/2016\/04\/p-3932-VUELO_FINAL_4e83aa08ee2b4-100x100.jpg",100,100,true]},"post_excerpt_stackable_v2":"<p>Tras una traves\u00eda particularmente prolongada, el portaaviones norteamericano United States llega al puerto de N\u00e1poles y su tripulaci\u00f3n goza del primer permiso en meses. Pero algo no sale bien.<\/p>\n","category_list_v2":"","author_info_v2":{"name":"","url":""},"comments_num_v2":"0 comentarios","_links":{"self":[{"href":"https:\/\/ajupe.com.uy\/web\/wp-json\/wp\/v2\/product\/3932","targetHints":{"allow":["GET"]}}],"collection":[{"href":"https:\/\/ajupe.com.uy\/web\/wp-json\/wp\/v2\/product"}],"about":[{"href":"https:\/\/ajupe.com.uy\/web\/wp-json\/wp\/v2\/types\/product"}],"wp:featuredmedia":[{"embeddable":true,"href":"https:\/\/ajupe.com.uy\/web\/wp-json\/wp\/v2\/media\/3933"}],"wp:attachment":[{"href":"https:\/\/ajupe.com.uy\/web\/wp-json\/wp\/v2\/media?parent=3932"}],"wp:term":[{"taxonomy":"product_brand","embeddable":true,"href":"https:\/\/ajupe.com.uy\/web\/wp-json\/wp\/v2\/product_brand?post=3932"},{"taxonomy":"product_cat","embeddable":true,"href":"https:\/\/ajupe.com.uy\/web\/wp-json\/wp\/v2\/product_cat?post=3932"},{"taxonomy":"product_tag","embeddable":true,"href":"https:\/\/ajupe.com.uy\/web\/wp-json\/wp\/v2\/product_tag?post=3932"}],"curies":[{"name":"wp","href":"https:\/\/api.w.org\/{rel}","templated":true}]}}