{"id":3935,"date":"2011-09-28T23:49:56","date_gmt":"2011-09-29T02:49:56","guid":{"rendered":"http:\/\/ajupe.com.uy\/web\/?post_type=product&#038;p=3935"},"modified":"2011-09-28T23:49:56","modified_gmt":"2011-09-29T02:49:56","slug":"sue-o-mortal","status":"publish","type":"product","link":"https:\/\/ajupe.com.uy\/web\/biblioteca\/sue-o-mortal\/","title":{"rendered":"SUE\u00d1O MORTAL"},"content":{"rendered":"<p>Jordan Glass es una fot\u00f3grafa de \u00e9xito. Estando de vacaciones en Hong Kong, decide visitar el Museo de Arte. All\u00ed observa que muchos la miran con curiosdad.<br \/>\nAl cabo de unos minutos se encuentra con una exposici\u00f3n de un pintor an\u00f3nimo titulada Mujeres desnudas en reposo, que exhibe una misteriosa serie de cuadros que han causado sensaci\u00f3n en el mundo del arte moderno. Los expertos han llegado a la conclusi\u00f3n de que las telas muestran mujeres desnudas que no est\u00e1n dormidas, sino muertas&#8230; Cuando Jordan se acerca al \u00faltimo cuadro de la serie, la sangre se le congela: la mujer del cuadro es id\u00e9ntica a ella misma.<\/p>\n","protected":false},"excerpt":{"rendered":"<p>\u00abIles contin\u00faa asombrando. Sue\u00f1o mortal da en el blanco con una trama s\u00f3lida, unos personajes perfectos y un ritmo endiabladamente calibrado.\u00bb Publishers Weekly.<\/p>\n","protected":false},"featured_media":3936,"template":"","meta":[],"product_brand":[268],"product_cat":[30],"product_tag":[],"class_list":{"0":"post-3935","1":"product","2":"type-product","3":"status-publish","4":"has-post-thumbnail","6":"product_brand-greg-iles","7":"product_cat-suspenso","9":"first","10":"instock","11":"purchasable","12":"product-type-simple"},"featured_image_urls_v2":{"full":["https:\/\/ajupe.com.uy\/web\/wp-content\/uploads\/2016\/04\/p-3935-SUE__O_MORTAL_4e83b2a4a6351.jpg",225,337,false],"thumbnail":["https:\/\/ajupe.com.uy\/web\/wp-content\/uploads\/2016\/04\/p-3935-SUE__O_MORTAL_4e83b2a4a6351.jpg",150,150,true],"medium":["https:\/\/ajupe.com.uy\/web\/wp-content\/uploads\/2016\/04\/p-3935-SUE__O_MORTAL_4e83b2a4a6351.jpg",300,214,true],"medium_large":["https:\/\/ajupe.com.uy\/web\/wp-content\/uploads\/2016\/04\/p-3935-SUE__O_MORTAL_4e83b2a4a6351.jpg",225,337,false],"large":["https:\/\/ajupe.com.uy\/web\/wp-content\/uploads\/2016\/04\/p-3935-SUE__O_MORTAL_4e83b2a4a6351.jpg",225,337,false],"1536x1536":["https:\/\/ajupe.com.uy\/web\/wp-content\/uploads\/2016\/04\/p-3935-SUE__O_MORTAL_4e83b2a4a6351.jpg",225,337,false],"2048x2048":["https:\/\/ajupe.com.uy\/web\/wp-content\/uploads\/2016\/04\/p-3935-SUE__O_MORTAL_4e83b2a4a6351.jpg",225,337,false],"woocommerce_archive_thumbnail":["https:\/\/ajupe.com.uy\/web\/wp-content\/uploads\/2016\/04\/p-3935-SUE__O_MORTAL_4e83b2a4a6351-225x300.jpg",225,300,true],"woocommerce_thumbnail":["https:\/\/ajupe.com.uy\/web\/wp-content\/uploads\/2016\/04\/p-3935-SUE__O_MORTAL_4e83b2a4a6351-225x300.jpg",225,300,true],"woocommerce_single":["https:\/\/ajupe.com.uy\/web\/wp-content\/uploads\/2016\/04\/p-3935-SUE__O_MORTAL_4e83b2a4a6351.jpg",225,337,false],"woocommerce_gallery_thumbnail":["https:\/\/ajupe.com.uy\/web\/wp-content\/uploads\/2016\/04\/p-3935-SUE__O_MORTAL_4e83b2a4a6351-100x100.jpg",100,100,true]},"post_excerpt_stackable_v2":"<p>\u00abIles contin\u00faa asombrando. Sue\u00f1o mortal da en el blanco con una trama s\u00f3lida, unos personajes perfectos y un ritmo endiabladamente calibrado.\u00bb Publishers Weekly.<\/p>\n","category_list_v2":"","author_info_v2":{"name":"","url":""},"comments_num_v2":"0 comentarios","_links":{"self":[{"href":"https:\/\/ajupe.com.uy\/web\/wp-json\/wp\/v2\/product\/3935","targetHints":{"allow":["GET"]}}],"collection":[{"href":"https:\/\/ajupe.com.uy\/web\/wp-json\/wp\/v2\/product"}],"about":[{"href":"https:\/\/ajupe.com.uy\/web\/wp-json\/wp\/v2\/types\/product"}],"wp:featuredmedia":[{"embeddable":true,"href":"https:\/\/ajupe.com.uy\/web\/wp-json\/wp\/v2\/media\/3936"}],"wp:attachment":[{"href":"https:\/\/ajupe.com.uy\/web\/wp-json\/wp\/v2\/media?parent=3935"}],"wp:term":[{"taxonomy":"product_brand","embeddable":true,"href":"https:\/\/ajupe.com.uy\/web\/wp-json\/wp\/v2\/product_brand?post=3935"},{"taxonomy":"product_cat","embeddable":true,"href":"https:\/\/ajupe.com.uy\/web\/wp-json\/wp\/v2\/product_cat?post=3935"},{"taxonomy":"product_tag","embeddable":true,"href":"https:\/\/ajupe.com.uy\/web\/wp-json\/wp\/v2\/product_tag?post=3935"}],"curies":[{"name":"wp","href":"https:\/\/api.w.org\/{rel}","templated":true}]}}