{"id":4046,"date":"2011-10-01T00:10:16","date_gmt":"2011-10-01T03:10:16","guid":{"rendered":"http:\/\/ajupe.com.uy\/web\/?post_type=product&#038;p=4046"},"modified":"2011-10-01T00:10:16","modified_gmt":"2011-10-01T03:10:16","slug":"vivir-para-contarla","status":"publish","type":"product","link":"https:\/\/ajupe.com.uy\/web\/biblioteca\/vivir-para-contarla\/","title":{"rendered":"VIVIR PARA CONTARLA"},"content":{"rendered":"<p>Es la novela de una vida y, a lo largo de sus p\u00e1ginas el lector de Garc\u00eda M\u00e1rquez descubrir\u00e1 ecos de personajes e historias que han poblado sus inolvidables novelas como Cien a\u00f1os de soledad o El amor en los tiempos del c\u00f3lera, convirti\u00e9ndose de este modo en una gu\u00eda de lectura para toda su obra, un compa\u00f1ero de viaje imprescindible para iluminar pasajes y personajes inolvidables, que tras la lectura de estas p\u00e1ginas adquieren una nueva perspectiva.<\/p>\n","protected":false},"excerpt":{"rendered":"<p>Vivir para contarla es, probablemente, uno de los libros m\u00e1s esparados de la d\u00e9cada, compendio y recreaci\u00f3n de un tiempo clave en la vida de su autor, los a\u00f1os de la infancia y juventud, aquellos en los que se fundar\u00eda todo el imaginario que, con el tiemp<\/p>\n","protected":false},"featured_media":4047,"template":"","meta":[],"product_brand":[168],"product_cat":[36,29],"product_tag":[],"class_list":{"0":"post-4046","1":"product","2":"type-product","3":"status-publish","4":"has-post-thumbnail","6":"product_brand-gabriel-garcia-marquez","7":"product_cat-autobiografico","8":"product_cat-novela","10":"first","11":"instock","12":"purchasable","13":"product-type-simple"},"featured_image_urls_v2":{"full":["https:\/\/ajupe.com.uy\/web\/wp-content\/uploads\/2016\/04\/p-4046-VIVIR_PARA_CONTA_4e865a686720d.jpg",126,216,false],"thumbnail":["https:\/\/ajupe.com.uy\/web\/wp-content\/uploads\/2016\/04\/p-4046-VIVIR_PARA_CONTA_4e865a686720d.jpg",150,150,true],"medium":["https:\/\/ajupe.com.uy\/web\/wp-content\/uploads\/2016\/04\/p-4046-VIVIR_PARA_CONTA_4e865a686720d.jpg",300,214,true],"medium_large":["https:\/\/ajupe.com.uy\/web\/wp-content\/uploads\/2016\/04\/p-4046-VIVIR_PARA_CONTA_4e865a686720d.jpg",126,216,false],"large":["https:\/\/ajupe.com.uy\/web\/wp-content\/uploads\/2016\/04\/p-4046-VIVIR_PARA_CONTA_4e865a686720d.jpg",126,216,false],"1536x1536":["https:\/\/ajupe.com.uy\/web\/wp-content\/uploads\/2016\/04\/p-4046-VIVIR_PARA_CONTA_4e865a686720d.jpg",126,216,false],"2048x2048":["https:\/\/ajupe.com.uy\/web\/wp-content\/uploads\/2016\/04\/p-4046-VIVIR_PARA_CONTA_4e865a686720d.jpg",126,216,false],"woocommerce_archive_thumbnail":["https:\/\/ajupe.com.uy\/web\/wp-content\/uploads\/2016\/04\/p-4046-VIVIR_PARA_CONTA_4e865a686720d.jpg",126,216,false],"woocommerce_thumbnail":["https:\/\/ajupe.com.uy\/web\/wp-content\/uploads\/2016\/04\/p-4046-VIVIR_PARA_CONTA_4e865a686720d.jpg",126,216,false],"woocommerce_single":["https:\/\/ajupe.com.uy\/web\/wp-content\/uploads\/2016\/04\/p-4046-VIVIR_PARA_CONTA_4e865a686720d.jpg",126,216,false],"woocommerce_gallery_thumbnail":["https:\/\/ajupe.com.uy\/web\/wp-content\/uploads\/2016\/04\/p-4046-VIVIR_PARA_CONTA_4e865a686720d-100x100.jpg",100,100,true]},"post_excerpt_stackable_v2":"<p>Vivir para contarla es, probablemente, uno de los libros m\u00e1s esparados de la d\u00e9cada, compendio y recreaci\u00f3n de un tiempo clave en la vida de su autor, los a\u00f1os de la infancia y juventud, aquellos en los que se fundar\u00eda todo el imaginario que, con el tiemp<\/p>\n","category_list_v2":"","author_info_v2":{"name":"","url":""},"comments_num_v2":"0 comentarios","_links":{"self":[{"href":"https:\/\/ajupe.com.uy\/web\/wp-json\/wp\/v2\/product\/4046","targetHints":{"allow":["GET"]}}],"collection":[{"href":"https:\/\/ajupe.com.uy\/web\/wp-json\/wp\/v2\/product"}],"about":[{"href":"https:\/\/ajupe.com.uy\/web\/wp-json\/wp\/v2\/types\/product"}],"wp:featuredmedia":[{"embeddable":true,"href":"https:\/\/ajupe.com.uy\/web\/wp-json\/wp\/v2\/media\/4047"}],"wp:attachment":[{"href":"https:\/\/ajupe.com.uy\/web\/wp-json\/wp\/v2\/media?parent=4046"}],"wp:term":[{"taxonomy":"product_brand","embeddable":true,"href":"https:\/\/ajupe.com.uy\/web\/wp-json\/wp\/v2\/product_brand?post=4046"},{"taxonomy":"product_cat","embeddable":true,"href":"https:\/\/ajupe.com.uy\/web\/wp-json\/wp\/v2\/product_cat?post=4046"},{"taxonomy":"product_tag","embeddable":true,"href":"https:\/\/ajupe.com.uy\/web\/wp-json\/wp\/v2\/product_tag?post=4046"}],"curies":[{"name":"wp","href":"https:\/\/api.w.org\/{rel}","templated":true}]}}