{"id":4049,"date":"2011-10-01T00:22:46","date_gmt":"2011-10-01T03:22:46","guid":{"rendered":"http:\/\/ajupe.com.uy\/web\/?post_type=product&#038;p=4049"},"modified":"2011-10-11T16:03:10","modified_gmt":"2011-10-11T19:03:10","slug":"demanda-infalible","status":"publish","type":"product","link":"https:\/\/ajupe.com.uy\/web\/biblioteca\/demanda-infalible\/","title":{"rendered":"DEMANDA INFALIBLE"},"content":{"rendered":"<p>Esta novela narra las peripecias de Robbie Feaver, abogado especialista en demandas por da\u00f1os y perjuicios con fama de ganar la mayor\u00eda de los casos. Pero una generosa cuenta bancaria sin declarar pone al fisco sobre la pista de Robbie, y finalmente \u00e9ste tiene que aceptar conseguir una serie de pruebas sobre corrupci\u00f3n a cambio de no ir a la c\u00e1rcel. Todo se complica con la llegada de una agente del FBI que, aunque Feaver representa todo lo que ella desprecia, acabar\u00e1 sintiendose atra\u00edda por este personaje de contradicciones casi shakesperianas. Alternando con gran destreza la primera persona y el narrador omnisciente, Turrow logra una trama compleja e inteligente donde las muchas piezas de lo que parece un rompecabezas acaban encajando poco a poco a la vez que proporciona detalles fascinantes sobre la profesi\u00f3n jur\u00eddica y el sistema judicial.<\/p>\n","protected":false},"excerpt":{"rendered":"<p>La obra de Scott Turrow, considerada su mejor novela, es un tenso y dram\u00e1tico Thriller que presenta un magistral retrato sobre la corrupci\u00f3n.<\/p>\n","protected":false},"featured_media":4050,"template":"","meta":[],"product_brand":[317],"product_cat":[30,48],"product_tag":[],"class_list":{"0":"post-4049","1":"product","2":"type-product","3":"status-publish","4":"has-post-thumbnail","6":"product_brand-scott-turow","7":"product_cat-suspenso","8":"product_cat-thrillers","10":"first","11":"instock","12":"purchasable","13":"product-type-simple"},"featured_image_urls_v2":{"full":["https:\/\/ajupe.com.uy\/web\/wp-content\/uploads\/2016\/04\/p-4049-DEMANDA_INFALIBL_4e865d5642dd7.gif",170,270,false],"thumbnail":["https:\/\/ajupe.com.uy\/web\/wp-content\/uploads\/2016\/04\/p-4049-DEMANDA_INFALIBL_4e865d5642dd7.gif",150,150,true],"medium":["https:\/\/ajupe.com.uy\/web\/wp-content\/uploads\/2016\/04\/p-4049-DEMANDA_INFALIBL_4e865d5642dd7.gif",300,214,true],"medium_large":["https:\/\/ajupe.com.uy\/web\/wp-content\/uploads\/2016\/04\/p-4049-DEMANDA_INFALIBL_4e865d5642dd7.gif",170,270,false],"large":["https:\/\/ajupe.com.uy\/web\/wp-content\/uploads\/2016\/04\/p-4049-DEMANDA_INFALIBL_4e865d5642dd7.gif",170,270,false],"1536x1536":["https:\/\/ajupe.com.uy\/web\/wp-content\/uploads\/2016\/04\/p-4049-DEMANDA_INFALIBL_4e865d5642dd7.gif",170,270,false],"2048x2048":["https:\/\/ajupe.com.uy\/web\/wp-content\/uploads\/2016\/04\/p-4049-DEMANDA_INFALIBL_4e865d5642dd7.gif",170,270,false],"woocommerce_archive_thumbnail":["https:\/\/ajupe.com.uy\/web\/wp-content\/uploads\/2016\/04\/p-4049-DEMANDA_INFALIBL_4e865d5642dd7.gif",170,270,false],"woocommerce_thumbnail":["https:\/\/ajupe.com.uy\/web\/wp-content\/uploads\/2016\/04\/p-4049-DEMANDA_INFALIBL_4e865d5642dd7.gif",170,270,false],"woocommerce_single":["https:\/\/ajupe.com.uy\/web\/wp-content\/uploads\/2016\/04\/p-4049-DEMANDA_INFALIBL_4e865d5642dd7.gif",170,270,false],"woocommerce_gallery_thumbnail":["https:\/\/ajupe.com.uy\/web\/wp-content\/uploads\/2016\/04\/p-4049-DEMANDA_INFALIBL_4e865d5642dd7-100x100.gif",100,100,true]},"post_excerpt_stackable_v2":"<p>La obra de Scott Turrow, considerada su mejor novela, es un tenso y dram\u00e1tico Thriller que presenta un magistral retrato sobre la corrupci\u00f3n.<\/p>\n","category_list_v2":"","author_info_v2":{"name":"","url":""},"comments_num_v2":"0 comentarios","_links":{"self":[{"href":"https:\/\/ajupe.com.uy\/web\/wp-json\/wp\/v2\/product\/4049","targetHints":{"allow":["GET"]}}],"collection":[{"href":"https:\/\/ajupe.com.uy\/web\/wp-json\/wp\/v2\/product"}],"about":[{"href":"https:\/\/ajupe.com.uy\/web\/wp-json\/wp\/v2\/types\/product"}],"wp:featuredmedia":[{"embeddable":true,"href":"https:\/\/ajupe.com.uy\/web\/wp-json\/wp\/v2\/media\/4050"}],"wp:attachment":[{"href":"https:\/\/ajupe.com.uy\/web\/wp-json\/wp\/v2\/media?parent=4049"}],"wp:term":[{"taxonomy":"product_brand","embeddable":true,"href":"https:\/\/ajupe.com.uy\/web\/wp-json\/wp\/v2\/product_brand?post=4049"},{"taxonomy":"product_cat","embeddable":true,"href":"https:\/\/ajupe.com.uy\/web\/wp-json\/wp\/v2\/product_cat?post=4049"},{"taxonomy":"product_tag","embeddable":true,"href":"https:\/\/ajupe.com.uy\/web\/wp-json\/wp\/v2\/product_tag?post=4049"}],"curies":[{"name":"wp","href":"https:\/\/api.w.org\/{rel}","templated":true}]}}