{"id":4058,"date":"2011-10-01T01:05:26","date_gmt":"2011-10-01T04:05:26","guid":{"rendered":"http:\/\/ajupe.com.uy\/web\/?post_type=product&#038;p=4058"},"modified":"2011-10-12T15:28:16","modified_gmt":"2011-10-12T18:28:16","slug":"orientales-v","status":"publish","type":"product","link":"https:\/\/ajupe.com.uy\/web\/biblioteca\/orientales-v\/","title":{"rendered":"Orientales V"},"content":{"rendered":"<p><span style=\"margin-top: 0pt; margin-bottom: 0pt;\">Este  quinto tomo de la serie \u201cOrientales\u201d refiere a las presidencias de  Julio Mar\u00eda Sanguinetti (1985-1990), Luis Alberto Lacalle (1990-1995),  Julio Mar\u00eda Sanguinetti nuevamente (1995-2000) y Jorge Batlle Ib\u00e1\u00f1ez  (2000-2005). Se detiene en el momento en que el Uruguay vivi\u00f3 uno de los  cambios m\u00e1s profundos de su historia al asumir un presidente el Dr.  Tabar\u00e9 V\u00e1zquez-, no elegido dentro de los lemas tradicionales. Se  recorre, en la elocuencia de los hechos, el proceso que transcurri\u00f3  entre la esperanzada alegr\u00eda de la libertad recobrada y los d\u00edas  sombr\u00edos del 2002, cuando las estructuras econ\u00f3micas y de alguna manera  tambi\u00e9n las pol\u00edticas-, crujieron ante el embate de una crisis cuya  gravedad resiste escaso parang\u00f3n en la historia del pa\u00eds. El \u00e1spero  sendero de esos 20 riqu\u00edsimos a\u00f1os pas\u00f3 por hechos de medular  importancia: la eventual revisi\u00f3n de las violaciones de los derechos  humanos que tuvieron lugar durante la dictadura, que deriv\u00f3 en la  aprobaci\u00f3n de la Ley de Caducidad de la Pretensi\u00f3n Punitiva del Estado;  la muerte, nunca suficientemente lamentada, de Wilson Ferreira Aldunate,  el mayor caudillo del Partido Nacional en medio siglo; el gobierno del  \u00fanico presidente blanco de todo el siglo XX, el Dr. Luis Alberto  Lacalle, que intent\u00f3 una profunda transformaci\u00f3n del Estado batllista y  obtuvo en ese empe\u00f1o grandes \u00e9xitos y grandes fracasos; la anulaci\u00f3n por  refer\u00e9ndum de dos art\u00edculos de la Ley de Empresas P\u00fablicas, que mostr\u00f3  la adhesi\u00f3n de la sociedad a los esquemas tradicionales; el cogobierno  de los partidos Colorado y Nacional desarrollado durante la segunda  presidencia de Sanguinetti, que instaur\u00f3 un gradualismo reformista en  absoluto exento de profundidad; y por \u00faltimo, la presidencia del Dr.  Jorge Batlle, cuyo programa liberal se vio frustrado por acontecimientos  ex\u00f3genos que hicieron pr\u00e1cticamente imposible su aplicaci\u00f3n. En curiosa  trayectoria circular, el Uruguay parti\u00f3 de las altas ilusiones de 1985,  atraves\u00f3 por d\u00edas de furia y violencia social que se cre\u00edan para  siempre desterrados y recuper\u00f3 la esperanza al provocar el cambio  pol\u00edtico que llev\u00f3 al Encuentro Progresista-Frente Amplio a una holgada  victoria electoral. Esperanza que no ha estado ni est\u00e1 libre de l\u00f3gicas  incertidumbres. Y como permanente tel\u00f3n de fondo, el drama de una  sociedad que no termina de encontrar los caminos del desarrollo y el  bienestar colectivo, que supo, en tiempos mejores, transitar  soberanamente\u201d. <\/span><\/p>\n","protected":false},"excerpt":{"rendered":"<p>Este quinto tomo de la serie \u201cOrientales\u201d refiere a las presidencias de Julio Mar\u00eda Sanguinetti (1985-1990), Luis Alberto Lacalle (1990-1995), Julio Mar\u00eda Sanguinetti nuevamente (1995-2000) y Jorge Batlle Ib\u00e1\u00f1ez (2000-2005). Se detiene en el momento en que el Uruguay vivi\u00f3 uno de los cambios m\u00e1s profundos de su historia al asumir un presidente el Dr. [&hellip;]<\/p>\n","protected":false},"featured_media":4059,"template":"","meta":[],"product_brand":[489],"product_cat":[31,45],"product_tag":[],"class_list":{"0":"post-4058","1":"product","2":"type-product","3":"status-publish","4":"has-post-thumbnail","6":"product_brand-lincoln-r-maiztegui-casas","7":"product_cat-historico","8":"product_cat-uruguayo","10":"first","11":"instock","12":"purchasable","13":"product-type-simple"},"featured_image_urls_v2":{"full":["https:\/\/ajupe.com.uy\/web\/wp-content\/uploads\/2016\/04\/p-4058-Orientales_V_4e866756d6b84.jpg",100,133,false],"thumbnail":["https:\/\/ajupe.com.uy\/web\/wp-content\/uploads\/2016\/04\/p-4058-Orientales_V_4e866756d6b84.jpg",150,150,true],"medium":["https:\/\/ajupe.com.uy\/web\/wp-content\/uploads\/2016\/04\/p-4058-Orientales_V_4e866756d6b84.jpg",300,214,true],"medium_large":["https:\/\/ajupe.com.uy\/web\/wp-content\/uploads\/2016\/04\/p-4058-Orientales_V_4e866756d6b84.jpg",100,133,false],"large":["https:\/\/ajupe.com.uy\/web\/wp-content\/uploads\/2016\/04\/p-4058-Orientales_V_4e866756d6b84.jpg",100,133,false],"1536x1536":["https:\/\/ajupe.com.uy\/web\/wp-content\/uploads\/2016\/04\/p-4058-Orientales_V_4e866756d6b84.jpg",100,133,false],"2048x2048":["https:\/\/ajupe.com.uy\/web\/wp-content\/uploads\/2016\/04\/p-4058-Orientales_V_4e866756d6b84.jpg",100,133,false],"woocommerce_archive_thumbnail":["https:\/\/ajupe.com.uy\/web\/wp-content\/uploads\/2016\/04\/p-4058-Orientales_V_4e866756d6b84.jpg",100,133,false],"woocommerce_thumbnail":["https:\/\/ajupe.com.uy\/web\/wp-content\/uploads\/2016\/04\/p-4058-Orientales_V_4e866756d6b84.jpg",100,133,false],"woocommerce_single":["https:\/\/ajupe.com.uy\/web\/wp-content\/uploads\/2016\/04\/p-4058-Orientales_V_4e866756d6b84.jpg",100,133,false],"woocommerce_gallery_thumbnail":["https:\/\/ajupe.com.uy\/web\/wp-content\/uploads\/2016\/04\/p-4058-Orientales_V_4e866756d6b84-100x100.jpg",100,100,true]},"post_excerpt_stackable_v2":"<p>Este quinto tomo de la serie \u201cOrientales\u201d refiere a las presidencias de Julio Mar\u00eda Sanguinetti (1985-1990), Luis Alberto Lacalle (1990-1995), Julio Mar\u00eda Sanguinetti nuevamente (1995-2000) y Jorge Batlle Ib\u00e1\u00f1ez (2000-2005). Se detiene en el momento en que el Uruguay vivi\u00f3 uno de los cambios m\u00e1s profundos de su historia al asumir un presidente el Dr. Tabar\u00e9 V\u00e1zquez-, no elegido dentro de los lemas tradicionales. Se recorre, en la elocuencia de los hechos, el proceso que transcurri\u00f3 entre la esperanzada alegr\u00eda de la libertad recobrada y los d\u00edas sombr\u00edos del 2002, cuando las estructuras econ\u00f3micas y de alguna manera tambi\u00e9n las&hellip;<\/p>\n","category_list_v2":"","author_info_v2":{"name":"","url":""},"comments_num_v2":"0 comentarios","_links":{"self":[{"href":"https:\/\/ajupe.com.uy\/web\/wp-json\/wp\/v2\/product\/4058","targetHints":{"allow":["GET"]}}],"collection":[{"href":"https:\/\/ajupe.com.uy\/web\/wp-json\/wp\/v2\/product"}],"about":[{"href":"https:\/\/ajupe.com.uy\/web\/wp-json\/wp\/v2\/types\/product"}],"wp:featuredmedia":[{"embeddable":true,"href":"https:\/\/ajupe.com.uy\/web\/wp-json\/wp\/v2\/media\/4059"}],"wp:attachment":[{"href":"https:\/\/ajupe.com.uy\/web\/wp-json\/wp\/v2\/media?parent=4058"}],"wp:term":[{"taxonomy":"product_brand","embeddable":true,"href":"https:\/\/ajupe.com.uy\/web\/wp-json\/wp\/v2\/product_brand?post=4058"},{"taxonomy":"product_cat","embeddable":true,"href":"https:\/\/ajupe.com.uy\/web\/wp-json\/wp\/v2\/product_cat?post=4058"},{"taxonomy":"product_tag","embeddable":true,"href":"https:\/\/ajupe.com.uy\/web\/wp-json\/wp\/v2\/product_tag?post=4058"}],"curies":[{"name":"wp","href":"https:\/\/api.w.org\/{rel}","templated":true}]}}