{"id":4061,"date":"2011-10-01T01:11:42","date_gmt":"2011-10-01T04:11:42","guid":{"rendered":"http:\/\/ajupe.com.uy\/web\/?post_type=product&#038;p=4061"},"modified":"2011-10-11T16:04:10","modified_gmt":"2011-10-11T19:04:10","slug":"luna-funesta","status":"publish","type":"product","link":"https:\/\/ajupe.com.uy\/web\/biblioteca\/luna-funesta\/","title":{"rendered":"LUNA FUNESTA"},"content":{"rendered":"<p>Tras varios a\u00f1os en la c\u00e1rcel, Cassie Black desea cerrar su historial delictivo para siempre y llevar una vida convencional. Trabaja en un concesionario de autom\u00f3viles de Los \u00c1ngeles y nada parece enturbiar su plena reinserci\u00f3n hasta que un hecho inesperado le obliga a dar un golpe final y jug\u00e1rselo todo a una carta. Para ello recurre a Leo Renfro, un amigo de los viejos tiempos que le propone participar en un gran robo en Las Vegas. A pesar de lo arriesgado del asunto, Cassie acepta convencida de que con su experiencia como ladrona de guante blanco lograr\u00e1 salir airosa de la operaci\u00f3n. Supersticioso, Leo le da un \u00faltimo consejo: evitar realizar el trabajo durante la luna vac\u00eda de curso, una situaci\u00f3n astral que puede torcer incluso el plan m\u00e1s perfecto.<\/p>\n","protected":false},"excerpt":{"rendered":"<p>C. Black desea cerrar su historial delictivo para siempre. Trabaja en un concesionario de autom\u00f3viles de Los \u00c1ngeles, pero un hecho inesperado le obliga a jug\u00e1rselo todo a una carta.<\/p>\n","protected":false},"featured_media":4062,"template":"","meta":[],"product_brand":[384],"product_cat":[43,40],"product_tag":[],"class_list":{"0":"post-4061","1":"product","2":"type-product","3":"status-publish","4":"has-post-thumbnail","6":"product_brand-michael-connelly","7":"product_cat-espionaje","8":"product_cat-policial","10":"first","11":"instock","12":"purchasable","13":"product-type-simple"},"featured_image_urls_v2":{"full":["https:\/\/ajupe.com.uy\/web\/wp-content\/uploads\/2016\/04\/p-4061-LUNA_FUNESTA_4e8668ce2ea76.jpg",200,150,false],"thumbnail":["https:\/\/ajupe.com.uy\/web\/wp-content\/uploads\/2016\/04\/p-4061-LUNA_FUNESTA_4e8668ce2ea76.jpg",150,150,true],"medium":["https:\/\/ajupe.com.uy\/web\/wp-content\/uploads\/2016\/04\/p-4061-LUNA_FUNESTA_4e8668ce2ea76.jpg",300,214,true],"medium_large":["https:\/\/ajupe.com.uy\/web\/wp-content\/uploads\/2016\/04\/p-4061-LUNA_FUNESTA_4e8668ce2ea76.jpg",200,150,false],"large":["https:\/\/ajupe.com.uy\/web\/wp-content\/uploads\/2016\/04\/p-4061-LUNA_FUNESTA_4e8668ce2ea76.jpg",200,150,false],"1536x1536":["https:\/\/ajupe.com.uy\/web\/wp-content\/uploads\/2016\/04\/p-4061-LUNA_FUNESTA_4e8668ce2ea76.jpg",200,150,false],"2048x2048":["https:\/\/ajupe.com.uy\/web\/wp-content\/uploads\/2016\/04\/p-4061-LUNA_FUNESTA_4e8668ce2ea76.jpg",200,150,false],"woocommerce_archive_thumbnail":["https:\/\/ajupe.com.uy\/web\/wp-content\/uploads\/2016\/04\/p-4061-LUNA_FUNESTA_4e8668ce2ea76.jpg",200,150,false],"woocommerce_thumbnail":["https:\/\/ajupe.com.uy\/web\/wp-content\/uploads\/2016\/04\/p-4061-LUNA_FUNESTA_4e8668ce2ea76.jpg",200,150,false],"woocommerce_single":["https:\/\/ajupe.com.uy\/web\/wp-content\/uploads\/2016\/04\/p-4061-LUNA_FUNESTA_4e8668ce2ea76.jpg",200,150,false],"woocommerce_gallery_thumbnail":["https:\/\/ajupe.com.uy\/web\/wp-content\/uploads\/2016\/04\/p-4061-LUNA_FUNESTA_4e8668ce2ea76-100x100.jpg",100,100,true]},"post_excerpt_stackable_v2":"<p>C. Black desea cerrar su historial delictivo para siempre. Trabaja en un concesionario de autom\u00f3viles de Los \u00c1ngeles, pero un hecho inesperado le obliga a jug\u00e1rselo todo a una carta.<\/p>\n","category_list_v2":"","author_info_v2":{"name":"","url":""},"comments_num_v2":"0 comentarios","_links":{"self":[{"href":"https:\/\/ajupe.com.uy\/web\/wp-json\/wp\/v2\/product\/4061","targetHints":{"allow":["GET"]}}],"collection":[{"href":"https:\/\/ajupe.com.uy\/web\/wp-json\/wp\/v2\/product"}],"about":[{"href":"https:\/\/ajupe.com.uy\/web\/wp-json\/wp\/v2\/types\/product"}],"wp:featuredmedia":[{"embeddable":true,"href":"https:\/\/ajupe.com.uy\/web\/wp-json\/wp\/v2\/media\/4062"}],"wp:attachment":[{"href":"https:\/\/ajupe.com.uy\/web\/wp-json\/wp\/v2\/media?parent=4061"}],"wp:term":[{"taxonomy":"product_brand","embeddable":true,"href":"https:\/\/ajupe.com.uy\/web\/wp-json\/wp\/v2\/product_brand?post=4061"},{"taxonomy":"product_cat","embeddable":true,"href":"https:\/\/ajupe.com.uy\/web\/wp-json\/wp\/v2\/product_cat?post=4061"},{"taxonomy":"product_tag","embeddable":true,"href":"https:\/\/ajupe.com.uy\/web\/wp-json\/wp\/v2\/product_tag?post=4061"}],"curies":[{"name":"wp","href":"https:\/\/api.w.org\/{rel}","templated":true}]}}