{"id":4067,"date":"2011-10-01T19:29:05","date_gmt":"2011-10-01T22:29:05","guid":{"rendered":"http:\/\/ajupe.com.uy\/web\/?post_type=product&#038;p=4067"},"modified":"2011-10-01T19:29:05","modified_gmt":"2011-10-01T22:29:05","slug":"a-cualquier-precio","status":"publish","type":"product","link":"https:\/\/ajupe.com.uy\/web\/biblioteca\/a-cualquier-precio\/","title":{"rendered":"A CUALQUIER PRECIO"},"content":{"rendered":"<p>David Buchanan,miembro de uno de los lobbies m\u00e1s influyentes de Washington,aplica sucias presiones para financiar causas tan honrosas como la cooperaci\u00f3n internacional o la protecci\u00f3n medioambiental.Robert Thornhill,un alto cargo de la CIA,descubre el juego y empieza a chantajear a Buchanan.Tambi\u00e9n el lucha por lo que considera una causa justa:devolver a la CIA el pretigio que tuvo en otro tiempo.La situaci\u00f3n se ha vuelto insostenible desde que el FBI controla cada una de sus acciones.Una tercera persona implicada opina que el asunto ha ido demasiado lejos:Faith Lockhart,mano derecha de Buchanan,se niega a que prosperen los sue\u00f1os megal\u00f3manos de Thornhill y decide confesarlo todo al FBI.A partir de ese momento su vida tiene un precio.<\/p>\n","protected":false},"excerpt":{"rendered":"<p>David Buchanan aplica sucias presiones para financiar causas honrosas. Robert Thornhill, un alto cargo de la CIA, descubre el juego y empieza a chantajearle, pues quiere devolver a la CIA el prestigio perdido. Faith Lockhart, una tercera persona implicada<\/p>\n","protected":false},"featured_media":4068,"template":"","meta":[],"product_brand":[414],"product_cat":[43,40,30],"product_tag":[],"class_list":{"0":"post-4067","1":"product","2":"type-product","3":"status-publish","4":"has-post-thumbnail","6":"product_brand-david-baldacci","7":"product_cat-espionaje","8":"product_cat-policial","9":"product_cat-suspenso","11":"first","12":"instock","13":"purchasable","14":"product-type-simple"},"featured_image_urls_v2":{"full":["https:\/\/ajupe.com.uy\/web\/wp-content\/uploads\/2016\/04\/p-4067-A_CUALQUIER_PREC_4e876a01a5b92.jpg",200,313,false],"thumbnail":["https:\/\/ajupe.com.uy\/web\/wp-content\/uploads\/2016\/04\/p-4067-A_CUALQUIER_PREC_4e876a01a5b92.jpg",150,150,true],"medium":["https:\/\/ajupe.com.uy\/web\/wp-content\/uploads\/2016\/04\/p-4067-A_CUALQUIER_PREC_4e876a01a5b92.jpg",300,214,true],"medium_large":["https:\/\/ajupe.com.uy\/web\/wp-content\/uploads\/2016\/04\/p-4067-A_CUALQUIER_PREC_4e876a01a5b92.jpg",200,313,false],"large":["https:\/\/ajupe.com.uy\/web\/wp-content\/uploads\/2016\/04\/p-4067-A_CUALQUIER_PREC_4e876a01a5b92.jpg",200,313,false],"1536x1536":["https:\/\/ajupe.com.uy\/web\/wp-content\/uploads\/2016\/04\/p-4067-A_CUALQUIER_PREC_4e876a01a5b92.jpg",200,313,false],"2048x2048":["https:\/\/ajupe.com.uy\/web\/wp-content\/uploads\/2016\/04\/p-4067-A_CUALQUIER_PREC_4e876a01a5b92.jpg",200,313,false],"woocommerce_archive_thumbnail":["https:\/\/ajupe.com.uy\/web\/wp-content\/uploads\/2016\/04\/p-4067-A_CUALQUIER_PREC_4e876a01a5b92.jpg",200,313,false],"woocommerce_thumbnail":["https:\/\/ajupe.com.uy\/web\/wp-content\/uploads\/2016\/04\/p-4067-A_CUALQUIER_PREC_4e876a01a5b92-200x300.jpg",200,300,true],"woocommerce_single":["https:\/\/ajupe.com.uy\/web\/wp-content\/uploads\/2016\/04\/p-4067-A_CUALQUIER_PREC_4e876a01a5b92.jpg",200,313,false],"woocommerce_gallery_thumbnail":["https:\/\/ajupe.com.uy\/web\/wp-content\/uploads\/2016\/04\/p-4067-A_CUALQUIER_PREC_4e876a01a5b92-100x100.jpg",100,100,true]},"post_excerpt_stackable_v2":"<p>David Buchanan aplica sucias presiones para financiar causas honrosas. Robert Thornhill, un alto cargo de la CIA, descubre el juego y empieza a chantajearle, pues quiere devolver a la CIA el prestigio perdido. Faith Lockhart, una tercera persona implicada<\/p>\n","category_list_v2":"","author_info_v2":{"name":"","url":""},"comments_num_v2":"0 comentarios","_links":{"self":[{"href":"https:\/\/ajupe.com.uy\/web\/wp-json\/wp\/v2\/product\/4067","targetHints":{"allow":["GET"]}}],"collection":[{"href":"https:\/\/ajupe.com.uy\/web\/wp-json\/wp\/v2\/product"}],"about":[{"href":"https:\/\/ajupe.com.uy\/web\/wp-json\/wp\/v2\/types\/product"}],"wp:featuredmedia":[{"embeddable":true,"href":"https:\/\/ajupe.com.uy\/web\/wp-json\/wp\/v2\/media\/4068"}],"wp:attachment":[{"href":"https:\/\/ajupe.com.uy\/web\/wp-json\/wp\/v2\/media?parent=4067"}],"wp:term":[{"taxonomy":"product_brand","embeddable":true,"href":"https:\/\/ajupe.com.uy\/web\/wp-json\/wp\/v2\/product_brand?post=4067"},{"taxonomy":"product_cat","embeddable":true,"href":"https:\/\/ajupe.com.uy\/web\/wp-json\/wp\/v2\/product_cat?post=4067"},{"taxonomy":"product_tag","embeddable":true,"href":"https:\/\/ajupe.com.uy\/web\/wp-json\/wp\/v2\/product_tag?post=4067"}],"curies":[{"name":"wp","href":"https:\/\/api.w.org\/{rel}","templated":true}]}}