{"id":4100,"date":"2011-10-01T21:42:29","date_gmt":"2011-10-02T00:42:29","guid":{"rendered":"http:\/\/ajupe.com.uy\/web\/?post_type=product&#038;p=4100"},"modified":"2011-10-11T15:41:28","modified_gmt":"2011-10-11T18:41:28","slug":"sola-ante-el-peligro","status":"publish","type":"product","link":"https:\/\/ajupe.com.uy\/web\/biblioteca\/sola-ante-el-peligro\/","title":{"rendered":"Sola ante el peligro"},"content":{"rendered":"<p><span> <\/span><span style=\"margin-top: 0pt; margin-bottom: 0pt;\">De  la autora n\u00famero 1 en ventas del New York Times llega su \u00faltima gran  novela, la historia de una mujer que camina sin miedo por el filo del  peligro# pero que debe reunir todo su coraje para permitir que el amor  llame de nuevo a su puerta. A sus treinta y dos a\u00f1os, Phoebe MacNamara  es la negociadora jefe del departamento de polic\u00eda de la ciudad sure\u00f1a  de Savannah. Cada d\u00eda arriesga su vida para salvar la de otros empleando  \u00fanicamente sus h\u00e1biles dotes de persuasi\u00f3n. Es un trabajo que la  absorbe por completo, para el que sabe que ha nacido. Fuera de \u00e9l s\u00f3lo  queda espacio para un estrecho c\u00edrculo: su madre, su hermano, su  avispada y precoz hija de siete a\u00f1os, y unos leales amigos. Un universo  peque\u00f1o, que la exaspera a veces pero sin el cual no podr\u00eda vivir, al  que ahora querr\u00eda entrar Duncan Swift. Desde que la vio salvar a un  hombre dispuesto a suicidarse, Duncan se ha sentido intrigado y atra\u00eddo  por la mezcla de firmeza y sensibilidad que emana de Phoebe. Por eso  pone en juego todo su encanto y simpat\u00eda para acercarse a ella, derribar  poco a poco los muros que ha levantado a su alrededor y demostrarle que  estar\u00e1 a su lado cuando el peligro se cierna, implacablemente, sobre la  joven. <\/span><\/p>\n","protected":false},"excerpt":{"rendered":"<p>De la autora n\u00famero 1 en ventas del New York Times llega su \u00faltima gran novela, la historia de una mujer que camina sin miedo por el filo del peligro# pero que debe reunir todo su coraje para permitir que el amor llame de nuevo a su puerta. A sus treinta y dos a\u00f1os, Phoebe [&hellip;]<\/p>\n","protected":false},"featured_media":4101,"template":"","meta":[],"product_brand":[267],"product_cat":[29],"product_tag":[],"class_list":{"0":"post-4100","1":"product","2":"type-product","3":"status-publish","4":"has-post-thumbnail","6":"product_brand-nora-roberts","7":"product_cat-novela","9":"first","10":"instock","11":"purchasable","12":"product-type-simple"},"featured_image_urls_v2":{"full":["https:\/\/ajupe.com.uy\/web\/wp-content\/uploads\/2016\/04\/p-4100-Sola_ante_el_pel_4e8789454b122.jpg",406,598,false],"thumbnail":["https:\/\/ajupe.com.uy\/web\/wp-content\/uploads\/2016\/04\/p-4100-Sola_ante_el_pel_4e8789454b122.jpg",150,150,true],"medium":["https:\/\/ajupe.com.uy\/web\/wp-content\/uploads\/2016\/04\/p-4100-Sola_ante_el_pel_4e8789454b122.jpg",300,214,true],"medium_large":["https:\/\/ajupe.com.uy\/web\/wp-content\/uploads\/2016\/04\/p-4100-Sola_ante_el_pel_4e8789454b122.jpg",406,598,false],"large":["https:\/\/ajupe.com.uy\/web\/wp-content\/uploads\/2016\/04\/p-4100-Sola_ante_el_pel_4e8789454b122.jpg",406,598,false],"1536x1536":["https:\/\/ajupe.com.uy\/web\/wp-content\/uploads\/2016\/04\/p-4100-Sola_ante_el_pel_4e8789454b122.jpg",406,598,false],"2048x2048":["https:\/\/ajupe.com.uy\/web\/wp-content\/uploads\/2016\/04\/p-4100-Sola_ante_el_pel_4e8789454b122.jpg",406,598,false],"woocommerce_archive_thumbnail":["https:\/\/ajupe.com.uy\/web\/wp-content\/uploads\/2016\/04\/p-4100-Sola_ante_el_pel_4e8789454b122-300x450.jpg",300,450,true],"woocommerce_thumbnail":["https:\/\/ajupe.com.uy\/web\/wp-content\/uploads\/2016\/04\/p-4100-Sola_ante_el_pel_4e8789454b122-300x300.jpg",300,300,true],"woocommerce_single":["https:\/\/ajupe.com.uy\/web\/wp-content\/uploads\/2016\/04\/p-4100-Sola_ante_el_pel_4e8789454b122-300x442.jpg",300,442,true],"woocommerce_gallery_thumbnail":["https:\/\/ajupe.com.uy\/web\/wp-content\/uploads\/2016\/04\/p-4100-Sola_ante_el_pel_4e8789454b122-100x100.jpg",100,100,true]},"post_excerpt_stackable_v2":"<p>De la autora n\u00famero 1 en ventas del New York Times llega su \u00faltima gran novela, la historia de una mujer que camina sin miedo por el filo del peligro# pero que debe reunir todo su coraje para permitir que el amor llame de nuevo a su puerta. A sus treinta y dos a\u00f1os, Phoebe MacNamara es la negociadora jefe del departamento de polic\u00eda de la ciudad sure\u00f1a de Savannah. Cada d\u00eda arriesga su vida para salvar la de otros empleando \u00fanicamente sus h\u00e1biles dotes de persuasi\u00f3n. Es un trabajo que la absorbe por completo, para el que sabe que&hellip;<\/p>\n","category_list_v2":"","author_info_v2":{"name":"","url":""},"comments_num_v2":"0 comentarios","_links":{"self":[{"href":"https:\/\/ajupe.com.uy\/web\/wp-json\/wp\/v2\/product\/4100","targetHints":{"allow":["GET"]}}],"collection":[{"href":"https:\/\/ajupe.com.uy\/web\/wp-json\/wp\/v2\/product"}],"about":[{"href":"https:\/\/ajupe.com.uy\/web\/wp-json\/wp\/v2\/types\/product"}],"wp:featuredmedia":[{"embeddable":true,"href":"https:\/\/ajupe.com.uy\/web\/wp-json\/wp\/v2\/media\/4101"}],"wp:attachment":[{"href":"https:\/\/ajupe.com.uy\/web\/wp-json\/wp\/v2\/media?parent=4100"}],"wp:term":[{"taxonomy":"product_brand","embeddable":true,"href":"https:\/\/ajupe.com.uy\/web\/wp-json\/wp\/v2\/product_brand?post=4100"},{"taxonomy":"product_cat","embeddable":true,"href":"https:\/\/ajupe.com.uy\/web\/wp-json\/wp\/v2\/product_cat?post=4100"},{"taxonomy":"product_tag","embeddable":true,"href":"https:\/\/ajupe.com.uy\/web\/wp-json\/wp\/v2\/product_tag?post=4100"}],"curies":[{"name":"wp","href":"https:\/\/api.w.org\/{rel}","templated":true}]}}