{"id":4118,"date":"2011-10-01T22:11:56","date_gmt":"2011-10-02T01:11:56","guid":{"rendered":"http:\/\/ajupe.com.uy\/web\/?post_type=product&#038;p=4118"},"modified":"2011-10-01T22:11:56","modified_gmt":"2011-10-02T01:11:56","slug":"urania","status":"publish","type":"product","link":"https:\/\/ajupe.com.uy\/web\/biblioteca\/urania\/","title":{"rendered":"Urania"},"content":{"rendered":"<p>\u00abUna  de dos: uno se arriesga ser tragado por la literatura, o a ser tragado  por s\u00ed mismo. Si se deja tragar por si mismo, se vuelve loco. Si se deja  tragar por la literatura, se vuelve escritor\u00bb.<\/p>\n<p>El  camino de J.M.G. Le Cl\u00e9zio va de la locura a la escritura, de la  escucha de s\u00ed mismo a la del mundo, del torbellino de la palabra al  tiempo del relato.<\/p>\n<p>El atestado hurgaba en las fisuras de la lengua de la tribu y con ello en los fundamentos de la individualidad.<\/p>\n<p>Admirador  de Lautreamont, Artaud, Rimbaud, Michaux, la violenta originalidad de  sus primeros libros estaba en sinton\u00eda con los abordajes del nouveau  roman, de Nathalie Sarraute, con los sucesos del mayo franc\u00e9s. Pero en  pleno estallido de la revuelta Le Cl\u00e9zio se internaba a solas en la  selva, y entraba en contacto con las culturas originarias de Mexico y  Panama: comenzaba su radical viraje hacia las cosas. Es por eso que  puede parecer no un escritor sino muchos, autor ubicuo inasible, pues ha  sabido poner la aparente variaci\u00f3n de sus intereses al servicio de una  invariable sinceridad. La extranjer\u00eda y el viaje son sus marcas  permanentes: el viaje de exploraci\u00f3n interior, el viaje del aventurero  que sigue las huellas de sus ancestros de sangre y de letra (Verne,  Stevenson), el viaje del antiantrop\u00f3logo que se empecina en escuchar lo  que las culturas que la suya ahog\u00f3 en esclavitud y sangre tienen a\u00fan  para decir.\ufeff\ufeff<\/p>\n","protected":false},"excerpt":{"rendered":"<p>\u00abUna de dos: uno se arriesga ser tragado por la literatura, o a ser tragado por s\u00ed mismo. Si se deja tragar por si mismo, se vuelve loco. Si se deja tragar por la literatura, se vuelve escritor\u00bb. El camino de J.M.G. Le Cl\u00e9zio va de la locura a la escritura, de la escucha de [&hellip;]<\/p>\n","protected":false},"featured_media":4119,"template":"","meta":[],"product_brand":[709],"product_cat":[47,29],"product_tag":[],"class_list":{"0":"post-4118","1":"product","2":"type-product","3":"status-publish","4":"has-post-thumbnail","6":"product_brand-j-m-g-le-clezio","7":"product_cat-ensayo","8":"product_cat-novela","10":"first","11":"instock","12":"purchasable","13":"product-type-simple"},"featured_image_urls_v2":{"full":["https:\/\/ajupe.com.uy\/web\/wp-content\/uploads\/2016\/04\/p-4118-Urania_4e87902c97d47.jpg",300,300,false],"thumbnail":["https:\/\/ajupe.com.uy\/web\/wp-content\/uploads\/2016\/04\/p-4118-Urania_4e87902c97d47.jpg",150,150,true],"medium":["https:\/\/ajupe.com.uy\/web\/wp-content\/uploads\/2016\/04\/p-4118-Urania_4e87902c97d47.jpg",300,214,true],"medium_large":["https:\/\/ajupe.com.uy\/web\/wp-content\/uploads\/2016\/04\/p-4118-Urania_4e87902c97d47.jpg",300,300,false],"large":["https:\/\/ajupe.com.uy\/web\/wp-content\/uploads\/2016\/04\/p-4118-Urania_4e87902c97d47.jpg",300,300,false],"1536x1536":["https:\/\/ajupe.com.uy\/web\/wp-content\/uploads\/2016\/04\/p-4118-Urania_4e87902c97d47.jpg",300,300,false],"2048x2048":["https:\/\/ajupe.com.uy\/web\/wp-content\/uploads\/2016\/04\/p-4118-Urania_4e87902c97d47.jpg",300,300,false],"woocommerce_archive_thumbnail":["https:\/\/ajupe.com.uy\/web\/wp-content\/uploads\/2016\/04\/p-4118-Urania_4e87902c97d47.jpg",300,300,false],"woocommerce_thumbnail":["https:\/\/ajupe.com.uy\/web\/wp-content\/uploads\/2016\/04\/p-4118-Urania_4e87902c97d47.jpg",300,300,false],"woocommerce_single":["https:\/\/ajupe.com.uy\/web\/wp-content\/uploads\/2016\/04\/p-4118-Urania_4e87902c97d47.jpg",300,300,false],"woocommerce_gallery_thumbnail":["https:\/\/ajupe.com.uy\/web\/wp-content\/uploads\/2016\/04\/p-4118-Urania_4e87902c97d47-100x100.jpg",100,100,true]},"post_excerpt_stackable_v2":"<p>\u00abUna de dos: uno se arriesga ser tragado por la literatura, o a ser tragado por s\u00ed mismo. Si se deja tragar por si mismo, se vuelve loco. Si se deja tragar por la literatura, se vuelve escritor\u00bb. El camino de J.M.G. Le Cl\u00e9zio va de la locura a la escritura, de la escucha de s\u00ed mismo a la del mundo, del torbellino de la palabra al tiempo del relato. El atestado hurgaba en las fisuras de la lengua de la tribu y con ello en los fundamentos de la individualidad. Admirador de Lautreamont, Artaud, Rimbaud, Michaux, la violenta originalidad&hellip;<\/p>\n","category_list_v2":"","author_info_v2":{"name":"","url":""},"comments_num_v2":"0 comentarios","_links":{"self":[{"href":"https:\/\/ajupe.com.uy\/web\/wp-json\/wp\/v2\/product\/4118","targetHints":{"allow":["GET"]}}],"collection":[{"href":"https:\/\/ajupe.com.uy\/web\/wp-json\/wp\/v2\/product"}],"about":[{"href":"https:\/\/ajupe.com.uy\/web\/wp-json\/wp\/v2\/types\/product"}],"wp:featuredmedia":[{"embeddable":true,"href":"https:\/\/ajupe.com.uy\/web\/wp-json\/wp\/v2\/media\/4119"}],"wp:attachment":[{"href":"https:\/\/ajupe.com.uy\/web\/wp-json\/wp\/v2\/media?parent=4118"}],"wp:term":[{"taxonomy":"product_brand","embeddable":true,"href":"https:\/\/ajupe.com.uy\/web\/wp-json\/wp\/v2\/product_brand?post=4118"},{"taxonomy":"product_cat","embeddable":true,"href":"https:\/\/ajupe.com.uy\/web\/wp-json\/wp\/v2\/product_cat?post=4118"},{"taxonomy":"product_tag","embeddable":true,"href":"https:\/\/ajupe.com.uy\/web\/wp-json\/wp\/v2\/product_tag?post=4118"}],"curies":[{"name":"wp","href":"https:\/\/api.w.org\/{rel}","templated":true}]}}