{"id":4154,"date":"2011-10-02T22:43:34","date_gmt":"2011-10-03T01:43:34","guid":{"rendered":"http:\/\/ajupe.com.uy\/web\/?post_type=product&#038;p=4154"},"modified":"2011-10-02T22:43:34","modified_gmt":"2011-10-03T01:43:34","slug":"constantes-vitales","status":"publish","type":"product","link":"https:\/\/ajupe.com.uy\/web\/biblioteca\/constantes-vitales\/","title":{"rendered":"CONSTANTES VITALES"},"content":{"rendered":"<p>Sondra, Mickey y Ruth ingresaron juntas en la Escuela de Medicina de Castillo en el a\u00f1o 1968; la escuela era casi exclusivamente masculina, lo que ayud\u00f3 a cimentar una amistad entre ellas que estaba destinada a prolongarse a lo largo de sus vidas. Dieciocho a\u00f1os m\u00e1s tarde, las tres se han realizado en su profesi\u00f3n: Sondra ha ejercido en \u00c1frica hasta que un desdichado accidente la hace volver temporalmente a Estados Unidos. Ruth, la m\u00e1s aplicada de ellas, est\u00e1 absorbida por su cl\u00ednica especializada en m\u00e9todos de fecundaci\u00f3n en Seattle. Mickey es una prestigiosa cirujana pl\u00e1stica. Su reencuentro cerrar\u00e1 el c\u00edrculo de su amistad pero, sobre todo, las har\u00e1 enfrentarse con su pasado personal y les abrir\u00e1 las puertas de su perfeccionamiento humano.<\/p>\n","protected":false},"excerpt":{"rendered":"<p>Sondra, Mickey y Ruth ingresaron juntas en la Escuela de Medicina de Castillo en el a\u00f1o 1968; la escuela era casi exclusivamente masculina, lo que ayud\u00f3 a cimentar una amistad entre ellas que estaba destinada a prolongarse a lo largo de sus vidas&#8230;<\/p>\n","protected":false},"featured_media":4155,"template":"","meta":[],"product_brand":[279],"product_cat":[29],"product_tag":[],"class_list":{"0":"post-4154","1":"product","2":"type-product","3":"status-publish","4":"has-post-thumbnail","6":"product_brand-barbara-wood","7":"product_cat-novela","9":"first","10":"instock","11":"purchasable","12":"product-type-simple"},"featured_image_urls_v2":{"full":["https:\/\/ajupe.com.uy\/web\/wp-content\/uploads\/2016\/04\/p-4154-CONSTANTES_VITAL_4e88e916d277a.jpg",214,317,false],"thumbnail":["https:\/\/ajupe.com.uy\/web\/wp-content\/uploads\/2016\/04\/p-4154-CONSTANTES_VITAL_4e88e916d277a.jpg",150,150,true],"medium":["https:\/\/ajupe.com.uy\/web\/wp-content\/uploads\/2016\/04\/p-4154-CONSTANTES_VITAL_4e88e916d277a.jpg",300,214,true],"medium_large":["https:\/\/ajupe.com.uy\/web\/wp-content\/uploads\/2016\/04\/p-4154-CONSTANTES_VITAL_4e88e916d277a.jpg",214,317,false],"large":["https:\/\/ajupe.com.uy\/web\/wp-content\/uploads\/2016\/04\/p-4154-CONSTANTES_VITAL_4e88e916d277a.jpg",214,317,false],"1536x1536":["https:\/\/ajupe.com.uy\/web\/wp-content\/uploads\/2016\/04\/p-4154-CONSTANTES_VITAL_4e88e916d277a.jpg",214,317,false],"2048x2048":["https:\/\/ajupe.com.uy\/web\/wp-content\/uploads\/2016\/04\/p-4154-CONSTANTES_VITAL_4e88e916d277a.jpg",214,317,false],"woocommerce_archive_thumbnail":["https:\/\/ajupe.com.uy\/web\/wp-content\/uploads\/2016\/04\/p-4154-CONSTANTES_VITAL_4e88e916d277a-214x300.jpg",214,300,true],"woocommerce_thumbnail":["https:\/\/ajupe.com.uy\/web\/wp-content\/uploads\/2016\/04\/p-4154-CONSTANTES_VITAL_4e88e916d277a-214x300.jpg",214,300,true],"woocommerce_single":["https:\/\/ajupe.com.uy\/web\/wp-content\/uploads\/2016\/04\/p-4154-CONSTANTES_VITAL_4e88e916d277a.jpg",214,317,false],"woocommerce_gallery_thumbnail":["https:\/\/ajupe.com.uy\/web\/wp-content\/uploads\/2016\/04\/p-4154-CONSTANTES_VITAL_4e88e916d277a-100x100.jpg",100,100,true]},"post_excerpt_stackable_v2":"<p>Sondra, Mickey y Ruth ingresaron juntas en la Escuela de Medicina de Castillo en el a\u00f1o 1968; la escuela era casi exclusivamente masculina, lo que ayud\u00f3 a cimentar una amistad entre ellas que estaba destinada a prolongarse a lo largo de sus vidas&#8230;<\/p>\n","category_list_v2":"","author_info_v2":{"name":"","url":""},"comments_num_v2":"0 comentarios","_links":{"self":[{"href":"https:\/\/ajupe.com.uy\/web\/wp-json\/wp\/v2\/product\/4154","targetHints":{"allow":["GET"]}}],"collection":[{"href":"https:\/\/ajupe.com.uy\/web\/wp-json\/wp\/v2\/product"}],"about":[{"href":"https:\/\/ajupe.com.uy\/web\/wp-json\/wp\/v2\/types\/product"}],"wp:featuredmedia":[{"embeddable":true,"href":"https:\/\/ajupe.com.uy\/web\/wp-json\/wp\/v2\/media\/4155"}],"wp:attachment":[{"href":"https:\/\/ajupe.com.uy\/web\/wp-json\/wp\/v2\/media?parent=4154"}],"wp:term":[{"taxonomy":"product_brand","embeddable":true,"href":"https:\/\/ajupe.com.uy\/web\/wp-json\/wp\/v2\/product_brand?post=4154"},{"taxonomy":"product_cat","embeddable":true,"href":"https:\/\/ajupe.com.uy\/web\/wp-json\/wp\/v2\/product_cat?post=4154"},{"taxonomy":"product_tag","embeddable":true,"href":"https:\/\/ajupe.com.uy\/web\/wp-json\/wp\/v2\/product_tag?post=4154"}],"curies":[{"name":"wp","href":"https:\/\/api.w.org\/{rel}","templated":true}]}}