{"id":4163,"date":"2011-10-04T08:24:56","date_gmt":"2011-10-04T11:24:56","guid":{"rendered":"http:\/\/ajupe.com.uy\/web\/?post_type=product&#038;p=4163"},"modified":"2011-10-04T08:24:56","modified_gmt":"2011-10-04T11:24:56","slug":"el-cazador-del-desierto","status":"publish","type":"product","link":"https:\/\/ajupe.com.uy\/web\/biblioteca\/el-cazador-del-desierto\/","title":{"rendered":"EL CAZADOR DEL DESIERTO"},"content":{"rendered":"<p>Corr\u00eda el a\u00f1o 1922 cuando Roy Chapman Andrews logr\u00f3 convencer al Museo Norteamericano de Historia Natural y a hombres de la talla de Rockefeller y Morgan para que financiaran una ambiciosa expedici\u00f3n cient\u00edfica que llevar\u00eda a Roy y a su equipo hasta el desierto de Gobi y a las estepas des\u00e9rticas de Mongolia, con el af\u00e1n de demostrar que el origen del hombre deb\u00eda buscarse en tierras asi\u00e1ticas. A esta primera expedici\u00f3n se sumaron otras cuatro, y aunque Roy no pudo encontrar restos humanos, su perseverancia fue recompensada con el hallazgo de los primeros huevos de dinosaurio y del esqueleto de un velocirraptor, el terrible predador que Hollywood rescat\u00f3 para Jurassic Park.<\/p>\n","protected":false},"excerpt":{"rendered":"<p>Corr\u00eda el a\u00f1o 1922 cuando Roy Chapman Andrews logr\u00f3 convencer al Museo Norteamericano de Historia Natural y a hombres de la talla de Rockefeller y Morgan para que financiaran una ambiciosa expedici\u00f3n cient\u00edfica&#8230;<\/p>\n","protected":false},"featured_media":4164,"template":"","meta":[],"product_brand":[603],"product_cat":[44,47],"product_tag":[],"class_list":{"0":"post-4163","1":"product","2":"type-product","3":"status-publish","4":"has-post-thumbnail","6":"product_brand-charles-gallenkamp","7":"product_cat-biografico","8":"product_cat-ensayo","10":"first","11":"instock","12":"purchasable","13":"product-type-simple"},"featured_image_urls_v2":{"full":["https:\/\/ajupe.com.uy\/web\/wp-content\/uploads\/2016\/04\/p-4163-EL_CAZADOR_DEL_D_4e8ac2d87b9ef.jpg",480,722,false],"thumbnail":["https:\/\/ajupe.com.uy\/web\/wp-content\/uploads\/2016\/04\/p-4163-EL_CAZADOR_DEL_D_4e8ac2d87b9ef.jpg",150,150,true],"medium":["https:\/\/ajupe.com.uy\/web\/wp-content\/uploads\/2016\/04\/p-4163-EL_CAZADOR_DEL_D_4e8ac2d87b9ef.jpg",300,214,true],"medium_large":["https:\/\/ajupe.com.uy\/web\/wp-content\/uploads\/2016\/04\/p-4163-EL_CAZADOR_DEL_D_4e8ac2d87b9ef.jpg",480,722,false],"large":["https:\/\/ajupe.com.uy\/web\/wp-content\/uploads\/2016\/04\/p-4163-EL_CAZADOR_DEL_D_4e8ac2d87b9ef.jpg",480,722,false],"1536x1536":["https:\/\/ajupe.com.uy\/web\/wp-content\/uploads\/2016\/04\/p-4163-EL_CAZADOR_DEL_D_4e8ac2d87b9ef.jpg",480,722,false],"2048x2048":["https:\/\/ajupe.com.uy\/web\/wp-content\/uploads\/2016\/04\/p-4163-EL_CAZADOR_DEL_D_4e8ac2d87b9ef.jpg",480,722,false],"woocommerce_archive_thumbnail":["https:\/\/ajupe.com.uy\/web\/wp-content\/uploads\/2016\/04\/p-4163-EL_CAZADOR_DEL_D_4e8ac2d87b9ef-300x450.jpg",300,450,true],"woocommerce_thumbnail":["https:\/\/ajupe.com.uy\/web\/wp-content\/uploads\/2016\/04\/p-4163-EL_CAZADOR_DEL_D_4e8ac2d87b9ef-300x300.jpg",300,300,true],"woocommerce_single":["https:\/\/ajupe.com.uy\/web\/wp-content\/uploads\/2016\/04\/p-4163-EL_CAZADOR_DEL_D_4e8ac2d87b9ef-300x450.jpg",300,450,true],"woocommerce_gallery_thumbnail":["https:\/\/ajupe.com.uy\/web\/wp-content\/uploads\/2016\/04\/p-4163-EL_CAZADOR_DEL_D_4e8ac2d87b9ef-100x100.jpg",100,100,true]},"post_excerpt_stackable_v2":"<p>Corr\u00eda el a\u00f1o 1922 cuando Roy Chapman Andrews logr\u00f3 convencer al Museo Norteamericano de Historia Natural y a hombres de la talla de Rockefeller y Morgan para que financiaran una ambiciosa expedici\u00f3n cient\u00edfica&#8230;<\/p>\n","category_list_v2":"","author_info_v2":{"name":"","url":""},"comments_num_v2":"0 comentarios","_links":{"self":[{"href":"https:\/\/ajupe.com.uy\/web\/wp-json\/wp\/v2\/product\/4163","targetHints":{"allow":["GET"]}}],"collection":[{"href":"https:\/\/ajupe.com.uy\/web\/wp-json\/wp\/v2\/product"}],"about":[{"href":"https:\/\/ajupe.com.uy\/web\/wp-json\/wp\/v2\/types\/product"}],"wp:featuredmedia":[{"embeddable":true,"href":"https:\/\/ajupe.com.uy\/web\/wp-json\/wp\/v2\/media\/4164"}],"wp:attachment":[{"href":"https:\/\/ajupe.com.uy\/web\/wp-json\/wp\/v2\/media?parent=4163"}],"wp:term":[{"taxonomy":"product_brand","embeddable":true,"href":"https:\/\/ajupe.com.uy\/web\/wp-json\/wp\/v2\/product_brand?post=4163"},{"taxonomy":"product_cat","embeddable":true,"href":"https:\/\/ajupe.com.uy\/web\/wp-json\/wp\/v2\/product_cat?post=4163"},{"taxonomy":"product_tag","embeddable":true,"href":"https:\/\/ajupe.com.uy\/web\/wp-json\/wp\/v2\/product_tag?post=4163"}],"curies":[{"name":"wp","href":"https:\/\/api.w.org\/{rel}","templated":true}]}}