{"id":4169,"date":"2011-10-04T08:50:59","date_gmt":"2011-10-04T11:50:59","guid":{"rendered":"http:\/\/ajupe.com.uy\/web\/?post_type=product&#038;p=4169"},"modified":"2011-10-04T08:50:59","modified_gmt":"2011-10-04T11:50:59","slug":"el-perro-de-terracota","status":"publish","type":"product","link":"https:\/\/ajupe.com.uy\/web\/biblioteca\/el-perro-de-terracota\/","title":{"rendered":"EL PERRO DE TERRACOTA"},"content":{"rendered":"<p>Si Un mes con Montalbano supuso una espl\u00e9ndida ocasi\u00f3n para adentrarse en el peculiar universo del comisario Salvo Montalbano, en esta primera novela del mismo personaje publicada en castellano el lector tendr\u00e1 ocasi\u00f3n de conocer mucho m\u00e1s a fondo la rica personalidad del melanc\u00f3lico investigador siciliano. Diversas tramas surcan las p\u00e1ginas de este libro. Un robo absurdo en un supermercado, el encarcelamiento un tanto estramb\u00f3tico de un capo de la mafia, un asesinato cometido durante la Segunda Guerra Mundial. Sin embargo, a pesar de la firme determinaci\u00f3n con que Montalbano afronta la resoluci\u00f3n de estos casos, su aut\u00e9ntica pasi\u00f3n es descifrar el contenido simb\u00f3lico que encierran. \u00abTodo crimen conlleva un mensaje, la cuesti\u00f3n es conocer el c\u00f3digo de quien lo ha escrito\u00bb, le recuerda un exc\u00e9ntrico sacerdote al comisario. As\u00ed, el principal protagonista de esta novela \u2014como de todas las que protagoniza Montalbano\u2014 es su particular forma de concebir el mundo. Los gestos, los detalles, las apariencias cobran un papel relevante, y el lenguaje se convierte en un instrumento clave para entender la realidad. Unas pocas pinceladas, unas breves palabras le bastan a Andrea Camilleri para dibujar un profundo retrato de cualquier personaje.<\/p>\n","protected":false},"excerpt":{"rendered":"<p>Si Un mes con Montalbano supuso una espl\u00e9ndida ocasi\u00f3n para adentrarse en el peculiar universo del comisario Salvo Montalbano, en esta primera novela del mismo personaje publicada en castellano el lector tendr\u00e1 ocasi\u00f3n de conocer mucho m\u00e1s&#8230;<\/p>\n","protected":false},"featured_media":4170,"template":"","meta":[],"product_brand":[399],"product_cat":[43,29,40],"product_tag":[],"class_list":{"0":"post-4169","1":"product","2":"type-product","3":"status-publish","4":"has-post-thumbnail","6":"product_brand-andrea-camilleri","7":"product_cat-espionaje","8":"product_cat-novela","9":"product_cat-policial","11":"first","12":"instock","13":"purchasable","14":"product-type-simple"},"featured_image_urls_v2":{"full":["https:\/\/ajupe.com.uy\/web\/wp-content\/uploads\/2016\/04\/p-4169-EL_PERRO_DE_TERR_4e8ac8f3eaaff.jpg",177,285,false],"thumbnail":["https:\/\/ajupe.com.uy\/web\/wp-content\/uploads\/2016\/04\/p-4169-EL_PERRO_DE_TERR_4e8ac8f3eaaff.jpg",150,150,true],"medium":["https:\/\/ajupe.com.uy\/web\/wp-content\/uploads\/2016\/04\/p-4169-EL_PERRO_DE_TERR_4e8ac8f3eaaff.jpg",300,214,true],"medium_large":["https:\/\/ajupe.com.uy\/web\/wp-content\/uploads\/2016\/04\/p-4169-EL_PERRO_DE_TERR_4e8ac8f3eaaff.jpg",177,285,false],"large":["https:\/\/ajupe.com.uy\/web\/wp-content\/uploads\/2016\/04\/p-4169-EL_PERRO_DE_TERR_4e8ac8f3eaaff.jpg",177,285,false],"1536x1536":["https:\/\/ajupe.com.uy\/web\/wp-content\/uploads\/2016\/04\/p-4169-EL_PERRO_DE_TERR_4e8ac8f3eaaff.jpg",177,285,false],"2048x2048":["https:\/\/ajupe.com.uy\/web\/wp-content\/uploads\/2016\/04\/p-4169-EL_PERRO_DE_TERR_4e8ac8f3eaaff.jpg",177,285,false],"woocommerce_archive_thumbnail":["https:\/\/ajupe.com.uy\/web\/wp-content\/uploads\/2016\/04\/p-4169-EL_PERRO_DE_TERR_4e8ac8f3eaaff.jpg",177,285,false],"woocommerce_thumbnail":["https:\/\/ajupe.com.uy\/web\/wp-content\/uploads\/2016\/04\/p-4169-EL_PERRO_DE_TERR_4e8ac8f3eaaff.jpg",177,285,false],"woocommerce_single":["https:\/\/ajupe.com.uy\/web\/wp-content\/uploads\/2016\/04\/p-4169-EL_PERRO_DE_TERR_4e8ac8f3eaaff.jpg",177,285,false],"woocommerce_gallery_thumbnail":["https:\/\/ajupe.com.uy\/web\/wp-content\/uploads\/2016\/04\/p-4169-EL_PERRO_DE_TERR_4e8ac8f3eaaff-100x100.jpg",100,100,true]},"post_excerpt_stackable_v2":"<p>Si Un mes con Montalbano supuso una espl\u00e9ndida ocasi\u00f3n para adentrarse en el peculiar universo del comisario Salvo Montalbano, en esta primera novela del mismo personaje publicada en castellano el lector tendr\u00e1 ocasi\u00f3n de conocer mucho m\u00e1s&#8230;<\/p>\n","category_list_v2":"","author_info_v2":{"name":"","url":""},"comments_num_v2":"0 comentarios","_links":{"self":[{"href":"https:\/\/ajupe.com.uy\/web\/wp-json\/wp\/v2\/product\/4169","targetHints":{"allow":["GET"]}}],"collection":[{"href":"https:\/\/ajupe.com.uy\/web\/wp-json\/wp\/v2\/product"}],"about":[{"href":"https:\/\/ajupe.com.uy\/web\/wp-json\/wp\/v2\/types\/product"}],"wp:featuredmedia":[{"embeddable":true,"href":"https:\/\/ajupe.com.uy\/web\/wp-json\/wp\/v2\/media\/4170"}],"wp:attachment":[{"href":"https:\/\/ajupe.com.uy\/web\/wp-json\/wp\/v2\/media?parent=4169"}],"wp:term":[{"taxonomy":"product_brand","embeddable":true,"href":"https:\/\/ajupe.com.uy\/web\/wp-json\/wp\/v2\/product_brand?post=4169"},{"taxonomy":"product_cat","embeddable":true,"href":"https:\/\/ajupe.com.uy\/web\/wp-json\/wp\/v2\/product_cat?post=4169"},{"taxonomy":"product_tag","embeddable":true,"href":"https:\/\/ajupe.com.uy\/web\/wp-json\/wp\/v2\/product_tag?post=4169"}],"curies":[{"name":"wp","href":"https:\/\/api.w.org\/{rel}","templated":true}]}}