{"id":4199,"date":"2011-10-04T21:45:29","date_gmt":"2011-10-05T00:45:29","guid":{"rendered":"http:\/\/ajupe.com.uy\/web\/?post_type=product&#038;p=4199"},"modified":"2011-10-07T17:42:00","modified_gmt":"2011-10-07T20:42:00","slug":"el-arpista-ciego","status":"publish","type":"product","link":"https:\/\/ajupe.com.uy\/web\/biblioteca\/el-arpista-ciego\/","title":{"rendered":"El Arpista Ciego"},"content":{"rendered":"<p>La Muerte de Akenat\u00f3n, el fara\u00f3n que impuso un estricto y delirante monote\u00edsmo, es el origen tem\u00e1tico de El arpista ciego. Novela que es una consecuencia de El amargo don de la Belleza. En una calle de Tebas han nacido Ipi, un ni\u00f1o ciego, y Jonet, un pillastre redomado En la Ciudad del Sol, capital del hereje Akenat\u00f3n, nace el mismo a\u00f1o  el que se convertir\u00e1 en el nuevo fara\u00f3n, Nebjeperure Tutankam\u00f3n. Las  vidas de los tres ni\u00f1os, inicialmente dispersas, terminar\u00e1n uni\u00e9ndose  gracias a una trama ingeniosa que culmina en un desenlace sorprendente y  rebosante de iron\u00eda y ternura. El relato, narrado con un estilo  coloquial, finge ser novela hist\u00f3rica pero de hecho es una fantas\u00eda  surrealista (con anacronismos <span id=\"IL_AD2\">voluntarios<\/span> incluidos), un alegato a favor de la tolerancia y un verdadero despliegue costumbrista tratado con delicada precisi\u00f3n.<\/p>\n","protected":false},"excerpt":{"rendered":"<p>La Muerte de Akenat\u00f3n, el fara\u00f3n que impuso un estricto y delirante monote\u00edsmo, es el origen tem\u00e1tico de El arpista ciego. Novela que es una consecuencia de El amargo don de la Belleza. En una calle de Tebas han nacido Ipi, un ni\u00f1o ciego, y Jonet, un pillastre redomado En la Ciudad del Sol, capital [&hellip;]<\/p>\n","protected":false},"featured_media":4200,"template":"","meta":[],"product_brand":[919],"product_cat":[44,29],"product_tag":[],"class_list":{"0":"post-4199","1":"product","2":"type-product","3":"status-publish","4":"has-post-thumbnail","6":"product_brand-tirenci-moix","7":"product_cat-biografico","8":"product_cat-novela","10":"first","11":"instock","12":"purchasable","13":"product-type-simple"},"featured_image_urls_v2":{"full":["https:\/\/ajupe.com.uy\/web\/wp-content\/uploads\/2016\/04\/p-4199-El_Arpista_Ciego_4e8b7e79b19f3.jpg",270,270,false],"thumbnail":["https:\/\/ajupe.com.uy\/web\/wp-content\/uploads\/2016\/04\/p-4199-El_Arpista_Ciego_4e8b7e79b19f3.jpg",150,150,true],"medium":["https:\/\/ajupe.com.uy\/web\/wp-content\/uploads\/2016\/04\/p-4199-El_Arpista_Ciego_4e8b7e79b19f3.jpg",300,214,true],"medium_large":["https:\/\/ajupe.com.uy\/web\/wp-content\/uploads\/2016\/04\/p-4199-El_Arpista_Ciego_4e8b7e79b19f3.jpg",270,270,false],"large":["https:\/\/ajupe.com.uy\/web\/wp-content\/uploads\/2016\/04\/p-4199-El_Arpista_Ciego_4e8b7e79b19f3.jpg",270,270,false],"1536x1536":["https:\/\/ajupe.com.uy\/web\/wp-content\/uploads\/2016\/04\/p-4199-El_Arpista_Ciego_4e8b7e79b19f3.jpg",270,270,false],"2048x2048":["https:\/\/ajupe.com.uy\/web\/wp-content\/uploads\/2016\/04\/p-4199-El_Arpista_Ciego_4e8b7e79b19f3.jpg",270,270,false],"woocommerce_archive_thumbnail":["https:\/\/ajupe.com.uy\/web\/wp-content\/uploads\/2016\/04\/p-4199-El_Arpista_Ciego_4e8b7e79b19f3.jpg",270,270,false],"woocommerce_thumbnail":["https:\/\/ajupe.com.uy\/web\/wp-content\/uploads\/2016\/04\/p-4199-El_Arpista_Ciego_4e8b7e79b19f3.jpg",270,270,false],"woocommerce_single":["https:\/\/ajupe.com.uy\/web\/wp-content\/uploads\/2016\/04\/p-4199-El_Arpista_Ciego_4e8b7e79b19f3.jpg",270,270,false],"woocommerce_gallery_thumbnail":["https:\/\/ajupe.com.uy\/web\/wp-content\/uploads\/2016\/04\/p-4199-El_Arpista_Ciego_4e8b7e79b19f3-100x100.jpg",100,100,true]},"post_excerpt_stackable_v2":"<p>La Muerte de Akenat\u00f3n, el fara\u00f3n que impuso un estricto y delirante monote\u00edsmo, es el origen tem\u00e1tico de El arpista ciego. Novela que es una consecuencia de El amargo don de la Belleza. En una calle de Tebas han nacido Ipi, un ni\u00f1o ciego, y Jonet, un pillastre redomado En la Ciudad del Sol, capital del hereje Akenat\u00f3n, nace el mismo a\u00f1o el que se convertir\u00e1 en el nuevo fara\u00f3n, Nebjeperure Tutankam\u00f3n. Las vidas de los tres ni\u00f1os, inicialmente dispersas, terminar\u00e1n uni\u00e9ndose gracias a una trama ingeniosa que culmina en un desenlace sorprendente y rebosante de iron\u00eda y ternura. El&hellip;<\/p>\n","category_list_v2":"","author_info_v2":{"name":"","url":""},"comments_num_v2":"0 comentarios","_links":{"self":[{"href":"https:\/\/ajupe.com.uy\/web\/wp-json\/wp\/v2\/product\/4199","targetHints":{"allow":["GET"]}}],"collection":[{"href":"https:\/\/ajupe.com.uy\/web\/wp-json\/wp\/v2\/product"}],"about":[{"href":"https:\/\/ajupe.com.uy\/web\/wp-json\/wp\/v2\/types\/product"}],"wp:featuredmedia":[{"embeddable":true,"href":"https:\/\/ajupe.com.uy\/web\/wp-json\/wp\/v2\/media\/4200"}],"wp:attachment":[{"href":"https:\/\/ajupe.com.uy\/web\/wp-json\/wp\/v2\/media?parent=4199"}],"wp:term":[{"taxonomy":"product_brand","embeddable":true,"href":"https:\/\/ajupe.com.uy\/web\/wp-json\/wp\/v2\/product_brand?post=4199"},{"taxonomy":"product_cat","embeddable":true,"href":"https:\/\/ajupe.com.uy\/web\/wp-json\/wp\/v2\/product_cat?post=4199"},{"taxonomy":"product_tag","embeddable":true,"href":"https:\/\/ajupe.com.uy\/web\/wp-json\/wp\/v2\/product_tag?post=4199"}],"curies":[{"name":"wp","href":"https:\/\/api.w.org\/{rel}","templated":true}]}}