{"id":4211,"date":"2011-10-04T23:17:34","date_gmt":"2011-10-05T02:17:34","guid":{"rendered":"http:\/\/ajupe.com.uy\/web\/?post_type=product&#038;p=4211"},"modified":"2011-10-04T23:17:34","modified_gmt":"2011-10-05T02:17:34","slug":"el-asociado","status":"publish","type":"product","link":"https:\/\/ajupe.com.uy\/web\/biblioteca\/el-asociado\/","title":{"rendered":"El Asociado"},"content":{"rendered":"<p>La nueva novela del autor de Justicia Salvaje, gira entorno a la  corrupci\u00f3n de los laboratorios farmac\u00e9uticos, un tema de gran  actualidad. Daniel Ames es el prototipo del sue\u00f1o americano es socio del  prestigioso bufete Briggs de P\u00f3rtland. Sin embargo, cuando Aar\u00f3n Flynn  entra en su vida, Daniel tendr\u00e1 que escoger.<\/p>\n","protected":false},"excerpt":{"rendered":"<p>La nueva novela del autor de Justicia Salvaje, gira entorno a la corrupci\u00f3n de los laboratorios farmac\u00e9uticos, un tema de gran actualidad. Daniel Ames es el prototipo del sue\u00f1o americano es socio del prestigioso bufete Briggs de P\u00f3rtland. Sin embargo, cuando Aar\u00f3n Flynn entra en su vida, Daniel tendr\u00e1 que escoger.<\/p>\n","protected":false},"featured_media":4212,"template":"","meta":[],"product_brand":[321],"product_cat":[29,40,30],"product_tag":[],"class_list":{"0":"post-4211","1":"product","2":"type-product","3":"status-publish","4":"has-post-thumbnail","6":"product_brand-phillip-margolin","7":"product_cat-novela","8":"product_cat-policial","9":"product_cat-suspenso","11":"first","12":"instock","13":"purchasable","14":"product-type-simple"},"featured_image_urls_v2":{"full":["https:\/\/ajupe.com.uy\/web\/wp-content\/uploads\/2016\/04\/p-4211-El_Asociado_4e8b940ee44e3.jpg",73,112,false],"thumbnail":["https:\/\/ajupe.com.uy\/web\/wp-content\/uploads\/2016\/04\/p-4211-El_Asociado_4e8b940ee44e3.jpg",150,150,true],"medium":["https:\/\/ajupe.com.uy\/web\/wp-content\/uploads\/2016\/04\/p-4211-El_Asociado_4e8b940ee44e3.jpg",300,214,true],"medium_large":["https:\/\/ajupe.com.uy\/web\/wp-content\/uploads\/2016\/04\/p-4211-El_Asociado_4e8b940ee44e3.jpg",73,112,false],"large":["https:\/\/ajupe.com.uy\/web\/wp-content\/uploads\/2016\/04\/p-4211-El_Asociado_4e8b940ee44e3.jpg",73,112,false],"1536x1536":["https:\/\/ajupe.com.uy\/web\/wp-content\/uploads\/2016\/04\/p-4211-El_Asociado_4e8b940ee44e3.jpg",73,112,false],"2048x2048":["https:\/\/ajupe.com.uy\/web\/wp-content\/uploads\/2016\/04\/p-4211-El_Asociado_4e8b940ee44e3.jpg",73,112,false],"woocommerce_archive_thumbnail":["https:\/\/ajupe.com.uy\/web\/wp-content\/uploads\/2016\/04\/p-4211-El_Asociado_4e8b940ee44e3.jpg",73,112,false],"woocommerce_thumbnail":["https:\/\/ajupe.com.uy\/web\/wp-content\/uploads\/2016\/04\/p-4211-El_Asociado_4e8b940ee44e3.jpg",73,112,false],"woocommerce_single":["https:\/\/ajupe.com.uy\/web\/wp-content\/uploads\/2016\/04\/p-4211-El_Asociado_4e8b940ee44e3.jpg",73,112,false],"woocommerce_gallery_thumbnail":["https:\/\/ajupe.com.uy\/web\/wp-content\/uploads\/2016\/04\/p-4211-El_Asociado_4e8b940ee44e3-73x100.jpg",73,100,true]},"post_excerpt_stackable_v2":"<p>La nueva novela del autor de Justicia Salvaje, gira entorno a la corrupci\u00f3n de los laboratorios farmac\u00e9uticos, un tema de gran actualidad. Daniel Ames es el prototipo del sue\u00f1o americano es socio del prestigioso bufete Briggs de P\u00f3rtland. Sin embargo, cuando Aar\u00f3n Flynn entra en su vida, Daniel tendr\u00e1 que escoger.<\/p>\n","category_list_v2":"","author_info_v2":{"name":"","url":""},"comments_num_v2":"0 comentarios","_links":{"self":[{"href":"https:\/\/ajupe.com.uy\/web\/wp-json\/wp\/v2\/product\/4211","targetHints":{"allow":["GET"]}}],"collection":[{"href":"https:\/\/ajupe.com.uy\/web\/wp-json\/wp\/v2\/product"}],"about":[{"href":"https:\/\/ajupe.com.uy\/web\/wp-json\/wp\/v2\/types\/product"}],"wp:featuredmedia":[{"embeddable":true,"href":"https:\/\/ajupe.com.uy\/web\/wp-json\/wp\/v2\/media\/4212"}],"wp:attachment":[{"href":"https:\/\/ajupe.com.uy\/web\/wp-json\/wp\/v2\/media?parent=4211"}],"wp:term":[{"taxonomy":"product_brand","embeddable":true,"href":"https:\/\/ajupe.com.uy\/web\/wp-json\/wp\/v2\/product_brand?post=4211"},{"taxonomy":"product_cat","embeddable":true,"href":"https:\/\/ajupe.com.uy\/web\/wp-json\/wp\/v2\/product_cat?post=4211"},{"taxonomy":"product_tag","embeddable":true,"href":"https:\/\/ajupe.com.uy\/web\/wp-json\/wp\/v2\/product_tag?post=4211"}],"curies":[{"name":"wp","href":"https:\/\/api.w.org\/{rel}","templated":true}]}}