{"id":4241,"date":"2011-10-05T17:58:45","date_gmt":"2011-10-05T20:58:45","guid":{"rendered":"http:\/\/ajupe.com.uy\/web\/?post_type=product&#038;p=4241"},"modified":"2011-10-07T18:06:01","modified_gmt":"2011-10-07T21:06:01","slug":"muerte-prevista","status":"publish","type":"product","link":"https:\/\/ajupe.com.uy\/web\/biblioteca\/muerte-prevista\/","title":{"rendered":"Muerte prevista"},"content":{"rendered":"<p>Cuando encuentra un CD de ordenador que alguien ha olvidado en el  asiento contiguo del tren en el que viaja, Tom Bryce hace lo que  cualquier persona decente har\u00eda: lo recoge y cuando llega a casa intenta  averiguar a quien pertenece para poder devolv\u00e9rselo. Sin embargo, su  buena fe topar\u00e1 con el escalofriante contenido del disquete: un terrible  asesinato. A partir de ese momento, su vida y la de su familia  comienzan a correr peligro, acosados por un juego macabro; s\u00f3lo el  peculiar detective Roy Grace parece capaz de ayudarlo.<\/p>\n","protected":false},"excerpt":{"rendered":"<p>Cuando encuentra un CD de ordenador que alguien ha olvidado en el asiento contiguo del tren en el que viaja, Tom Bryce hace lo que cualquier persona decente har\u00eda: lo recoge y cuando llega a casa intenta averiguar a quien pertenece para poder devolv\u00e9rselo. Sin embargo, su buena fe topar\u00e1 con el escalofriante contenido del [&hellip;]<\/p>\n","protected":false},"featured_media":4242,"template":"","meta":[],"product_brand":[721],"product_cat":[40,30],"product_tag":[],"class_list":{"0":"post-4241","1":"product","2":"type-product","3":"status-publish","4":"has-post-thumbnail","6":"product_brand-james-peter","7":"product_cat-policial","8":"product_cat-suspenso","10":"first","11":"instock","12":"purchasable","13":"product-type-simple"},"featured_image_urls_v2":{"full":["https:\/\/ajupe.com.uy\/web\/wp-content\/uploads\/2016\/04\/p-4241-Muerte_prevista_4e8c9ad5d4465.jpg",265,400,false],"thumbnail":["https:\/\/ajupe.com.uy\/web\/wp-content\/uploads\/2016\/04\/p-4241-Muerte_prevista_4e8c9ad5d4465.jpg",150,150,true],"medium":["https:\/\/ajupe.com.uy\/web\/wp-content\/uploads\/2016\/04\/p-4241-Muerte_prevista_4e8c9ad5d4465.jpg",300,214,true],"medium_large":["https:\/\/ajupe.com.uy\/web\/wp-content\/uploads\/2016\/04\/p-4241-Muerte_prevista_4e8c9ad5d4465.jpg",265,400,false],"large":["https:\/\/ajupe.com.uy\/web\/wp-content\/uploads\/2016\/04\/p-4241-Muerte_prevista_4e8c9ad5d4465.jpg",265,400,false],"1536x1536":["https:\/\/ajupe.com.uy\/web\/wp-content\/uploads\/2016\/04\/p-4241-Muerte_prevista_4e8c9ad5d4465.jpg",265,400,false],"2048x2048":["https:\/\/ajupe.com.uy\/web\/wp-content\/uploads\/2016\/04\/p-4241-Muerte_prevista_4e8c9ad5d4465.jpg",265,400,false],"woocommerce_archive_thumbnail":["https:\/\/ajupe.com.uy\/web\/wp-content\/uploads\/2016\/04\/p-4241-Muerte_prevista_4e8c9ad5d4465-265x300.jpg",265,300,true],"woocommerce_thumbnail":["https:\/\/ajupe.com.uy\/web\/wp-content\/uploads\/2016\/04\/p-4241-Muerte_prevista_4e8c9ad5d4465-265x300.jpg",265,300,true],"woocommerce_single":["https:\/\/ajupe.com.uy\/web\/wp-content\/uploads\/2016\/04\/p-4241-Muerte_prevista_4e8c9ad5d4465.jpg",265,400,false],"woocommerce_gallery_thumbnail":["https:\/\/ajupe.com.uy\/web\/wp-content\/uploads\/2016\/04\/p-4241-Muerte_prevista_4e8c9ad5d4465-100x100.jpg",100,100,true]},"post_excerpt_stackable_v2":"<p>Cuando encuentra un CD de ordenador que alguien ha olvidado en el asiento contiguo del tren en el que viaja, Tom Bryce hace lo que cualquier persona decente har\u00eda: lo recoge y cuando llega a casa intenta averiguar a quien pertenece para poder devolv\u00e9rselo. Sin embargo, su buena fe topar\u00e1 con el escalofriante contenido del disquete: un terrible asesinato. A partir de ese momento, su vida y la de su familia comienzan a correr peligro, acosados por un juego macabro; s\u00f3lo el peculiar detective Roy Grace parece capaz de ayudarlo.<\/p>\n","category_list_v2":"","author_info_v2":{"name":"","url":""},"comments_num_v2":"0 comentarios","_links":{"self":[{"href":"https:\/\/ajupe.com.uy\/web\/wp-json\/wp\/v2\/product\/4241","targetHints":{"allow":["GET"]}}],"collection":[{"href":"https:\/\/ajupe.com.uy\/web\/wp-json\/wp\/v2\/product"}],"about":[{"href":"https:\/\/ajupe.com.uy\/web\/wp-json\/wp\/v2\/types\/product"}],"wp:featuredmedia":[{"embeddable":true,"href":"https:\/\/ajupe.com.uy\/web\/wp-json\/wp\/v2\/media\/4242"}],"wp:attachment":[{"href":"https:\/\/ajupe.com.uy\/web\/wp-json\/wp\/v2\/media?parent=4241"}],"wp:term":[{"taxonomy":"product_brand","embeddable":true,"href":"https:\/\/ajupe.com.uy\/web\/wp-json\/wp\/v2\/product_brand?post=4241"},{"taxonomy":"product_cat","embeddable":true,"href":"https:\/\/ajupe.com.uy\/web\/wp-json\/wp\/v2\/product_cat?post=4241"},{"taxonomy":"product_tag","embeddable":true,"href":"https:\/\/ajupe.com.uy\/web\/wp-json\/wp\/v2\/product_tag?post=4241"}],"curies":[{"name":"wp","href":"https:\/\/api.w.org\/{rel}","templated":true}]}}