{"id":4244,"date":"2011-10-05T18:06:05","date_gmt":"2011-10-05T21:06:05","guid":{"rendered":"http:\/\/ajupe.com.uy\/web\/?post_type=product&#038;p=4244"},"modified":"2011-10-07T18:05:26","modified_gmt":"2011-10-07T21:05:26","slug":"la-ultima-leccion","status":"publish","type":"product","link":"https:\/\/ajupe.com.uy\/web\/biblioteca\/la-ultima-leccion\/","title":{"rendered":"La \u00faltima lecci\u00f3n"},"content":{"rendered":"<p>Despu\u00e9s de recibir la noticia de que padece un c\u00e1ncer terminal, un  profesor universitario imparte una \u00faltima conferencia, en la que  reflexiona sobre las cosas importantes que ha aprendido en la vida y  quiere transmitir a sus hijos antes de morir. Un libro que contagia la  alegr\u00eda de vivir y una actitud positiva ante la adversidad. Gran parte  de mi conferencia en Carnegie Mellon se centr\u00f3 en el lado profesional de  mi vida: mis alumnos, mis colegas y mi carrera. El libro es una mirada  personal a mis sue\u00f1os de infancia y a todas las lecciones que he  aprendido. Al escribir he descubierto que esta es una buena manera de  compartir los sentimientos hacia mi mujer, mis hijos, o aquellos a los  que quiero. Sab\u00eda que no podr\u00eda hablar de estos temas en el escenario  sin emocionarme. Randy Pausch<\/p>\n","protected":false},"excerpt":{"rendered":"<p>Despu\u00e9s de recibir la noticia de que padece un c\u00e1ncer terminal, un profesor universitario imparte una \u00faltima conferencia, en la que reflexiona sobre las cosas importantes que ha aprendido en la vida y quiere transmitir a sus hijos antes de morir. Un libro que contagia la alegr\u00eda de vivir y una actitud positiva ante la [&hellip;]<\/p>\n","protected":false},"featured_media":4245,"template":"","meta":[],"product_brand":[858],"product_cat":[36,29],"product_tag":[],"class_list":{"0":"post-4244","1":"product","2":"type-product","3":"status-publish","4":"has-post-thumbnail","6":"product_brand-randy-pausch","7":"product_cat-autobiografico","8":"product_cat-novela","10":"first","11":"instock","12":"purchasable","13":"product-type-simple"},"featured_image_urls_v2":{"full":["https:\/\/ajupe.com.uy\/web\/wp-content\/uploads\/2016\/04\/p-4244-La___ltima_lecci_4e8c9c8d4dbec.jpg",240,320,false],"thumbnail":["https:\/\/ajupe.com.uy\/web\/wp-content\/uploads\/2016\/04\/p-4244-La___ltima_lecci_4e8c9c8d4dbec.jpg",150,150,true],"medium":["https:\/\/ajupe.com.uy\/web\/wp-content\/uploads\/2016\/04\/p-4244-La___ltima_lecci_4e8c9c8d4dbec.jpg",300,214,true],"medium_large":["https:\/\/ajupe.com.uy\/web\/wp-content\/uploads\/2016\/04\/p-4244-La___ltima_lecci_4e8c9c8d4dbec.jpg",240,320,false],"large":["https:\/\/ajupe.com.uy\/web\/wp-content\/uploads\/2016\/04\/p-4244-La___ltima_lecci_4e8c9c8d4dbec.jpg",240,320,false],"1536x1536":["https:\/\/ajupe.com.uy\/web\/wp-content\/uploads\/2016\/04\/p-4244-La___ltima_lecci_4e8c9c8d4dbec.jpg",240,320,false],"2048x2048":["https:\/\/ajupe.com.uy\/web\/wp-content\/uploads\/2016\/04\/p-4244-La___ltima_lecci_4e8c9c8d4dbec.jpg",240,320,false],"woocommerce_archive_thumbnail":["https:\/\/ajupe.com.uy\/web\/wp-content\/uploads\/2016\/04\/p-4244-La___ltima_lecci_4e8c9c8d4dbec-240x300.jpg",240,300,true],"woocommerce_thumbnail":["https:\/\/ajupe.com.uy\/web\/wp-content\/uploads\/2016\/04\/p-4244-La___ltima_lecci_4e8c9c8d4dbec-240x300.jpg",240,300,true],"woocommerce_single":["https:\/\/ajupe.com.uy\/web\/wp-content\/uploads\/2016\/04\/p-4244-La___ltima_lecci_4e8c9c8d4dbec.jpg",240,320,false],"woocommerce_gallery_thumbnail":["https:\/\/ajupe.com.uy\/web\/wp-content\/uploads\/2016\/04\/p-4244-La___ltima_lecci_4e8c9c8d4dbec-100x100.jpg",100,100,true]},"post_excerpt_stackable_v2":"<p>Despu\u00e9s de recibir la noticia de que padece un c\u00e1ncer terminal, un profesor universitario imparte una \u00faltima conferencia, en la que reflexiona sobre las cosas importantes que ha aprendido en la vida y quiere transmitir a sus hijos antes de morir. Un libro que contagia la alegr\u00eda de vivir y una actitud positiva ante la adversidad. Gran parte de mi conferencia en Carnegie Mellon se centr\u00f3 en el lado profesional de mi vida: mis alumnos, mis colegas y mi carrera. El libro es una mirada personal a mis sue\u00f1os de infancia y a todas las lecciones que he aprendido. Al&hellip;<\/p>\n","category_list_v2":"","author_info_v2":{"name":"","url":""},"comments_num_v2":"0 comentarios","_links":{"self":[{"href":"https:\/\/ajupe.com.uy\/web\/wp-json\/wp\/v2\/product\/4244","targetHints":{"allow":["GET"]}}],"collection":[{"href":"https:\/\/ajupe.com.uy\/web\/wp-json\/wp\/v2\/product"}],"about":[{"href":"https:\/\/ajupe.com.uy\/web\/wp-json\/wp\/v2\/types\/product"}],"wp:featuredmedia":[{"embeddable":true,"href":"https:\/\/ajupe.com.uy\/web\/wp-json\/wp\/v2\/media\/4245"}],"wp:attachment":[{"href":"https:\/\/ajupe.com.uy\/web\/wp-json\/wp\/v2\/media?parent=4244"}],"wp:term":[{"taxonomy":"product_brand","embeddable":true,"href":"https:\/\/ajupe.com.uy\/web\/wp-json\/wp\/v2\/product_brand?post=4244"},{"taxonomy":"product_cat","embeddable":true,"href":"https:\/\/ajupe.com.uy\/web\/wp-json\/wp\/v2\/product_cat?post=4244"},{"taxonomy":"product_tag","embeddable":true,"href":"https:\/\/ajupe.com.uy\/web\/wp-json\/wp\/v2\/product_tag?post=4244"}],"curies":[{"name":"wp","href":"https:\/\/api.w.org\/{rel}","templated":true}]}}