{"id":4256,"date":"2011-10-05T18:20:30","date_gmt":"2011-10-05T21:20:30","guid":{"rendered":"http:\/\/ajupe.com.uy\/web\/?post_type=product&#038;p=4256"},"modified":"2011-10-05T18:20:30","modified_gmt":"2011-10-05T21:20:30","slug":"alibi-club","status":"publish","type":"product","link":"https:\/\/ajupe.com.uy\/web\/biblioteca\/alibi-club\/","title":{"rendered":"Alibi Club"},"content":{"rendered":"<p>Es el local nocturno m\u00e1s infame de la ciudad, un  caldo de cultivo en  ebullici\u00f3n para los acuerdos turbios y el  libertinaje. La muerte  s\u00f3rdida de Philip Stilwell tiene una onda  expansiva tremenda en el  Alibi Club&#8230; porque hay algo m\u00e1s en la  prematura muerte  de Stilwell  que un simple juego sexual que se les ha ido de las manos.  Su asesinato  y el intento desesperado de evitar que un arma letal caiga  en manos de  los alemanes ser\u00e1n los cabos que acabar\u00e1n urdiendo una trama   complicada de traici\u00f3n, pasi\u00f3n y espionaje, relacionada con el Alibi   Club&#8230; y el secreto m\u00e1s explosivo de la guerra. Mientras los alemanes  marchan sobre Par\u00eds y la crisis contin\u00faa su  escalada, cuatro personajes  extraordinarios se ven arrastrados a un  torbellino. Su valor cambiar\u00e1  el curso de la historia.<\/p>\n","protected":false},"excerpt":{"rendered":"<p>Es el local nocturno m\u00e1s infame de la ciudad, un caldo de cultivo en ebullici\u00f3n para los acuerdos turbios y el libertinaje. La muerte s\u00f3rdida de Philip Stilwell tiene una onda expansiva tremenda en el Alibi Club&#8230; porque hay algo m\u00e1s en la prematura muerte de Stilwell que un simple juego sexual que se les [&hellip;]<\/p>\n","protected":false},"featured_media":4257,"template":"","meta":[],"product_brand":[654],"product_cat":[31,40],"product_tag":[],"class_list":{"0":"post-4256","1":"product","2":"type-product","3":"status-publish","4":"has-post-thumbnail","6":"product_brand-francine-mathews","7":"product_cat-historico","8":"product_cat-policial","10":"first","11":"instock","12":"purchasable","13":"product-type-simple"},"featured_image_urls_v2":{"full":["https:\/\/ajupe.com.uy\/web\/wp-content\/uploads\/2016\/04\/p-4256-_Alibi_Club_4e8c9fee3c1a4.jpg",120,183,false],"thumbnail":["https:\/\/ajupe.com.uy\/web\/wp-content\/uploads\/2016\/04\/p-4256-_Alibi_Club_4e8c9fee3c1a4.jpg",150,150,true],"medium":["https:\/\/ajupe.com.uy\/web\/wp-content\/uploads\/2016\/04\/p-4256-_Alibi_Club_4e8c9fee3c1a4.jpg",300,214,true],"medium_large":["https:\/\/ajupe.com.uy\/web\/wp-content\/uploads\/2016\/04\/p-4256-_Alibi_Club_4e8c9fee3c1a4.jpg",120,183,false],"large":["https:\/\/ajupe.com.uy\/web\/wp-content\/uploads\/2016\/04\/p-4256-_Alibi_Club_4e8c9fee3c1a4.jpg",120,183,false],"1536x1536":["https:\/\/ajupe.com.uy\/web\/wp-content\/uploads\/2016\/04\/p-4256-_Alibi_Club_4e8c9fee3c1a4.jpg",120,183,false],"2048x2048":["https:\/\/ajupe.com.uy\/web\/wp-content\/uploads\/2016\/04\/p-4256-_Alibi_Club_4e8c9fee3c1a4.jpg",120,183,false],"woocommerce_archive_thumbnail":["https:\/\/ajupe.com.uy\/web\/wp-content\/uploads\/2016\/04\/p-4256-_Alibi_Club_4e8c9fee3c1a4.jpg",120,183,false],"woocommerce_thumbnail":["https:\/\/ajupe.com.uy\/web\/wp-content\/uploads\/2016\/04\/p-4256-_Alibi_Club_4e8c9fee3c1a4.jpg",120,183,false],"woocommerce_single":["https:\/\/ajupe.com.uy\/web\/wp-content\/uploads\/2016\/04\/p-4256-_Alibi_Club_4e8c9fee3c1a4.jpg",120,183,false],"woocommerce_gallery_thumbnail":["https:\/\/ajupe.com.uy\/web\/wp-content\/uploads\/2016\/04\/p-4256-_Alibi_Club_4e8c9fee3c1a4-100x100.jpg",100,100,true]},"post_excerpt_stackable_v2":"<p>Es el local nocturno m\u00e1s infame de la ciudad, un caldo de cultivo en ebullici\u00f3n para los acuerdos turbios y el libertinaje. La muerte s\u00f3rdida de Philip Stilwell tiene una onda expansiva tremenda en el Alibi Club&#8230; porque hay algo m\u00e1s en la prematura muerte de Stilwell que un simple juego sexual que se les ha ido de las manos. Su asesinato y el intento desesperado de evitar que un arma letal caiga en manos de los alemanes ser\u00e1n los cabos que acabar\u00e1n urdiendo una trama complicada de traici\u00f3n, pasi\u00f3n y espionaje, relacionada con el Alibi Club&#8230; y el secreto&hellip;<\/p>\n","category_list_v2":"","author_info_v2":{"name":"","url":""},"comments_num_v2":"0 comentarios","_links":{"self":[{"href":"https:\/\/ajupe.com.uy\/web\/wp-json\/wp\/v2\/product\/4256","targetHints":{"allow":["GET"]}}],"collection":[{"href":"https:\/\/ajupe.com.uy\/web\/wp-json\/wp\/v2\/product"}],"about":[{"href":"https:\/\/ajupe.com.uy\/web\/wp-json\/wp\/v2\/types\/product"}],"wp:featuredmedia":[{"embeddable":true,"href":"https:\/\/ajupe.com.uy\/web\/wp-json\/wp\/v2\/media\/4257"}],"wp:attachment":[{"href":"https:\/\/ajupe.com.uy\/web\/wp-json\/wp\/v2\/media?parent=4256"}],"wp:term":[{"taxonomy":"product_brand","embeddable":true,"href":"https:\/\/ajupe.com.uy\/web\/wp-json\/wp\/v2\/product_brand?post=4256"},{"taxonomy":"product_cat","embeddable":true,"href":"https:\/\/ajupe.com.uy\/web\/wp-json\/wp\/v2\/product_cat?post=4256"},{"taxonomy":"product_tag","embeddable":true,"href":"https:\/\/ajupe.com.uy\/web\/wp-json\/wp\/v2\/product_tag?post=4256"}],"curies":[{"name":"wp","href":"https:\/\/api.w.org\/{rel}","templated":true}]}}