{"id":4268,"date":"2011-10-05T18:44:39","date_gmt":"2011-10-05T21:44:39","guid":{"rendered":"http:\/\/ajupe.com.uy\/web\/?post_type=product&#038;p=4268"},"modified":"2011-10-07T16:07:27","modified_gmt":"2011-10-07T19:07:27","slug":"angeles-caidos","status":"publish","type":"product","link":"https:\/\/ajupe.com.uy\/web\/biblioteca\/angeles-caidos\/","title":{"rendered":"Angeles ca\u00eddos"},"content":{"rendered":"<p>Un asesinato cambi\u00f3 la vida de Reece Gilmore y la sumi\u00f3 en el miedo. Durante meses, ha estado <a href=\"http:\/\/www.lecturalia.com\/libro\/17091\/angeles-caidos\" style=\"color: #005f00; text-decoration: underline; border-bottom: 1px dotted;\">viajando<\/a> por el pa\u00eds sin rumbo fijo, incapaz de echar raices en ning\u00fan sitio.  Hasta que una aver\u00eda en el coche la obliga a detenerse en un pintoresco  publo de Wyoming. Reece se establece en el pueblo y poco a poco empieza a  recomponer los pedazos de su vida y a volver a ser una mujer fuerte e  independiente. Pero el destino la obligar\u00e1 a contemplar otro crimen  atroz y solo el joven escritor Kameson Brody la ayudar\u00e1 a desenmascarar  al asesino.<\/p>\n","protected":false},"excerpt":{"rendered":"<p>Un asesinato cambi\u00f3 la vida de Reece Gilmore y la sumi\u00f3 en el miedo. Durante meses, ha estado viajando por el pa\u00eds sin rumbo fijo, incapaz de echar raices en ning\u00fan sitio. Hasta que una aver\u00eda en el coche la obliga a detenerse en un pintoresco publo de Wyoming. Reece se establece en el pueblo [&hellip;]<\/p>\n","protected":false},"featured_media":4269,"template":"","meta":[],"product_brand":[267],"product_cat":[29],"product_tag":[],"class_list":{"0":"post-4268","1":"product","2":"type-product","3":"status-publish","4":"has-post-thumbnail","6":"product_brand-nora-roberts","7":"product_cat-novela","9":"first","10":"instock","11":"purchasable","12":"product-type-simple"},"featured_image_urls_v2":{"full":["https:\/\/ajupe.com.uy\/web\/wp-content\/uploads\/2016\/04\/p-4268-Angeles_ca__dos_4e8ca5bf8190d.jpg",170,270,false],"thumbnail":["https:\/\/ajupe.com.uy\/web\/wp-content\/uploads\/2016\/04\/p-4268-Angeles_ca__dos_4e8ca5bf8190d.jpg",150,150,true],"medium":["https:\/\/ajupe.com.uy\/web\/wp-content\/uploads\/2016\/04\/p-4268-Angeles_ca__dos_4e8ca5bf8190d.jpg",300,214,true],"medium_large":["https:\/\/ajupe.com.uy\/web\/wp-content\/uploads\/2016\/04\/p-4268-Angeles_ca__dos_4e8ca5bf8190d.jpg",170,270,false],"large":["https:\/\/ajupe.com.uy\/web\/wp-content\/uploads\/2016\/04\/p-4268-Angeles_ca__dos_4e8ca5bf8190d.jpg",170,270,false],"1536x1536":["https:\/\/ajupe.com.uy\/web\/wp-content\/uploads\/2016\/04\/p-4268-Angeles_ca__dos_4e8ca5bf8190d.jpg",170,270,false],"2048x2048":["https:\/\/ajupe.com.uy\/web\/wp-content\/uploads\/2016\/04\/p-4268-Angeles_ca__dos_4e8ca5bf8190d.jpg",170,270,false],"woocommerce_archive_thumbnail":["https:\/\/ajupe.com.uy\/web\/wp-content\/uploads\/2016\/04\/p-4268-Angeles_ca__dos_4e8ca5bf8190d.jpg",170,270,false],"woocommerce_thumbnail":["https:\/\/ajupe.com.uy\/web\/wp-content\/uploads\/2016\/04\/p-4268-Angeles_ca__dos_4e8ca5bf8190d.jpg",170,270,false],"woocommerce_single":["https:\/\/ajupe.com.uy\/web\/wp-content\/uploads\/2016\/04\/p-4268-Angeles_ca__dos_4e8ca5bf8190d.jpg",170,270,false],"woocommerce_gallery_thumbnail":["https:\/\/ajupe.com.uy\/web\/wp-content\/uploads\/2016\/04\/p-4268-Angeles_ca__dos_4e8ca5bf8190d-100x100.jpg",100,100,true]},"post_excerpt_stackable_v2":"<p>Un asesinato cambi\u00f3 la vida de Reece Gilmore y la sumi\u00f3 en el miedo. Durante meses, ha estado viajando por el pa\u00eds sin rumbo fijo, incapaz de echar raices en ning\u00fan sitio. Hasta que una aver\u00eda en el coche la obliga a detenerse en un pintoresco publo de Wyoming. Reece se establece en el pueblo y poco a poco empieza a recomponer los pedazos de su vida y a volver a ser una mujer fuerte e independiente. Pero el destino la obligar\u00e1 a contemplar otro crimen atroz y solo el joven escritor Kameson Brody la ayudar\u00e1 a desenmascarar al asesino.<\/p>\n","category_list_v2":"","author_info_v2":{"name":"","url":""},"comments_num_v2":"0 comentarios","_links":{"self":[{"href":"https:\/\/ajupe.com.uy\/web\/wp-json\/wp\/v2\/product\/4268","targetHints":{"allow":["GET"]}}],"collection":[{"href":"https:\/\/ajupe.com.uy\/web\/wp-json\/wp\/v2\/product"}],"about":[{"href":"https:\/\/ajupe.com.uy\/web\/wp-json\/wp\/v2\/types\/product"}],"wp:featuredmedia":[{"embeddable":true,"href":"https:\/\/ajupe.com.uy\/web\/wp-json\/wp\/v2\/media\/4269"}],"wp:attachment":[{"href":"https:\/\/ajupe.com.uy\/web\/wp-json\/wp\/v2\/media?parent=4268"}],"wp:term":[{"taxonomy":"product_brand","embeddable":true,"href":"https:\/\/ajupe.com.uy\/web\/wp-json\/wp\/v2\/product_brand?post=4268"},{"taxonomy":"product_cat","embeddable":true,"href":"https:\/\/ajupe.com.uy\/web\/wp-json\/wp\/v2\/product_cat?post=4268"},{"taxonomy":"product_tag","embeddable":true,"href":"https:\/\/ajupe.com.uy\/web\/wp-json\/wp\/v2\/product_tag?post=4268"}],"curies":[{"name":"wp","href":"https:\/\/api.w.org\/{rel}","templated":true}]}}