{"id":4316,"date":"2011-10-05T19:21:26","date_gmt":"2011-10-05T22:21:26","guid":{"rendered":"http:\/\/ajupe.com.uy\/web\/?post_type=product&#038;p=4316"},"modified":"2011-10-12T16:00:56","modified_gmt":"2011-10-12T19:00:56","slug":"demasiado-peligroso","status":"publish","type":"product","link":"https:\/\/ajupe.com.uy\/web\/biblioteca\/demasiado-peligroso\/","title":{"rendered":"Demasiado peligroso"},"content":{"rendered":"<p>SU NOMBRE ES SAM MCKADE De un metro ochenta de estatura y profesional adiestrado, Sam pone en riesgo su vida en un acto de extraordinario valor. Pero convertirse en el nuevo h\u00e9roe nacional puede ser peligroso para un hombre con un pasado secreto. La hermosa terapeuta que se le presenta le resulta vagamente familiar. Cuando decide averiguar por qu\u00e9, la sombra de un peligroso enemigo emerge a la superficie&#8230; Para el rudo miembro de las fuerzas especiales, que no cree en el amor ni en la compasi\u00f3n, proteger a esa mujer maravillosa se convertir\u00e1 en la misi\u00f3n m\u00e1s importante de su vida.<\/p>\n","protected":false},"excerpt":{"rendered":"<p>La \u00faltima vez que Annie vio a Sam, yac\u00eda el uno en brazos del otro bajo un dosel de estrellas. Ahora Annie camina impaciente por un solitario aeropuerto, a medianoche, aguardando la llegada de un helic\u00f3ptero sin marcas de la Armada. Su misi\u00f3n: conseguir q<\/p>\n","protected":false},"featured_media":4317,"template":"","meta":[],"product_brand":[613],"product_cat":[29],"product_tag":[],"class_list":{"0":"post-4316","1":"product","2":"type-product","3":"status-publish","4":"has-post-thumbnail","6":"product_brand-christina-skye","7":"product_cat-novela","9":"first","10":"instock","11":"purchasable","12":"product-type-simple"},"featured_image_urls_v2":{"full":["https:\/\/ajupe.com.uy\/web\/wp-content\/uploads\/2016\/04\/p-4316-Demasiado_peligr_4e8cae361b994.jpg",125,191,false],"thumbnail":["https:\/\/ajupe.com.uy\/web\/wp-content\/uploads\/2016\/04\/p-4316-Demasiado_peligr_4e8cae361b994.jpg",150,150,true],"medium":["https:\/\/ajupe.com.uy\/web\/wp-content\/uploads\/2016\/04\/p-4316-Demasiado_peligr_4e8cae361b994.jpg",300,214,true],"medium_large":["https:\/\/ajupe.com.uy\/web\/wp-content\/uploads\/2016\/04\/p-4316-Demasiado_peligr_4e8cae361b994.jpg",125,191,false],"large":["https:\/\/ajupe.com.uy\/web\/wp-content\/uploads\/2016\/04\/p-4316-Demasiado_peligr_4e8cae361b994.jpg",125,191,false],"1536x1536":["https:\/\/ajupe.com.uy\/web\/wp-content\/uploads\/2016\/04\/p-4316-Demasiado_peligr_4e8cae361b994.jpg",125,191,false],"2048x2048":["https:\/\/ajupe.com.uy\/web\/wp-content\/uploads\/2016\/04\/p-4316-Demasiado_peligr_4e8cae361b994.jpg",125,191,false],"woocommerce_archive_thumbnail":["https:\/\/ajupe.com.uy\/web\/wp-content\/uploads\/2016\/04\/p-4316-Demasiado_peligr_4e8cae361b994.jpg",125,191,false],"woocommerce_thumbnail":["https:\/\/ajupe.com.uy\/web\/wp-content\/uploads\/2016\/04\/p-4316-Demasiado_peligr_4e8cae361b994.jpg",125,191,false],"woocommerce_single":["https:\/\/ajupe.com.uy\/web\/wp-content\/uploads\/2016\/04\/p-4316-Demasiado_peligr_4e8cae361b994.jpg",125,191,false],"woocommerce_gallery_thumbnail":["https:\/\/ajupe.com.uy\/web\/wp-content\/uploads\/2016\/04\/p-4316-Demasiado_peligr_4e8cae361b994-100x100.jpg",100,100,true]},"post_excerpt_stackable_v2":"<p>La \u00faltima vez que Annie vio a Sam, yac\u00eda el uno en brazos del otro bajo un dosel de estrellas. Ahora Annie camina impaciente por un solitario aeropuerto, a medianoche, aguardando la llegada de un helic\u00f3ptero sin marcas de la Armada. Su misi\u00f3n: conseguir q<\/p>\n","category_list_v2":"","author_info_v2":{"name":"","url":""},"comments_num_v2":"0 comentarios","_links":{"self":[{"href":"https:\/\/ajupe.com.uy\/web\/wp-json\/wp\/v2\/product\/4316","targetHints":{"allow":["GET"]}}],"collection":[{"href":"https:\/\/ajupe.com.uy\/web\/wp-json\/wp\/v2\/product"}],"about":[{"href":"https:\/\/ajupe.com.uy\/web\/wp-json\/wp\/v2\/types\/product"}],"wp:featuredmedia":[{"embeddable":true,"href":"https:\/\/ajupe.com.uy\/web\/wp-json\/wp\/v2\/media\/4317"}],"wp:attachment":[{"href":"https:\/\/ajupe.com.uy\/web\/wp-json\/wp\/v2\/media?parent=4316"}],"wp:term":[{"taxonomy":"product_brand","embeddable":true,"href":"https:\/\/ajupe.com.uy\/web\/wp-json\/wp\/v2\/product_brand?post=4316"},{"taxonomy":"product_cat","embeddable":true,"href":"https:\/\/ajupe.com.uy\/web\/wp-json\/wp\/v2\/product_cat?post=4316"},{"taxonomy":"product_tag","embeddable":true,"href":"https:\/\/ajupe.com.uy\/web\/wp-json\/wp\/v2\/product_tag?post=4316"}],"curies":[{"name":"wp","href":"https:\/\/api.w.org\/{rel}","templated":true}]}}