{"id":4331,"date":"2011-10-05T19:32:39","date_gmt":"2011-10-05T22:32:39","guid":{"rendered":"http:\/\/ajupe.com.uy\/web\/?post_type=product&#038;p=4331"},"modified":"2011-10-11T17:06:53","modified_gmt":"2011-10-11T20:06:53","slug":"deuda-de-sangre-2","status":"publish","type":"product","link":"https:\/\/ajupe.com.uy\/web\/biblioteca\/deuda-de-sangre-2\/","title":{"rendered":"Deuda de Sangre"},"content":{"rendered":"<p>Tras dos a\u00f1os a la espera de un donante compatible, Terry McCaleb se  recupera de un trasplante de coraz\u00f3n. Su \u00fanica meta es reparar el velero  al que se ha retirado y dejar atr\u00e1s sus d\u00edas como agente del FBI  especializado en casos de asesinos en serie. Sin embargo, antes deber\u00e1  resolver un asunto pendiente: el asesinato de Gloria Rivers, la mujer  cuyo coraz\u00f3n late en su pecho. Desoyendo el consejo de los m\u00e9dicos,  McCaleb se vuelca de lleno en el caso. Un primer an\u00e1lisis de las pruebas  le lleva a creer que se trata de un crimen aislado, pero las piezas del  rompecabezas no encajan y pronto descubre que tendr\u00e1 que luchar contra  sus limitaciones f\u00edsicas para enfrentarse a un asesino tan meticuloso  como despiadado.<\/p>\n","protected":false},"excerpt":{"rendered":"<p>Tras dos a\u00f1os a la espera de un donante compatible, Terry McCaleb se recupera de un trasplante de coraz\u00f3n. Su \u00fanica meta es reparar el velero al que se ha retirado y dejar atr\u00e1s sus d\u00edas como agente del FBI especializado en casos de asesinos en serie. Sin embargo, antes deber\u00e1 resolver un asunto pendiente: [&hellip;]<\/p>\n","protected":false},"featured_media":4332,"template":"","meta":[],"product_brand":[384],"product_cat":[40,30],"product_tag":[],"class_list":{"0":"post-4331","1":"product","2":"type-product","3":"status-publish","4":"has-post-thumbnail","6":"product_brand-michael-connelly","7":"product_cat-policial","8":"product_cat-suspenso","10":"first","11":"instock","12":"purchasable","13":"product-type-simple"},"featured_image_urls_v2":{"full":["https:\/\/ajupe.com.uy\/web\/wp-content\/uploads\/2016\/04\/p-4331-Deuda_de_Sangre_4e8cb0d7da30f.jpg",270,270,false],"thumbnail":["https:\/\/ajupe.com.uy\/web\/wp-content\/uploads\/2016\/04\/p-4331-Deuda_de_Sangre_4e8cb0d7da30f.jpg",150,150,true],"medium":["https:\/\/ajupe.com.uy\/web\/wp-content\/uploads\/2016\/04\/p-4331-Deuda_de_Sangre_4e8cb0d7da30f.jpg",300,214,true],"medium_large":["https:\/\/ajupe.com.uy\/web\/wp-content\/uploads\/2016\/04\/p-4331-Deuda_de_Sangre_4e8cb0d7da30f.jpg",270,270,false],"large":["https:\/\/ajupe.com.uy\/web\/wp-content\/uploads\/2016\/04\/p-4331-Deuda_de_Sangre_4e8cb0d7da30f.jpg",270,270,false],"1536x1536":["https:\/\/ajupe.com.uy\/web\/wp-content\/uploads\/2016\/04\/p-4331-Deuda_de_Sangre_4e8cb0d7da30f.jpg",270,270,false],"2048x2048":["https:\/\/ajupe.com.uy\/web\/wp-content\/uploads\/2016\/04\/p-4331-Deuda_de_Sangre_4e8cb0d7da30f.jpg",270,270,false],"woocommerce_archive_thumbnail":["https:\/\/ajupe.com.uy\/web\/wp-content\/uploads\/2016\/04\/p-4331-Deuda_de_Sangre_4e8cb0d7da30f.jpg",270,270,false],"woocommerce_thumbnail":["https:\/\/ajupe.com.uy\/web\/wp-content\/uploads\/2016\/04\/p-4331-Deuda_de_Sangre_4e8cb0d7da30f.jpg",270,270,false],"woocommerce_single":["https:\/\/ajupe.com.uy\/web\/wp-content\/uploads\/2016\/04\/p-4331-Deuda_de_Sangre_4e8cb0d7da30f.jpg",270,270,false],"woocommerce_gallery_thumbnail":["https:\/\/ajupe.com.uy\/web\/wp-content\/uploads\/2016\/04\/p-4331-Deuda_de_Sangre_4e8cb0d7da30f-100x100.jpg",100,100,true]},"post_excerpt_stackable_v2":"<p>Tras dos a\u00f1os a la espera de un donante compatible, Terry McCaleb se recupera de un trasplante de coraz\u00f3n. Su \u00fanica meta es reparar el velero al que se ha retirado y dejar atr\u00e1s sus d\u00edas como agente del FBI especializado en casos de asesinos en serie. Sin embargo, antes deber\u00e1 resolver un asunto pendiente: el asesinato de Gloria Rivers, la mujer cuyo coraz\u00f3n late en su pecho. Desoyendo el consejo de los m\u00e9dicos, McCaleb se vuelca de lleno en el caso. Un primer an\u00e1lisis de las pruebas le lleva a creer que se trata de un crimen aislado, pero&hellip;<\/p>\n","category_list_v2":"","author_info_v2":{"name":"","url":""},"comments_num_v2":"0 comentarios","_links":{"self":[{"href":"https:\/\/ajupe.com.uy\/web\/wp-json\/wp\/v2\/product\/4331","targetHints":{"allow":["GET"]}}],"collection":[{"href":"https:\/\/ajupe.com.uy\/web\/wp-json\/wp\/v2\/product"}],"about":[{"href":"https:\/\/ajupe.com.uy\/web\/wp-json\/wp\/v2\/types\/product"}],"wp:featuredmedia":[{"embeddable":true,"href":"https:\/\/ajupe.com.uy\/web\/wp-json\/wp\/v2\/media\/4332"}],"wp:attachment":[{"href":"https:\/\/ajupe.com.uy\/web\/wp-json\/wp\/v2\/media?parent=4331"}],"wp:term":[{"taxonomy":"product_brand","embeddable":true,"href":"https:\/\/ajupe.com.uy\/web\/wp-json\/wp\/v2\/product_brand?post=4331"},{"taxonomy":"product_cat","embeddable":true,"href":"https:\/\/ajupe.com.uy\/web\/wp-json\/wp\/v2\/product_cat?post=4331"},{"taxonomy":"product_tag","embeddable":true,"href":"https:\/\/ajupe.com.uy\/web\/wp-json\/wp\/v2\/product_tag?post=4331"}],"curies":[{"name":"wp","href":"https:\/\/api.w.org\/{rel}","templated":true}]}}