{"id":4334,"date":"2011-10-05T19:35:31","date_gmt":"2011-10-05T22:35:31","guid":{"rendered":"http:\/\/ajupe.com.uy\/web\/?post_type=product&#038;p=4334"},"modified":"2011-10-26T16:01:36","modified_gmt":"2011-10-26T19:01:36","slug":"la-extrana","status":"publish","type":"product","link":"https:\/\/ajupe.com.uy\/web\/biblioteca\/la-extrana\/","title":{"rendered":"La extra\u00f1a"},"content":{"rendered":"<p>Rodeado del bullicio de las numerosas familias que veranean en el  concurrido Hotel Argentina, en Dubrovnik, Viktor Askenasi, respetado  profesor del Instituto de Estudios Orientales de Par\u00eds, soporta a duras  penas la asfixiante can\u00edcula de la costa d\u00e1lmata. Cercano a la  cincuentena, el profesor ha emprendido un viaje en solitario por el Mediterr\u00e1neo movido por una inquietud que lo  perturba desde siempre y que lo llev\u00f3, unos meses antes, a dar un vuelco  radical a su vida. Pese a haber descubierto un reducto de libertad, y  estar dispuesto a asumir las consecuencias de sus actos como un paso  ineludible en el camino hacia la plenitud, Viktor constata que esa  libertad tiene otra cara imprevista que lo sume en el desconcierto. As\u00ed  pues, atormentado por la duda, en un arrebato llama a la puerta de la  mujer desconocida con la que acaba de cruzarse en el vest\u00edbulo del  hotel, sin saber si del otro lado del umbral lo aguarda la penumbra de  la locura o la luz de la verdad.<br \/> Publicada en 1934, <em>La extra\u00f1a<\/em> es una de las novelas m\u00e1s redondas de S\u00e1ndor M\u00e1rai; un texto breve y  vibrante que narra un viaje hacia lo m\u00e1s rec\u00f3ndito del alma humana.  M\u00e1rai mantiene sin titubeos la tensi\u00f3n de un relato sobre la ambig\u00fcedad  del amor, la angustia de la incertidumbre y el abismo de la soledad. Su  inolvidable protagonista, Viktor Askenasi, es un hombre en busca de  respuestas, un esp\u00edritu insatisfecho para quien lo que llamamos amor  conduce apenas a una felicidad transitoria, antesala de la inevitable  destrucci\u00f3n.<\/p>\n","protected":false},"excerpt":{"rendered":"<p>Rodeado del bullicio de las numerosas familias que veranean en el concurrido Hotel Argentina, en Dubrovnik, Viktor Askenasi, respetado profesor del Instituto de Estudios Orientales de Par\u00eds, soporta a duras penas la asfixiante can\u00edcula de la costa d\u00e1lmata. Cercano a la cincuentena, el profesor ha emprendido un viaje en solitario por el Mediterr\u00e1neo movido por [&hellip;]<\/p>\n","protected":false},"featured_media":4335,"template":"","meta":[],"product_brand":[397],"product_cat":[29],"product_tag":[],"class_list":{"0":"post-4334","1":"product","2":"type-product","3":"status-publish","4":"has-post-thumbnail","6":"product_brand-sandor-marai","7":"product_cat-novela","9":"first","10":"instock","11":"purchasable","12":"product-type-simple"},"featured_image_urls_v2":{"full":["https:\/\/ajupe.com.uy\/web\/wp-content\/uploads\/2016\/04\/p-4334-La_extra__a_4e8cb183160bf.jpg",120,183,false],"thumbnail":["https:\/\/ajupe.com.uy\/web\/wp-content\/uploads\/2016\/04\/p-4334-La_extra__a_4e8cb183160bf.jpg",150,150,true],"medium":["https:\/\/ajupe.com.uy\/web\/wp-content\/uploads\/2016\/04\/p-4334-La_extra__a_4e8cb183160bf.jpg",300,214,true],"medium_large":["https:\/\/ajupe.com.uy\/web\/wp-content\/uploads\/2016\/04\/p-4334-La_extra__a_4e8cb183160bf.jpg",120,183,false],"large":["https:\/\/ajupe.com.uy\/web\/wp-content\/uploads\/2016\/04\/p-4334-La_extra__a_4e8cb183160bf.jpg",120,183,false],"1536x1536":["https:\/\/ajupe.com.uy\/web\/wp-content\/uploads\/2016\/04\/p-4334-La_extra__a_4e8cb183160bf.jpg",120,183,false],"2048x2048":["https:\/\/ajupe.com.uy\/web\/wp-content\/uploads\/2016\/04\/p-4334-La_extra__a_4e8cb183160bf.jpg",120,183,false],"woocommerce_archive_thumbnail":["https:\/\/ajupe.com.uy\/web\/wp-content\/uploads\/2016\/04\/p-4334-La_extra__a_4e8cb183160bf.jpg",120,183,false],"woocommerce_thumbnail":["https:\/\/ajupe.com.uy\/web\/wp-content\/uploads\/2016\/04\/p-4334-La_extra__a_4e8cb183160bf.jpg",120,183,false],"woocommerce_single":["https:\/\/ajupe.com.uy\/web\/wp-content\/uploads\/2016\/04\/p-4334-La_extra__a_4e8cb183160bf.jpg",120,183,false],"woocommerce_gallery_thumbnail":["https:\/\/ajupe.com.uy\/web\/wp-content\/uploads\/2016\/04\/p-4334-La_extra__a_4e8cb183160bf-100x100.jpg",100,100,true]},"post_excerpt_stackable_v2":"<p>Rodeado del bullicio de las numerosas familias que veranean en el concurrido Hotel Argentina, en Dubrovnik, Viktor Askenasi, respetado profesor del Instituto de Estudios Orientales de Par\u00eds, soporta a duras penas la asfixiante can\u00edcula de la costa d\u00e1lmata. Cercano a la cincuentena, el profesor ha emprendido un viaje en solitario por el Mediterr\u00e1neo movido por una inquietud que lo perturba desde siempre y que lo llev\u00f3, unos meses antes, a dar un vuelco radical a su vida. Pese a haber descubierto un reducto de libertad, y estar dispuesto a asumir las consecuencias de sus actos como un paso ineludible en&hellip;<\/p>\n","category_list_v2":"","author_info_v2":{"name":"","url":""},"comments_num_v2":"0 comentarios","_links":{"self":[{"href":"https:\/\/ajupe.com.uy\/web\/wp-json\/wp\/v2\/product\/4334","targetHints":{"allow":["GET"]}}],"collection":[{"href":"https:\/\/ajupe.com.uy\/web\/wp-json\/wp\/v2\/product"}],"about":[{"href":"https:\/\/ajupe.com.uy\/web\/wp-json\/wp\/v2\/types\/product"}],"wp:featuredmedia":[{"embeddable":true,"href":"https:\/\/ajupe.com.uy\/web\/wp-json\/wp\/v2\/media\/4335"}],"wp:attachment":[{"href":"https:\/\/ajupe.com.uy\/web\/wp-json\/wp\/v2\/media?parent=4334"}],"wp:term":[{"taxonomy":"product_brand","embeddable":true,"href":"https:\/\/ajupe.com.uy\/web\/wp-json\/wp\/v2\/product_brand?post=4334"},{"taxonomy":"product_cat","embeddable":true,"href":"https:\/\/ajupe.com.uy\/web\/wp-json\/wp\/v2\/product_cat?post=4334"},{"taxonomy":"product_tag","embeddable":true,"href":"https:\/\/ajupe.com.uy\/web\/wp-json\/wp\/v2\/product_tag?post=4334"}],"curies":[{"name":"wp","href":"https:\/\/api.w.org\/{rel}","templated":true}]}}