{"id":4340,"date":"2011-10-05T19:39:03","date_gmt":"2011-10-05T22:39:03","guid":{"rendered":"http:\/\/ajupe.com.uy\/web\/?post_type=product&#038;p=4340"},"modified":"2011-10-05T19:39:03","modified_gmt":"2011-10-05T22:39:03","slug":"la-misma-cancion-2","status":"publish","type":"product","link":"https:\/\/ajupe.com.uy\/web\/biblioteca\/la-misma-cancion-2\/","title":{"rendered":"La misma canci\u00f3n"},"content":{"rendered":"<p>&#8216;Siempre la misma canci\u00f3n&#8217;. Kay escuch\u00f3 estas palabras en la mansi\u00f3n de  los Carrington cuando solo era una ni\u00f1a y, aunque entonces no comprendi\u00f3  su significado, se le grabaron a fuego en la memoria. Muchos a\u00f1os m\u00e1s  tarde, casada con el heredero de la acaudalada familia, esa frase ir\u00e1  cobrando un terror\u00edfico sentido. \u00bfQuien es en realidad Peter Carrington?  \u00bfQu\u00e9 secretos se han ocultado en las sombras de esta mansi\u00f3on durante  d\u00e9cadas? Los fantasmas del pasado est\u00e1n regresando al presente en busca  de venganza, y Kay sospecha que duerme junto a un hombre cuyas manos  est\u00e1n manchadas de sangre.<\/p>\n","protected":false},"excerpt":{"rendered":"<p>&#8216;Siempre la misma canci\u00f3n&#8217;. Kay escuch\u00f3 estas palabras en la mansi\u00f3n de los Carrington cuando solo era una ni\u00f1a y, aunque entonces no comprendi\u00f3 su significado, se le grabaron a fuego en la memoria. Muchos a\u00f1os m\u00e1s tarde, casada con el heredero de la acaudalada familia, esa frase ir\u00e1 cobrando un terror\u00edfico sentido. \u00bfQuien es [&hellip;]<\/p>\n","protected":false},"featured_media":4341,"template":"","meta":[],"product_brand":[52],"product_cat":[30],"product_tag":[],"class_list":{"0":"post-4340","1":"product","2":"type-product","3":"status-publish","4":"has-post-thumbnail","6":"product_brand-mary-higgins-clark","7":"product_cat-suspenso","9":"first","10":"instock","11":"purchasable","12":"product-type-simple"},"featured_image_urls_v2":{"full":["https:\/\/ajupe.com.uy\/web\/wp-content\/uploads\/2016\/04\/p-4340-La_misma_canci___4e8cb257b91a6.jpg",504,777,false],"thumbnail":["https:\/\/ajupe.com.uy\/web\/wp-content\/uploads\/2016\/04\/p-4340-La_misma_canci___4e8cb257b91a6.jpg",150,150,true],"medium":["https:\/\/ajupe.com.uy\/web\/wp-content\/uploads\/2016\/04\/p-4340-La_misma_canci___4e8cb257b91a6.jpg",300,214,true],"medium_large":["https:\/\/ajupe.com.uy\/web\/wp-content\/uploads\/2016\/04\/p-4340-La_misma_canci___4e8cb257b91a6.jpg",504,777,false],"large":["https:\/\/ajupe.com.uy\/web\/wp-content\/uploads\/2016\/04\/p-4340-La_misma_canci___4e8cb257b91a6.jpg",504,777,false],"1536x1536":["https:\/\/ajupe.com.uy\/web\/wp-content\/uploads\/2016\/04\/p-4340-La_misma_canci___4e8cb257b91a6.jpg",504,777,false],"2048x2048":["https:\/\/ajupe.com.uy\/web\/wp-content\/uploads\/2016\/04\/p-4340-La_misma_canci___4e8cb257b91a6.jpg",504,777,false],"woocommerce_archive_thumbnail":["https:\/\/ajupe.com.uy\/web\/wp-content\/uploads\/2016\/04\/p-4340-La_misma_canci___4e8cb257b91a6-300x450.jpg",300,450,true],"woocommerce_thumbnail":["https:\/\/ajupe.com.uy\/web\/wp-content\/uploads\/2016\/04\/p-4340-La_misma_canci___4e8cb257b91a6-300x300.jpg",300,300,true],"woocommerce_single":["https:\/\/ajupe.com.uy\/web\/wp-content\/uploads\/2016\/04\/p-4340-La_misma_canci___4e8cb257b91a6-300x463.jpg",300,463,true],"woocommerce_gallery_thumbnail":["https:\/\/ajupe.com.uy\/web\/wp-content\/uploads\/2016\/04\/p-4340-La_misma_canci___4e8cb257b91a6-100x100.jpg",100,100,true]},"post_excerpt_stackable_v2":"<p>&#8216;Siempre la misma canci\u00f3n&#8217;. Kay escuch\u00f3 estas palabras en la mansi\u00f3n de los Carrington cuando solo era una ni\u00f1a y, aunque entonces no comprendi\u00f3 su significado, se le grabaron a fuego en la memoria. Muchos a\u00f1os m\u00e1s tarde, casada con el heredero de la acaudalada familia, esa frase ir\u00e1 cobrando un terror\u00edfico sentido. \u00bfQuien es en realidad Peter Carrington? \u00bfQu\u00e9 secretos se han ocultado en las sombras de esta mansi\u00f3on durante d\u00e9cadas? Los fantasmas del pasado est\u00e1n regresando al presente en busca de venganza, y Kay sospecha que duerme junto a un hombre cuyas manos est\u00e1n manchadas de sangre.<\/p>\n","category_list_v2":"","author_info_v2":{"name":"","url":""},"comments_num_v2":"0 comentarios","_links":{"self":[{"href":"https:\/\/ajupe.com.uy\/web\/wp-json\/wp\/v2\/product\/4340","targetHints":{"allow":["GET"]}}],"collection":[{"href":"https:\/\/ajupe.com.uy\/web\/wp-json\/wp\/v2\/product"}],"about":[{"href":"https:\/\/ajupe.com.uy\/web\/wp-json\/wp\/v2\/types\/product"}],"wp:featuredmedia":[{"embeddable":true,"href":"https:\/\/ajupe.com.uy\/web\/wp-json\/wp\/v2\/media\/4341"}],"wp:attachment":[{"href":"https:\/\/ajupe.com.uy\/web\/wp-json\/wp\/v2\/media?parent=4340"}],"wp:term":[{"taxonomy":"product_brand","embeddable":true,"href":"https:\/\/ajupe.com.uy\/web\/wp-json\/wp\/v2\/product_brand?post=4340"},{"taxonomy":"product_cat","embeddable":true,"href":"https:\/\/ajupe.com.uy\/web\/wp-json\/wp\/v2\/product_cat?post=4340"},{"taxonomy":"product_tag","embeddable":true,"href":"https:\/\/ajupe.com.uy\/web\/wp-json\/wp\/v2\/product_tag?post=4340"}],"curies":[{"name":"wp","href":"https:\/\/api.w.org\/{rel}","templated":true}]}}