{"id":4358,"date":"2011-10-05T20:05:34","date_gmt":"2011-10-05T23:05:34","guid":{"rendered":"http:\/\/ajupe.com.uy\/web\/?post_type=product&#038;p=4358"},"modified":"2011-10-11T17:08:09","modified_gmt":"2011-10-11T20:08:09","slug":"de-naufrago-a-pionero","status":"publish","type":"product","link":"https:\/\/ajupe.com.uy\/web\/biblioteca\/de-naufrago-a-pionero\/","title":{"rendered":"De Naufrago a Pionero"},"content":{"rendered":"<p>El incendio del Bombay, frente a Montevideo, cambi\u00f3 el destino de Henry  W. Burnett, un joven marino de 19 a\u00f1os. Romance de por medio decidi\u00f3 radicarse en el Uruguay, m\u00e1s concretamente  en la \u00abciudad de los m\u00e9danos\u00bb. Durante casi 70 a\u00f1os tuvo la rara virtud de continuar siendo un t\u00edpico  s\u00fabdito brit\u00e1nico y, al mismo tiempo, uno de los vecinos m\u00e1s influyentes  de Maldonado. Como representante del Lloyds de Londres, se dedic\u00f3 al rescate de las  mercader\u00edas de los barcos naufragados en las peligrosas costas de Rocha y  Maldonado, muchas veces poniendo en riesgo su propia vida. Self made man, al igual que otros contempor\u00e1neos ilustres como Francisco  Piria o Antonio Lussich, la historia lo valora como el pionero en la  plantaci\u00f3n de pinos mar\u00edtimos en la zona, antecedente de los actuales  balnearios: Pero adem\u00e1s, su afici\u00f3n por la fotograf\u00eda y el coleccionismo de postales  nos permite ofrecer esta valiosa selecci\u00f3n de im\u00e1genes de Maldonado y  Punta del Este.<\/p>\n","protected":false},"excerpt":{"rendered":"<p>El incendio del Bombay, frente a Montevideo, cambi\u00f3 el destino de Henry W. Burnett, un joven marino de 19 a\u00f1os. Romance de por medio decidi\u00f3 radicarse en el Uruguay, m\u00e1s concretamente en la \u00abciudad de los m\u00e9danos\u00bb. Durante casi 70 a\u00f1os tuvo la rara virtud de continuar siendo un t\u00edpico s\u00fabdito brit\u00e1nico y, al mismo [&hellip;]<\/p>\n","protected":false},"featured_media":4359,"template":"","meta":[],"product_brand":[526],"product_cat":[44,31],"product_tag":[],"class_list":{"0":"post-4358","1":"product","2":"type-product","3":"status-publish","4":"has-post-thumbnail","6":"product_brand-juan-antonio-varese","7":"product_cat-biografico","8":"product_cat-historico","10":"first","11":"instock","12":"purchasable","13":"product-type-simple"},"featured_image_urls_v2":{"full":["https:\/\/ajupe.com.uy\/web\/wp-content\/uploads\/2016\/04\/p-4358-De_Naufrago_a_Pi_4e8cb88ea8e00.jpg",250,348,false],"thumbnail":["https:\/\/ajupe.com.uy\/web\/wp-content\/uploads\/2016\/04\/p-4358-De_Naufrago_a_Pi_4e8cb88ea8e00.jpg",150,150,true],"medium":["https:\/\/ajupe.com.uy\/web\/wp-content\/uploads\/2016\/04\/p-4358-De_Naufrago_a_Pi_4e8cb88ea8e00.jpg",300,214,true],"medium_large":["https:\/\/ajupe.com.uy\/web\/wp-content\/uploads\/2016\/04\/p-4358-De_Naufrago_a_Pi_4e8cb88ea8e00.jpg",250,348,false],"large":["https:\/\/ajupe.com.uy\/web\/wp-content\/uploads\/2016\/04\/p-4358-De_Naufrago_a_Pi_4e8cb88ea8e00.jpg",250,348,false],"1536x1536":["https:\/\/ajupe.com.uy\/web\/wp-content\/uploads\/2016\/04\/p-4358-De_Naufrago_a_Pi_4e8cb88ea8e00.jpg",250,348,false],"2048x2048":["https:\/\/ajupe.com.uy\/web\/wp-content\/uploads\/2016\/04\/p-4358-De_Naufrago_a_Pi_4e8cb88ea8e00.jpg",250,348,false],"woocommerce_archive_thumbnail":["https:\/\/ajupe.com.uy\/web\/wp-content\/uploads\/2016\/04\/p-4358-De_Naufrago_a_Pi_4e8cb88ea8e00-250x300.jpg",250,300,true],"woocommerce_thumbnail":["https:\/\/ajupe.com.uy\/web\/wp-content\/uploads\/2016\/04\/p-4358-De_Naufrago_a_Pi_4e8cb88ea8e00-250x300.jpg",250,300,true],"woocommerce_single":["https:\/\/ajupe.com.uy\/web\/wp-content\/uploads\/2016\/04\/p-4358-De_Naufrago_a_Pi_4e8cb88ea8e00.jpg",250,348,false],"woocommerce_gallery_thumbnail":["https:\/\/ajupe.com.uy\/web\/wp-content\/uploads\/2016\/04\/p-4358-De_Naufrago_a_Pi_4e8cb88ea8e00-100x100.jpg",100,100,true]},"post_excerpt_stackable_v2":"<p>El incendio del Bombay, frente a Montevideo, cambi\u00f3 el destino de Henry W. Burnett, un joven marino de 19 a\u00f1os. Romance de por medio decidi\u00f3 radicarse en el Uruguay, m\u00e1s concretamente en la \u00abciudad de los m\u00e9danos\u00bb. Durante casi 70 a\u00f1os tuvo la rara virtud de continuar siendo un t\u00edpico s\u00fabdito brit\u00e1nico y, al mismo tiempo, uno de los vecinos m\u00e1s influyentes de Maldonado. Como representante del Lloyds de Londres, se dedic\u00f3 al rescate de las mercader\u00edas de los barcos naufragados en las peligrosas costas de Rocha y Maldonado, muchas veces poniendo en riesgo su propia vida. Self made man,&hellip;<\/p>\n","category_list_v2":"","author_info_v2":{"name":"","url":""},"comments_num_v2":"0 comentarios","_links":{"self":[{"href":"https:\/\/ajupe.com.uy\/web\/wp-json\/wp\/v2\/product\/4358","targetHints":{"allow":["GET"]}}],"collection":[{"href":"https:\/\/ajupe.com.uy\/web\/wp-json\/wp\/v2\/product"}],"about":[{"href":"https:\/\/ajupe.com.uy\/web\/wp-json\/wp\/v2\/types\/product"}],"wp:featuredmedia":[{"embeddable":true,"href":"https:\/\/ajupe.com.uy\/web\/wp-json\/wp\/v2\/media\/4359"}],"wp:attachment":[{"href":"https:\/\/ajupe.com.uy\/web\/wp-json\/wp\/v2\/media?parent=4358"}],"wp:term":[{"taxonomy":"product_brand","embeddable":true,"href":"https:\/\/ajupe.com.uy\/web\/wp-json\/wp\/v2\/product_brand?post=4358"},{"taxonomy":"product_cat","embeddable":true,"href":"https:\/\/ajupe.com.uy\/web\/wp-json\/wp\/v2\/product_cat?post=4358"},{"taxonomy":"product_tag","embeddable":true,"href":"https:\/\/ajupe.com.uy\/web\/wp-json\/wp\/v2\/product_tag?post=4358"}],"curies":[{"name":"wp","href":"https:\/\/api.w.org\/{rel}","templated":true}]}}