{"id":4362,"date":"2011-10-05T20:07:45","date_gmt":"2011-10-05T23:07:45","guid":{"rendered":"http:\/\/ajupe.com.uy\/web\/?post_type=product&#038;p=4362"},"modified":"2011-10-05T20:07:45","modified_gmt":"2011-10-05T23:07:45","slug":"no-da-aras","status":"publish","type":"product","link":"https:\/\/ajupe.com.uy\/web\/biblioteca\/no-da-aras\/","title":{"rendered":"NO DA\u00d1ARAS"},"content":{"rendered":"<p>El ataque a una enfermera dentro de un hospital provoca la alarma entre los trabajadores. Una nueva agresi\u00f3n demuestra que el perturbado est\u00e1 en el edificio y su objetivo es el personal sanitario. David Spier, m\u00e9dico jefe de urgencias, se esfuerza en calmar a su equipo y en atender con eficacia a los pacientes. Sin embargo, el criminal no tarda en ser atrapado y, tras intentar suicidarse, necesita cuidados m\u00e9dicos. Spier se enfrenta entonces a un dilema: o se mantiene fiel al agresor, o lo entrega a la polic\u00eda. La prensa y la conmocionada opini\u00f3n p\u00fablica siguen el caso con gran expectaci\u00f3n\u2026<\/p>\n","protected":false},"excerpt":{"rendered":"<p>Un thriller inquietante y sorprendente en el que se debaten muchos de los pormenores de la pr\u00e1ctica y la pol\u00edtica de la medicina.<\/p>\n","protected":false},"featured_media":4363,"template":"","meta":[],"product_brand":[676],"product_cat":[40,30,48],"product_tag":[],"class_list":{"0":"post-4362","1":"product","2":"type-product","3":"status-publish","4":"has-post-thumbnail","6":"product_brand-gregg-andrew-hurwitz","7":"product_cat-policial","8":"product_cat-suspenso","9":"product_cat-thrillers","11":"first","12":"instock","13":"purchasable","14":"product-type-simple"},"featured_image_urls_v2":{"full":["https:\/\/ajupe.com.uy\/web\/wp-content\/uploads\/2016\/04\/p-4362-NO_DA__ARAS_4e8cb9115e6ce.jpg",338,500,false],"thumbnail":["https:\/\/ajupe.com.uy\/web\/wp-content\/uploads\/2016\/04\/p-4362-NO_DA__ARAS_4e8cb9115e6ce.jpg",150,150,true],"medium":["https:\/\/ajupe.com.uy\/web\/wp-content\/uploads\/2016\/04\/p-4362-NO_DA__ARAS_4e8cb9115e6ce.jpg",300,214,true],"medium_large":["https:\/\/ajupe.com.uy\/web\/wp-content\/uploads\/2016\/04\/p-4362-NO_DA__ARAS_4e8cb9115e6ce.jpg",338,500,false],"large":["https:\/\/ajupe.com.uy\/web\/wp-content\/uploads\/2016\/04\/p-4362-NO_DA__ARAS_4e8cb9115e6ce.jpg",338,500,false],"1536x1536":["https:\/\/ajupe.com.uy\/web\/wp-content\/uploads\/2016\/04\/p-4362-NO_DA__ARAS_4e8cb9115e6ce.jpg",338,500,false],"2048x2048":["https:\/\/ajupe.com.uy\/web\/wp-content\/uploads\/2016\/04\/p-4362-NO_DA__ARAS_4e8cb9115e6ce.jpg",338,500,false],"woocommerce_archive_thumbnail":["https:\/\/ajupe.com.uy\/web\/wp-content\/uploads\/2016\/04\/p-4362-NO_DA__ARAS_4e8cb9115e6ce-300x450.jpg",300,450,true],"woocommerce_thumbnail":["https:\/\/ajupe.com.uy\/web\/wp-content\/uploads\/2016\/04\/p-4362-NO_DA__ARAS_4e8cb9115e6ce-300x300.jpg",300,300,true],"woocommerce_single":["https:\/\/ajupe.com.uy\/web\/wp-content\/uploads\/2016\/04\/p-4362-NO_DA__ARAS_4e8cb9115e6ce-300x444.jpg",300,444,true],"woocommerce_gallery_thumbnail":["https:\/\/ajupe.com.uy\/web\/wp-content\/uploads\/2016\/04\/p-4362-NO_DA__ARAS_4e8cb9115e6ce-100x100.jpg",100,100,true]},"post_excerpt_stackable_v2":"<p>Un thriller inquietante y sorprendente en el que se debaten muchos de los pormenores de la pr\u00e1ctica y la pol\u00edtica de la medicina.<\/p>\n","category_list_v2":"","author_info_v2":{"name":"","url":""},"comments_num_v2":"0 comentarios","_links":{"self":[{"href":"https:\/\/ajupe.com.uy\/web\/wp-json\/wp\/v2\/product\/4362","targetHints":{"allow":["GET"]}}],"collection":[{"href":"https:\/\/ajupe.com.uy\/web\/wp-json\/wp\/v2\/product"}],"about":[{"href":"https:\/\/ajupe.com.uy\/web\/wp-json\/wp\/v2\/types\/product"}],"wp:featuredmedia":[{"embeddable":true,"href":"https:\/\/ajupe.com.uy\/web\/wp-json\/wp\/v2\/media\/4363"}],"wp:attachment":[{"href":"https:\/\/ajupe.com.uy\/web\/wp-json\/wp\/v2\/media?parent=4362"}],"wp:term":[{"taxonomy":"product_brand","embeddable":true,"href":"https:\/\/ajupe.com.uy\/web\/wp-json\/wp\/v2\/product_brand?post=4362"},{"taxonomy":"product_cat","embeddable":true,"href":"https:\/\/ajupe.com.uy\/web\/wp-json\/wp\/v2\/product_cat?post=4362"},{"taxonomy":"product_tag","embeddable":true,"href":"https:\/\/ajupe.com.uy\/web\/wp-json\/wp\/v2\/product_tag?post=4362"}],"curies":[{"name":"wp","href":"https:\/\/api.w.org\/{rel}","templated":true}]}}