{"id":4410,"date":"2011-10-05T21:46:58","date_gmt":"2011-10-06T00:46:58","guid":{"rendered":"http:\/\/ajupe.com.uy\/web\/?post_type=product&#038;p=4410"},"modified":"2011-10-12T16:07:05","modified_gmt":"2011-10-12T19:07:05","slug":"tijeras-de-plata","status":"publish","type":"product","link":"https:\/\/ajupe.com.uy\/web\/biblioteca\/tijeras-de-plata\/","title":{"rendered":"TIJERAS DE PLATA"},"content":{"rendered":"<p>Esta es la historia de Ar\u00edstides Gal\u00e1n, conocido como Tijeras de Plata, el peluquero que, seg\u00fan la leyenda, afeit\u00f3 al mism\u00edsimo General de Gaulle cuando en 1964 visit\u00f3 el Uruguay. Pero sobre todo, Gal\u00e1n era un conversador nato, capaz de envolver a los clientes atrapados en el sill\u00f3n como ahora al lector con una charla desgranada a ritmo de tijeras que inclu\u00eda una serie de historias asombrosas. As\u00ed, la peluquer\u00eda se transforma en un confesionario laico por el que desfilan hombres y mujeres que viven los relatos y nutren con sus propias vidas el repertorio de Tijeras de Plata: el viajante que descubre que la almohada de su cama de hotel contiene y contagia los sue\u00f1os, la sucia conciencia de otro; el obrero cuyo parecido con Kirk Douglas lo encamina hacia una confusi\u00f3n de identidad de p\u00e9simas consecuencias; el hombre que intenta recobrar en la peluquer\u00eda el instante en que conoci\u00f3 la muerte de su madre, el actor de radioteatro que vivi\u00f3 un romance t\u00f3rrido y devastador construido entre el \u00e9ter y el papel; el ventr\u00edlocuo que acumula un rencor tan creciente como correspondido hacia su mu\u00f1eco&#8230; Llevado por la nostalgia y la curiosidad, casi cuarenta a\u00f1os despu\u00e9s de retirado el peluquero, Hugo Burel, autor, narrador y personaje de esta historia, intenta recuperar la figura del elusivo Tijeras de Plata, que le llega acompa\u00f1ada del retrato de un pa\u00eds que se cre\u00eda la Suiza de Am\u00e9rica y que, sin saberlo, se preparaba para la dictadura.<\/p>\n","protected":false},"excerpt":{"rendered":"<p>Narrada con la pasi\u00f3n de quien recuerda su propia historia y con artes de cuentista y de novelista combinados magistralmente, Tijeras de Plata es tambi\u00e9n, como toda novela, una teor\u00eda sobre la escritura y los misteriosos mecanismos que la tejen.<\/p>\n","protected":false},"featured_media":4411,"template":"","meta":[],"product_brand":[54],"product_cat":[29,45],"product_tag":[],"class_list":{"0":"post-4410","1":"product","2":"type-product","3":"status-publish","4":"has-post-thumbnail","6":"product_brand-hugo-burel","7":"product_cat-novela","8":"product_cat-uruguayo","10":"first","11":"instock","12":"purchasable","13":"product-type-simple"},"featured_image_urls_v2":{"full":["https:\/\/ajupe.com.uy\/web\/wp-content\/uploads\/2016\/04\/p-4410-TIJERAS_DE_PLATA_4e8cd052c97ba.jpg",78,112,false],"thumbnail":["https:\/\/ajupe.com.uy\/web\/wp-content\/uploads\/2016\/04\/p-4410-TIJERAS_DE_PLATA_4e8cd052c97ba.jpg",150,150,true],"medium":["https:\/\/ajupe.com.uy\/web\/wp-content\/uploads\/2016\/04\/p-4410-TIJERAS_DE_PLATA_4e8cd052c97ba.jpg",300,214,true],"medium_large":["https:\/\/ajupe.com.uy\/web\/wp-content\/uploads\/2016\/04\/p-4410-TIJERAS_DE_PLATA_4e8cd052c97ba.jpg",78,112,false],"large":["https:\/\/ajupe.com.uy\/web\/wp-content\/uploads\/2016\/04\/p-4410-TIJERAS_DE_PLATA_4e8cd052c97ba.jpg",78,112,false],"1536x1536":["https:\/\/ajupe.com.uy\/web\/wp-content\/uploads\/2016\/04\/p-4410-TIJERAS_DE_PLATA_4e8cd052c97ba.jpg",78,112,false],"2048x2048":["https:\/\/ajupe.com.uy\/web\/wp-content\/uploads\/2016\/04\/p-4410-TIJERAS_DE_PLATA_4e8cd052c97ba.jpg",78,112,false],"woocommerce_archive_thumbnail":["https:\/\/ajupe.com.uy\/web\/wp-content\/uploads\/2016\/04\/p-4410-TIJERAS_DE_PLATA_4e8cd052c97ba.jpg",78,112,false],"woocommerce_thumbnail":["https:\/\/ajupe.com.uy\/web\/wp-content\/uploads\/2016\/04\/p-4410-TIJERAS_DE_PLATA_4e8cd052c97ba.jpg",78,112,false],"woocommerce_single":["https:\/\/ajupe.com.uy\/web\/wp-content\/uploads\/2016\/04\/p-4410-TIJERAS_DE_PLATA_4e8cd052c97ba.jpg",78,112,false],"woocommerce_gallery_thumbnail":["https:\/\/ajupe.com.uy\/web\/wp-content\/uploads\/2016\/04\/p-4410-TIJERAS_DE_PLATA_4e8cd052c97ba-78x100.jpg",78,100,true]},"post_excerpt_stackable_v2":"<p>Narrada con la pasi\u00f3n de quien recuerda su propia historia y con artes de cuentista y de novelista combinados magistralmente, Tijeras de Plata es tambi\u00e9n, como toda novela, una teor\u00eda sobre la escritura y los misteriosos mecanismos que la tejen.<\/p>\n","category_list_v2":"","author_info_v2":{"name":"","url":""},"comments_num_v2":"0 comentarios","_links":{"self":[{"href":"https:\/\/ajupe.com.uy\/web\/wp-json\/wp\/v2\/product\/4410","targetHints":{"allow":["GET"]}}],"collection":[{"href":"https:\/\/ajupe.com.uy\/web\/wp-json\/wp\/v2\/product"}],"about":[{"href":"https:\/\/ajupe.com.uy\/web\/wp-json\/wp\/v2\/types\/product"}],"wp:featuredmedia":[{"embeddable":true,"href":"https:\/\/ajupe.com.uy\/web\/wp-json\/wp\/v2\/media\/4411"}],"wp:attachment":[{"href":"https:\/\/ajupe.com.uy\/web\/wp-json\/wp\/v2\/media?parent=4410"}],"wp:term":[{"taxonomy":"product_brand","embeddable":true,"href":"https:\/\/ajupe.com.uy\/web\/wp-json\/wp\/v2\/product_brand?post=4410"},{"taxonomy":"product_cat","embeddable":true,"href":"https:\/\/ajupe.com.uy\/web\/wp-json\/wp\/v2\/product_cat?post=4410"},{"taxonomy":"product_tag","embeddable":true,"href":"https:\/\/ajupe.com.uy\/web\/wp-json\/wp\/v2\/product_tag?post=4410"}],"curies":[{"name":"wp","href":"https:\/\/api.w.org\/{rel}","templated":true}]}}