{"id":4413,"date":"2011-10-05T22:10:04","date_gmt":"2011-10-06T01:10:04","guid":{"rendered":"http:\/\/ajupe.com.uy\/web\/?post_type=product&#038;p=4413"},"modified":"2011-10-05T22:18:50","modified_gmt":"2011-10-06T01:18:50","slug":"recuentos-para-demian","status":"publish","type":"product","link":"https:\/\/ajupe.com.uy\/web\/biblioteca\/recuentos-para-demian\/","title":{"rendered":"Recuentos para Demian"},"content":{"rendered":"<p>A este \u201cre-contar\u201d se agrega la did\u00e1ctica gu\u00eda del autor que con la excusa de la trama, nos lleva de la mano por el camino de saber m\u00e1s sobre nosotros mismos. El Doctor Bucay trabaja en Buenos Aires repartiendo su tiempo entre su tarea docente, su tarea asistencial. La tarea de \u201cayudador profesional\u201d como a \u00e9l mismo le gusta definirse.<br \/>\nUn ayudador \u2013dice el autor- es alguien que ha le\u00eddo un poco m\u00e1s que unos pocos sobre algunos pocos temas\u2026y ha decidido compartirlo.<\/p>\n","protected":false},"excerpt":{"rendered":"<p>En \u201cRecuentos para Demian\u201d nos sumerge en una cuidada antolog\u00eda de cuentos cl\u00e1sicos, modernos o populares, seleccionados y reescritos por el autor para extraerles todo su contenido terap\u00e9utico.<\/p>\n","protected":false},"featured_media":4414,"template":"","meta":[],"product_brand":[276],"product_cat":[32],"product_tag":[],"class_list":{"0":"post-4413","1":"product","2":"type-product","3":"status-publish","4":"has-post-thumbnail","6":"product_brand-jorge-bucay","7":"product_cat-autoayuda","9":"first","10":"instock","11":"purchasable","12":"product-type-simple"},"featured_image_urls_v2":{"full":["https:\/\/ajupe.com.uy\/web\/wp-content\/uploads\/2016\/04\/p-4413-Recuentos_para_D_4e8cd7caa8ff6.jpg",263,379,false],"thumbnail":["https:\/\/ajupe.com.uy\/web\/wp-content\/uploads\/2016\/04\/p-4413-Recuentos_para_D_4e8cd7caa8ff6.jpg",150,150,true],"medium":["https:\/\/ajupe.com.uy\/web\/wp-content\/uploads\/2016\/04\/p-4413-Recuentos_para_D_4e8cd7caa8ff6.jpg",300,214,true],"medium_large":["https:\/\/ajupe.com.uy\/web\/wp-content\/uploads\/2016\/04\/p-4413-Recuentos_para_D_4e8cd7caa8ff6.jpg",263,379,false],"large":["https:\/\/ajupe.com.uy\/web\/wp-content\/uploads\/2016\/04\/p-4413-Recuentos_para_D_4e8cd7caa8ff6.jpg",263,379,false],"1536x1536":["https:\/\/ajupe.com.uy\/web\/wp-content\/uploads\/2016\/04\/p-4413-Recuentos_para_D_4e8cd7caa8ff6.jpg",263,379,false],"2048x2048":["https:\/\/ajupe.com.uy\/web\/wp-content\/uploads\/2016\/04\/p-4413-Recuentos_para_D_4e8cd7caa8ff6.jpg",263,379,false],"woocommerce_archive_thumbnail":["https:\/\/ajupe.com.uy\/web\/wp-content\/uploads\/2016\/04\/p-4413-Recuentos_para_D_4e8cd7caa8ff6-263x300.jpg",263,300,true],"woocommerce_thumbnail":["https:\/\/ajupe.com.uy\/web\/wp-content\/uploads\/2016\/04\/p-4413-Recuentos_para_D_4e8cd7caa8ff6-263x300.jpg",263,300,true],"woocommerce_single":["https:\/\/ajupe.com.uy\/web\/wp-content\/uploads\/2016\/04\/p-4413-Recuentos_para_D_4e8cd7caa8ff6.jpg",263,379,false],"woocommerce_gallery_thumbnail":["https:\/\/ajupe.com.uy\/web\/wp-content\/uploads\/2016\/04\/p-4413-Recuentos_para_D_4e8cd7caa8ff6-100x100.jpg",100,100,true]},"post_excerpt_stackable_v2":"<p>En \u201cRecuentos para Demian\u201d nos sumerge en una cuidada antolog\u00eda de cuentos cl\u00e1sicos, modernos o populares, seleccionados y reescritos por el autor para extraerles todo su contenido terap\u00e9utico.<\/p>\n","category_list_v2":"","author_info_v2":{"name":"","url":""},"comments_num_v2":"0 comentarios","_links":{"self":[{"href":"https:\/\/ajupe.com.uy\/web\/wp-json\/wp\/v2\/product\/4413","targetHints":{"allow":["GET"]}}],"collection":[{"href":"https:\/\/ajupe.com.uy\/web\/wp-json\/wp\/v2\/product"}],"about":[{"href":"https:\/\/ajupe.com.uy\/web\/wp-json\/wp\/v2\/types\/product"}],"wp:featuredmedia":[{"embeddable":true,"href":"https:\/\/ajupe.com.uy\/web\/wp-json\/wp\/v2\/media\/4414"}],"wp:attachment":[{"href":"https:\/\/ajupe.com.uy\/web\/wp-json\/wp\/v2\/media?parent=4413"}],"wp:term":[{"taxonomy":"product_brand","embeddable":true,"href":"https:\/\/ajupe.com.uy\/web\/wp-json\/wp\/v2\/product_brand?post=4413"},{"taxonomy":"product_cat","embeddable":true,"href":"https:\/\/ajupe.com.uy\/web\/wp-json\/wp\/v2\/product_cat?post=4413"},{"taxonomy":"product_tag","embeddable":true,"href":"https:\/\/ajupe.com.uy\/web\/wp-json\/wp\/v2\/product_tag?post=4413"}],"curies":[{"name":"wp","href":"https:\/\/api.w.org\/{rel}","templated":true}]}}