{"id":4425,"date":"2011-10-05T22:53:19","date_gmt":"2011-10-06T01:53:19","guid":{"rendered":"http:\/\/ajupe.com.uy\/web\/?post_type=product&#038;p=4425"},"modified":"2011-10-11T17:10:02","modified_gmt":"2011-10-11T20:10:02","slug":"el-blues-del-misisipi","status":"publish","type":"product","link":"https:\/\/ajupe.com.uy\/web\/biblioteca\/el-blues-del-misisipi\/","title":{"rendered":"El Blues del Misisipi"},"content":{"rendered":"<p>El Blues del Misisipi cuenta con la misma aplastante iron\u00eda y los agudos  di\u00e1logos que caracterizan toda la obra de Elmore Leonard. Seg\u00fan el  propio autor, El Blues del Misisipi ha supuesto la experiencia m\u00e1s  divertida que he tenido en cincuenta a\u00f1os como escritor.<\/p>\n","protected":false},"excerpt":{"rendered":"<p>El Blues del Misisipi cuenta con la misma aplastante iron\u00eda y los agudos di\u00e1logos que caracterizan toda la obra de Elmore Leonard. Seg\u00fan el propio autor, El Blues del Misisipi ha supuesto la experiencia m\u00e1s divertida que he tenido en cincuenta a\u00f1os como escritor.<\/p>\n","protected":false},"featured_media":4426,"template":"","meta":[],"product_brand":[639],"product_cat":[30],"product_tag":[],"class_list":{"0":"post-4425","1":"product","2":"type-product","3":"status-publish","4":"has-post-thumbnail","6":"product_brand-elmore-leonard","7":"product_cat-suspenso","9":"first","10":"instock","11":"purchasable","12":"product-type-simple"},"featured_image_urls_v2":{"full":["https:\/\/ajupe.com.uy\/web\/wp-content\/uploads\/2016\/04\/p-4425-El_Blues_del_Mis_4e8cdfdf13edb.jpg",270,270,false],"thumbnail":["https:\/\/ajupe.com.uy\/web\/wp-content\/uploads\/2016\/04\/p-4425-El_Blues_del_Mis_4e8cdfdf13edb.jpg",150,150,true],"medium":["https:\/\/ajupe.com.uy\/web\/wp-content\/uploads\/2016\/04\/p-4425-El_Blues_del_Mis_4e8cdfdf13edb.jpg",300,214,true],"medium_large":["https:\/\/ajupe.com.uy\/web\/wp-content\/uploads\/2016\/04\/p-4425-El_Blues_del_Mis_4e8cdfdf13edb.jpg",270,270,false],"large":["https:\/\/ajupe.com.uy\/web\/wp-content\/uploads\/2016\/04\/p-4425-El_Blues_del_Mis_4e8cdfdf13edb.jpg",270,270,false],"1536x1536":["https:\/\/ajupe.com.uy\/web\/wp-content\/uploads\/2016\/04\/p-4425-El_Blues_del_Mis_4e8cdfdf13edb.jpg",270,270,false],"2048x2048":["https:\/\/ajupe.com.uy\/web\/wp-content\/uploads\/2016\/04\/p-4425-El_Blues_del_Mis_4e8cdfdf13edb.jpg",270,270,false],"woocommerce_archive_thumbnail":["https:\/\/ajupe.com.uy\/web\/wp-content\/uploads\/2016\/04\/p-4425-El_Blues_del_Mis_4e8cdfdf13edb.jpg",270,270,false],"woocommerce_thumbnail":["https:\/\/ajupe.com.uy\/web\/wp-content\/uploads\/2016\/04\/p-4425-El_Blues_del_Mis_4e8cdfdf13edb.jpg",270,270,false],"woocommerce_single":["https:\/\/ajupe.com.uy\/web\/wp-content\/uploads\/2016\/04\/p-4425-El_Blues_del_Mis_4e8cdfdf13edb.jpg",270,270,false],"woocommerce_gallery_thumbnail":["https:\/\/ajupe.com.uy\/web\/wp-content\/uploads\/2016\/04\/p-4425-El_Blues_del_Mis_4e8cdfdf13edb-100x100.jpg",100,100,true]},"post_excerpt_stackable_v2":"<p>El Blues del Misisipi cuenta con la misma aplastante iron\u00eda y los agudos di\u00e1logos que caracterizan toda la obra de Elmore Leonard. Seg\u00fan el propio autor, El Blues del Misisipi ha supuesto la experiencia m\u00e1s divertida que he tenido en cincuenta a\u00f1os como escritor.<\/p>\n","category_list_v2":"","author_info_v2":{"name":"","url":""},"comments_num_v2":"0 comentarios","_links":{"self":[{"href":"https:\/\/ajupe.com.uy\/web\/wp-json\/wp\/v2\/product\/4425","targetHints":{"allow":["GET"]}}],"collection":[{"href":"https:\/\/ajupe.com.uy\/web\/wp-json\/wp\/v2\/product"}],"about":[{"href":"https:\/\/ajupe.com.uy\/web\/wp-json\/wp\/v2\/types\/product"}],"wp:featuredmedia":[{"embeddable":true,"href":"https:\/\/ajupe.com.uy\/web\/wp-json\/wp\/v2\/media\/4426"}],"wp:attachment":[{"href":"https:\/\/ajupe.com.uy\/web\/wp-json\/wp\/v2\/media?parent=4425"}],"wp:term":[{"taxonomy":"product_brand","embeddable":true,"href":"https:\/\/ajupe.com.uy\/web\/wp-json\/wp\/v2\/product_brand?post=4425"},{"taxonomy":"product_cat","embeddable":true,"href":"https:\/\/ajupe.com.uy\/web\/wp-json\/wp\/v2\/product_cat?post=4425"},{"taxonomy":"product_tag","embeddable":true,"href":"https:\/\/ajupe.com.uy\/web\/wp-json\/wp\/v2\/product_tag?post=4425"}],"curies":[{"name":"wp","href":"https:\/\/api.w.org\/{rel}","templated":true}]}}