{"id":4434,"date":"2011-10-05T23:21:08","date_gmt":"2011-10-06T02:21:08","guid":{"rendered":"http:\/\/ajupe.com.uy\/web\/?post_type=product&#038;p=4434"},"modified":"2011-10-11T17:12:52","modified_gmt":"2011-10-11T20:12:52","slug":"el-cuarto-poder","status":"publish","type":"product","link":"https:\/\/ajupe.com.uy\/web\/biblioteca\/el-cuarto-poder\/","title":{"rendered":"El Cuarto Poder"},"content":{"rendered":"<p><span style=\"font-family: Palatino Linotype;\"> <\/span><\/p>\n<div style=\"text-align: justify;\">Las  historias de Lubji, h\u00fangaro jud\u00edo perseguido durante la segunda guerra  mundial, y la de Kent, joven adinerado que descubre sus facultades de  l\u00edder, sirven de escenario para que el gran Jeffrey Archer, dibuje con  magistralidad y estilo propio, los pormenores de la vida del mundo de la  prensa en EL CUARTO PODER, popular novela que fue llevada a la  pantalla, y que muestra descarnadamente los laberintos de la informaci\u00f3n  desde un punto de vista desprovisto de concesiones. Lubji emerge de un  pasado lleno de frio y soledad, donde debe escapar de su mundo para  lograr salvar la vida mientras sus habilidades de comerciante le  permiten sobrevivir en el g\u00e9lido ambiente de una Europa desgarrada por  la lucha fratricida con la amenaza de Adolf Hitler rondando la buena  marcha de la paz y la concordia.<\/div>\n<div style=\"text-align: justify;\">Kent,  por su parte, entre apuestas en el hip\u00f3dromo, y su propio despertar  sexual mientras particip\u00f3 en intrigas y maldades, va envolvi\u00e9ndose en un  mundo donde el conocimiento es la llave del \u00e9xito. Escrita con un  estilo fuerte e incluyente, El Cuarto Poder es un retrato perfecto del  rostro de los grandes magnates que encajan muy bien en la m\u00e1xima de  Balzac, \u00abDetr\u00e1s de cada gran fortuna, hay un gran crimen\u00bb. Esta novela  es un fiel reflejo de dos historias unidas por la sagacidad y el  destino, y que los lleva al inevitable choque.<\/div>\n<p>\u00a0<\/p>\n","protected":false},"excerpt":{"rendered":"<p>Las historias de Lubji, h\u00fangaro jud\u00edo perseguido durante la segunda guerra mundial, y la de Kent, joven adinerado que descubre sus facultades de l\u00edder, sirven de escenario para que el gran Jeffrey Archer, dibuje con magistralidad y estilo propio, los pormenores de la vida del mundo de la prensa en EL CUARTO PODER, popular novela [&hellip;]<\/p>\n","protected":false},"featured_media":4435,"template":"","meta":[],"product_brand":[1035],"product_cat":[30],"product_tag":[],"class_list":{"0":"post-4434","1":"product","2":"type-product","3":"status-publish","4":"has-post-thumbnail","6":"product_brand-archer-jeffrey","7":"product_cat-suspenso","9":"first","10":"instock","11":"purchasable","12":"product-type-simple"},"featured_image_urls_v2":{"full":["https:\/\/ajupe.com.uy\/web\/wp-content\/uploads\/2016\/04\/p-4434-El_Cuarto_Poder_4e8ce66482e36.jpg",270,270,false],"thumbnail":["https:\/\/ajupe.com.uy\/web\/wp-content\/uploads\/2016\/04\/p-4434-El_Cuarto_Poder_4e8ce66482e36.jpg",150,150,true],"medium":["https:\/\/ajupe.com.uy\/web\/wp-content\/uploads\/2016\/04\/p-4434-El_Cuarto_Poder_4e8ce66482e36.jpg",300,214,true],"medium_large":["https:\/\/ajupe.com.uy\/web\/wp-content\/uploads\/2016\/04\/p-4434-El_Cuarto_Poder_4e8ce66482e36.jpg",270,270,false],"large":["https:\/\/ajupe.com.uy\/web\/wp-content\/uploads\/2016\/04\/p-4434-El_Cuarto_Poder_4e8ce66482e36.jpg",270,270,false],"1536x1536":["https:\/\/ajupe.com.uy\/web\/wp-content\/uploads\/2016\/04\/p-4434-El_Cuarto_Poder_4e8ce66482e36.jpg",270,270,false],"2048x2048":["https:\/\/ajupe.com.uy\/web\/wp-content\/uploads\/2016\/04\/p-4434-El_Cuarto_Poder_4e8ce66482e36.jpg",270,270,false],"woocommerce_archive_thumbnail":["https:\/\/ajupe.com.uy\/web\/wp-content\/uploads\/2016\/04\/p-4434-El_Cuarto_Poder_4e8ce66482e36.jpg",270,270,false],"woocommerce_thumbnail":["https:\/\/ajupe.com.uy\/web\/wp-content\/uploads\/2016\/04\/p-4434-El_Cuarto_Poder_4e8ce66482e36.jpg",270,270,false],"woocommerce_single":["https:\/\/ajupe.com.uy\/web\/wp-content\/uploads\/2016\/04\/p-4434-El_Cuarto_Poder_4e8ce66482e36.jpg",270,270,false],"woocommerce_gallery_thumbnail":["https:\/\/ajupe.com.uy\/web\/wp-content\/uploads\/2016\/04\/p-4434-El_Cuarto_Poder_4e8ce66482e36-100x100.jpg",100,100,true]},"post_excerpt_stackable_v2":"<p>Las historias de Lubji, h\u00fangaro jud\u00edo perseguido durante la segunda guerra mundial, y la de Kent, joven adinerado que descubre sus facultades de l\u00edder, sirven de escenario para que el gran Jeffrey Archer, dibuje con magistralidad y estilo propio, los pormenores de la vida del mundo de la prensa en EL CUARTO PODER, popular novela que fue llevada a la pantalla, y que muestra descarnadamente los laberintos de la informaci\u00f3n desde un punto de vista desprovisto de concesiones. Lubji emerge de un pasado lleno de frio y soledad, donde debe escapar de su mundo para lograr salvar la vida mientras&hellip;<\/p>\n","category_list_v2":"","author_info_v2":{"name":"","url":""},"comments_num_v2":"0 comentarios","_links":{"self":[{"href":"https:\/\/ajupe.com.uy\/web\/wp-json\/wp\/v2\/product\/4434","targetHints":{"allow":["GET"]}}],"collection":[{"href":"https:\/\/ajupe.com.uy\/web\/wp-json\/wp\/v2\/product"}],"about":[{"href":"https:\/\/ajupe.com.uy\/web\/wp-json\/wp\/v2\/types\/product"}],"wp:featuredmedia":[{"embeddable":true,"href":"https:\/\/ajupe.com.uy\/web\/wp-json\/wp\/v2\/media\/4435"}],"wp:attachment":[{"href":"https:\/\/ajupe.com.uy\/web\/wp-json\/wp\/v2\/media?parent=4434"}],"wp:term":[{"taxonomy":"product_brand","embeddable":true,"href":"https:\/\/ajupe.com.uy\/web\/wp-json\/wp\/v2\/product_brand?post=4434"},{"taxonomy":"product_cat","embeddable":true,"href":"https:\/\/ajupe.com.uy\/web\/wp-json\/wp\/v2\/product_cat?post=4434"},{"taxonomy":"product_tag","embeddable":true,"href":"https:\/\/ajupe.com.uy\/web\/wp-json\/wp\/v2\/product_tag?post=4434"}],"curies":[{"name":"wp","href":"https:\/\/api.w.org\/{rel}","templated":true}]}}