{"id":4452,"date":"2011-10-06T00:10:28","date_gmt":"2011-10-06T03:10:28","guid":{"rendered":"http:\/\/ajupe.com.uy\/web\/?post_type=product&#038;p=4452"},"modified":"2011-10-12T15:06:07","modified_gmt":"2011-10-12T18:06:07","slug":"el-angel-demoledor-2","status":"publish","type":"product","link":"https:\/\/ajupe.com.uy\/web\/biblioteca\/el-angel-demoledor-2\/","title":{"rendered":"El angel demoledor"},"content":{"rendered":"<p>Sinopsis y argumento del libro Robert Crais de El \u00e1ngel Demoledor, un libro de Suspense \/ Thriller: <\/p>\n<p>Tres  a\u00f1os atr\u00e1s, una explosi\u00f3n destroz\u00f3 la vida de Carol Starkey: su  compa\u00f1ero muri\u00f3 en el acto y ella se vi\u00f3 obligada a abandonar el cuerpo  de artrificieros de Los Angeles en el que trabajaba. Ahora, pasa las  horas intentando combatir su dolor, ahog\u00e1ndolo en alcohol. Cuando el  Departamento la reclama de nuevo para que investigue acerca de un tal  Mister Red, Starkey empieza a ver la luz. Bajo el pseudonimo de Mister  Red se oculta un psic\u00f3pata experto en la fabricaci\u00f3n de bombas caseras  obsesionado por aparecer en la lista de los 10 criminales m\u00e1s buscados  por el FBI. A \u00e9l se le atribuye el \u00faltimo atentando cometido en la  ciudad, pero cuando se descubre que las pistas son falsas, la  investigaci\u00f3n toma un giro inesperado.<\/p>\n","protected":false},"excerpt":{"rendered":"<p>Sinopsis y argumento del libro Robert Crais de El \u00e1ngel Demoledor, un libro de Suspense \/ Thriller: Tres a\u00f1os atr\u00e1s, una explosi\u00f3n destroz\u00f3 la vida de Carol Starkey: su compa\u00f1ero muri\u00f3 en el acto y ella se vi\u00f3 obligada a abandonar el cuerpo de artrificieros de Los Angeles en el que trabajaba. Ahora, pasa las [&hellip;]<\/p>\n","protected":false},"featured_media":4453,"template":"","meta":[],"product_brand":[410],"product_cat":[30,48],"product_tag":[],"class_list":{"0":"post-4452","1":"product","2":"type-product","3":"status-publish","4":"has-post-thumbnail","6":"product_brand-robert-crais","7":"product_cat-suspenso","8":"product_cat-thrillers","10":"first","11":"instock","12":"purchasable","13":"product-type-simple"},"featured_image_urls_v2":{"full":["https:\/\/ajupe.com.uy\/web\/wp-content\/uploads\/2016\/04\/p-4452-El_angel_demoled_4e8cf1f4e668d.gif",170,270,false],"thumbnail":["https:\/\/ajupe.com.uy\/web\/wp-content\/uploads\/2016\/04\/p-4452-El_angel_demoled_4e8cf1f4e668d.gif",150,150,true],"medium":["https:\/\/ajupe.com.uy\/web\/wp-content\/uploads\/2016\/04\/p-4452-El_angel_demoled_4e8cf1f4e668d.gif",300,214,true],"medium_large":["https:\/\/ajupe.com.uy\/web\/wp-content\/uploads\/2016\/04\/p-4452-El_angel_demoled_4e8cf1f4e668d.gif",170,270,false],"large":["https:\/\/ajupe.com.uy\/web\/wp-content\/uploads\/2016\/04\/p-4452-El_angel_demoled_4e8cf1f4e668d.gif",170,270,false],"1536x1536":["https:\/\/ajupe.com.uy\/web\/wp-content\/uploads\/2016\/04\/p-4452-El_angel_demoled_4e8cf1f4e668d.gif",170,270,false],"2048x2048":["https:\/\/ajupe.com.uy\/web\/wp-content\/uploads\/2016\/04\/p-4452-El_angel_demoled_4e8cf1f4e668d.gif",170,270,false],"woocommerce_archive_thumbnail":["https:\/\/ajupe.com.uy\/web\/wp-content\/uploads\/2016\/04\/p-4452-El_angel_demoled_4e8cf1f4e668d.gif",170,270,false],"woocommerce_thumbnail":["https:\/\/ajupe.com.uy\/web\/wp-content\/uploads\/2016\/04\/p-4452-El_angel_demoled_4e8cf1f4e668d.gif",170,270,false],"woocommerce_single":["https:\/\/ajupe.com.uy\/web\/wp-content\/uploads\/2016\/04\/p-4452-El_angel_demoled_4e8cf1f4e668d.gif",170,270,false],"woocommerce_gallery_thumbnail":["https:\/\/ajupe.com.uy\/web\/wp-content\/uploads\/2016\/04\/p-4452-El_angel_demoled_4e8cf1f4e668d-100x100.gif",100,100,true]},"post_excerpt_stackable_v2":"<p>Sinopsis y argumento del libro Robert Crais de El \u00e1ngel Demoledor, un libro de Suspense \/ Thriller: Tres a\u00f1os atr\u00e1s, una explosi\u00f3n destroz\u00f3 la vida de Carol Starkey: su compa\u00f1ero muri\u00f3 en el acto y ella se vi\u00f3 obligada a abandonar el cuerpo de artrificieros de Los Angeles en el que trabajaba. Ahora, pasa las horas intentando combatir su dolor, ahog\u00e1ndolo en alcohol. Cuando el Departamento la reclama de nuevo para que investigue acerca de un tal Mister Red, Starkey empieza a ver la luz. Bajo el pseudonimo de Mister Red se oculta un psic\u00f3pata experto en la fabricaci\u00f3n de&hellip;<\/p>\n","category_list_v2":"","author_info_v2":{"name":"","url":""},"comments_num_v2":"0 comentarios","_links":{"self":[{"href":"https:\/\/ajupe.com.uy\/web\/wp-json\/wp\/v2\/product\/4452","targetHints":{"allow":["GET"]}}],"collection":[{"href":"https:\/\/ajupe.com.uy\/web\/wp-json\/wp\/v2\/product"}],"about":[{"href":"https:\/\/ajupe.com.uy\/web\/wp-json\/wp\/v2\/types\/product"}],"wp:featuredmedia":[{"embeddable":true,"href":"https:\/\/ajupe.com.uy\/web\/wp-json\/wp\/v2\/media\/4453"}],"wp:attachment":[{"href":"https:\/\/ajupe.com.uy\/web\/wp-json\/wp\/v2\/media?parent=4452"}],"wp:term":[{"taxonomy":"product_brand","embeddable":true,"href":"https:\/\/ajupe.com.uy\/web\/wp-json\/wp\/v2\/product_brand?post=4452"},{"taxonomy":"product_cat","embeddable":true,"href":"https:\/\/ajupe.com.uy\/web\/wp-json\/wp\/v2\/product_cat?post=4452"},{"taxonomy":"product_tag","embeddable":true,"href":"https:\/\/ajupe.com.uy\/web\/wp-json\/wp\/v2\/product_tag?post=4452"}],"curies":[{"name":"wp","href":"https:\/\/api.w.org\/{rel}","templated":true}]}}