{"id":4473,"date":"2011-10-06T00:46:01","date_gmt":"2011-10-06T03:46:01","guid":{"rendered":"http:\/\/ajupe.com.uy\/web\/?post_type=product&#038;p=4473"},"modified":"2011-10-11T17:31:29","modified_gmt":"2011-10-11T20:31:29","slug":"buick-8-un-coche-perverso","status":"publish","type":"product","link":"https:\/\/ajupe.com.uy\/web\/biblioteca\/buick-8-un-coche-perverso\/","title":{"rendered":"Buick 8: Un Coche Perverso"},"content":{"rendered":"<p>Pensilvania, 1979. Llega un extra\u00f1o a una gasolinera para repostar.  Conduce un Buick modelo 1954 pero en perfecto estado. El conductor va al  ba\u00f1o y nunca reaparece.<br \/> La polic\u00eda se hace cargo del coche, que ahora no funciona, y lo guarda en una nave detr\u00e1s de la comisar\u00eda.<br \/> Y aqu\u00ed empieza una historia escalofriante, la historia de un coche con su propia vida, perversa y maliciosa.<br \/> Los agentes siguen su trabajo, pero el coche de vez en cuando  interviene: a veces sus radios y tel\u00e9fonos no funcionan. A veces el  coche empieza a moverse, a producir rel\u00e1mpagos y el maletero se abre  para escupir objetos indescriptibles\u2026 Hasta parece que es responsable de  varias muertes, entre ellas la del agente Wilcox.<br \/> En el oto\u00f1o de 2001 el hijo del fallecido agente empieza a trabajar en  la comisar\u00eda y decide que ha de saber la verdad del Buick 8.<\/p>\n","protected":false},"excerpt":{"rendered":"<p>Pensilvania, 1979. Llega un extra\u00f1o a una gasolinera para repostar. Conduce un Buick modelo 1954 pero en perfecto estado. El conductor va al ba\u00f1o y nunca reaparece. La polic\u00eda se hace cargo del coche, que ahora no funciona, y lo guarda en una nave detr\u00e1s de la comisar\u00eda. Y aqu\u00ed empieza una historia escalofriante, la [&hellip;]<\/p>\n","protected":false},"featured_media":4474,"template":"","meta":[],"product_brand":[115],"product_cat":[30,41],"product_tag":[],"class_list":{"0":"post-4473","1":"product","2":"type-product","3":"status-publish","4":"has-post-thumbnail","6":"product_brand-stephen-king","7":"product_cat-suspenso","8":"product_cat-terror","10":"first","11":"instock","12":"purchasable","13":"product-type-simple"},"featured_image_urls_v2":{"full":["https:\/\/ajupe.com.uy\/web\/wp-content\/uploads\/2016\/04\/p-4473-Buick_8__Un_Coch_4e8cfa49d9e5a.jpg",270,270,false],"thumbnail":["https:\/\/ajupe.com.uy\/web\/wp-content\/uploads\/2016\/04\/p-4473-Buick_8__Un_Coch_4e8cfa49d9e5a.jpg",150,150,true],"medium":["https:\/\/ajupe.com.uy\/web\/wp-content\/uploads\/2016\/04\/p-4473-Buick_8__Un_Coch_4e8cfa49d9e5a.jpg",300,214,true],"medium_large":["https:\/\/ajupe.com.uy\/web\/wp-content\/uploads\/2016\/04\/p-4473-Buick_8__Un_Coch_4e8cfa49d9e5a.jpg",270,270,false],"large":["https:\/\/ajupe.com.uy\/web\/wp-content\/uploads\/2016\/04\/p-4473-Buick_8__Un_Coch_4e8cfa49d9e5a.jpg",270,270,false],"1536x1536":["https:\/\/ajupe.com.uy\/web\/wp-content\/uploads\/2016\/04\/p-4473-Buick_8__Un_Coch_4e8cfa49d9e5a.jpg",270,270,false],"2048x2048":["https:\/\/ajupe.com.uy\/web\/wp-content\/uploads\/2016\/04\/p-4473-Buick_8__Un_Coch_4e8cfa49d9e5a.jpg",270,270,false],"woocommerce_archive_thumbnail":["https:\/\/ajupe.com.uy\/web\/wp-content\/uploads\/2016\/04\/p-4473-Buick_8__Un_Coch_4e8cfa49d9e5a.jpg",270,270,false],"woocommerce_thumbnail":["https:\/\/ajupe.com.uy\/web\/wp-content\/uploads\/2016\/04\/p-4473-Buick_8__Un_Coch_4e8cfa49d9e5a.jpg",270,270,false],"woocommerce_single":["https:\/\/ajupe.com.uy\/web\/wp-content\/uploads\/2016\/04\/p-4473-Buick_8__Un_Coch_4e8cfa49d9e5a.jpg",270,270,false],"woocommerce_gallery_thumbnail":["https:\/\/ajupe.com.uy\/web\/wp-content\/uploads\/2016\/04\/p-4473-Buick_8__Un_Coch_4e8cfa49d9e5a-100x100.jpg",100,100,true]},"post_excerpt_stackable_v2":"<p>Pensilvania, 1979. Llega un extra\u00f1o a una gasolinera para repostar. Conduce un Buick modelo 1954 pero en perfecto estado. El conductor va al ba\u00f1o y nunca reaparece. La polic\u00eda se hace cargo del coche, que ahora no funciona, y lo guarda en una nave detr\u00e1s de la comisar\u00eda. Y aqu\u00ed empieza una historia escalofriante, la historia de un coche con su propia vida, perversa y maliciosa. Los agentes siguen su trabajo, pero el coche de vez en cuando interviene: a veces sus radios y tel\u00e9fonos no funcionan. A veces el coche empieza a moverse, a producir rel\u00e1mpagos y el maletero&hellip;<\/p>\n","category_list_v2":"","author_info_v2":{"name":"","url":""},"comments_num_v2":"0 comentarios","_links":{"self":[{"href":"https:\/\/ajupe.com.uy\/web\/wp-json\/wp\/v2\/product\/4473","targetHints":{"allow":["GET"]}}],"collection":[{"href":"https:\/\/ajupe.com.uy\/web\/wp-json\/wp\/v2\/product"}],"about":[{"href":"https:\/\/ajupe.com.uy\/web\/wp-json\/wp\/v2\/types\/product"}],"wp:featuredmedia":[{"embeddable":true,"href":"https:\/\/ajupe.com.uy\/web\/wp-json\/wp\/v2\/media\/4474"}],"wp:attachment":[{"href":"https:\/\/ajupe.com.uy\/web\/wp-json\/wp\/v2\/media?parent=4473"}],"wp:term":[{"taxonomy":"product_brand","embeddable":true,"href":"https:\/\/ajupe.com.uy\/web\/wp-json\/wp\/v2\/product_brand?post=4473"},{"taxonomy":"product_cat","embeddable":true,"href":"https:\/\/ajupe.com.uy\/web\/wp-json\/wp\/v2\/product_cat?post=4473"},{"taxonomy":"product_tag","embeddable":true,"href":"https:\/\/ajupe.com.uy\/web\/wp-json\/wp\/v2\/product_tag?post=4473"}],"curies":[{"name":"wp","href":"https:\/\/api.w.org\/{rel}","templated":true}]}}