{"id":4479,"date":"2011-10-06T00:54:58","date_gmt":"2011-10-06T03:54:58","guid":{"rendered":"http:\/\/ajupe.com.uy\/web\/?post_type=product&#038;p=4479"},"modified":"2011-10-11T17:32:31","modified_gmt":"2011-10-11T20:32:31","slug":"la-mascara-de-ripley","status":"publish","type":"product","link":"https:\/\/ajupe.com.uy\/web\/biblioteca\/la-mascara-de-ripley\/","title":{"rendered":"La Mascara de Ripley"},"content":{"rendered":"<p>En esta novela, de un suspense trepidante, encontramos de nuevo a Tom  Ripley el protagonista ambiguo y fascinante de\u00bbA pleno sol\u00bb, algunos  a\u00f1os despu\u00e9s, con una reputaci\u00f3n intachable y casado con una joven y  hermosa heredera francesa. En su lujosa finca cerca de Par\u00eds, Ripley  lleva una existencia apacible, cuidando el jard\u00edn, pintando, estudiando  franc\u00e9s y escuchando m\u00fasica. Un d\u00eda le telefonean de Londres sus socios  de la Buckmaster Gallery, marchantes de Derwatt, un misterioso pintor  que se oculta en un ignorado rinc\u00f3n de M\u00e9xico, mientras el precio de sus  cuadros sube vertiginosamente. Sin embargo, un coleccionista americano  sospecha que le han vendido un cuadro de Derwatt falsificado, por lo que  urge la aparici\u00f3n del pintor para disipar sospechas&#8230; pero por  desgracia Derwatt ha muerto. Y ah\u00ed entra en acci\u00f3n Tom Ripley.<\/p>\n","protected":false},"excerpt":{"rendered":"<p>En esta novela, de un suspense trepidante, encontramos de nuevo a Tom Ripley el protagonista ambiguo y fascinante de\u00bbA pleno sol\u00bb, algunos a\u00f1os despu\u00e9s, con una reputaci\u00f3n intachable y casado con una joven y hermosa heredera francesa. En su lujosa finca cerca de Par\u00eds, Ripley lleva una existencia apacible, cuidando el jard\u00edn, pintando, estudiando franc\u00e9s [&hellip;]<\/p>\n","protected":false},"featured_media":4480,"template":"","meta":[],"product_brand":[840],"product_cat":[30],"product_tag":[],"class_list":{"0":"post-4479","1":"product","2":"type-product","3":"status-publish","4":"has-post-thumbnail","6":"product_brand-patricia-highsmith","7":"product_cat-suspenso","9":"first","10":"instock","11":"purchasable","12":"product-type-simple"},"featured_image_urls_v2":{"full":["https:\/\/ajupe.com.uy\/web\/wp-content\/uploads\/2016\/04\/p-4479-La_Mascara_de_Ri_4e8cfc620e6de.jpg",270,270,false],"thumbnail":["https:\/\/ajupe.com.uy\/web\/wp-content\/uploads\/2016\/04\/p-4479-La_Mascara_de_Ri_4e8cfc620e6de.jpg",150,150,true],"medium":["https:\/\/ajupe.com.uy\/web\/wp-content\/uploads\/2016\/04\/p-4479-La_Mascara_de_Ri_4e8cfc620e6de.jpg",300,214,true],"medium_large":["https:\/\/ajupe.com.uy\/web\/wp-content\/uploads\/2016\/04\/p-4479-La_Mascara_de_Ri_4e8cfc620e6de.jpg",270,270,false],"large":["https:\/\/ajupe.com.uy\/web\/wp-content\/uploads\/2016\/04\/p-4479-La_Mascara_de_Ri_4e8cfc620e6de.jpg",270,270,false],"1536x1536":["https:\/\/ajupe.com.uy\/web\/wp-content\/uploads\/2016\/04\/p-4479-La_Mascara_de_Ri_4e8cfc620e6de.jpg",270,270,false],"2048x2048":["https:\/\/ajupe.com.uy\/web\/wp-content\/uploads\/2016\/04\/p-4479-La_Mascara_de_Ri_4e8cfc620e6de.jpg",270,270,false],"woocommerce_archive_thumbnail":["https:\/\/ajupe.com.uy\/web\/wp-content\/uploads\/2016\/04\/p-4479-La_Mascara_de_Ri_4e8cfc620e6de.jpg",270,270,false],"woocommerce_thumbnail":["https:\/\/ajupe.com.uy\/web\/wp-content\/uploads\/2016\/04\/p-4479-La_Mascara_de_Ri_4e8cfc620e6de.jpg",270,270,false],"woocommerce_single":["https:\/\/ajupe.com.uy\/web\/wp-content\/uploads\/2016\/04\/p-4479-La_Mascara_de_Ri_4e8cfc620e6de.jpg",270,270,false],"woocommerce_gallery_thumbnail":["https:\/\/ajupe.com.uy\/web\/wp-content\/uploads\/2016\/04\/p-4479-La_Mascara_de_Ri_4e8cfc620e6de-100x100.jpg",100,100,true]},"post_excerpt_stackable_v2":"<p>En esta novela, de un suspense trepidante, encontramos de nuevo a Tom Ripley el protagonista ambiguo y fascinante de\u00bbA pleno sol\u00bb, algunos a\u00f1os despu\u00e9s, con una reputaci\u00f3n intachable y casado con una joven y hermosa heredera francesa. En su lujosa finca cerca de Par\u00eds, Ripley lleva una existencia apacible, cuidando el jard\u00edn, pintando, estudiando franc\u00e9s y escuchando m\u00fasica. Un d\u00eda le telefonean de Londres sus socios de la Buckmaster Gallery, marchantes de Derwatt, un misterioso pintor que se oculta en un ignorado rinc\u00f3n de M\u00e9xico, mientras el precio de sus cuadros sube vertiginosamente. Sin embargo, un coleccionista americano sospecha que&hellip;<\/p>\n","category_list_v2":"","author_info_v2":{"name":"","url":""},"comments_num_v2":"0 comentarios","_links":{"self":[{"href":"https:\/\/ajupe.com.uy\/web\/wp-json\/wp\/v2\/product\/4479","targetHints":{"allow":["GET"]}}],"collection":[{"href":"https:\/\/ajupe.com.uy\/web\/wp-json\/wp\/v2\/product"}],"about":[{"href":"https:\/\/ajupe.com.uy\/web\/wp-json\/wp\/v2\/types\/product"}],"wp:featuredmedia":[{"embeddable":true,"href":"https:\/\/ajupe.com.uy\/web\/wp-json\/wp\/v2\/media\/4480"}],"wp:attachment":[{"href":"https:\/\/ajupe.com.uy\/web\/wp-json\/wp\/v2\/media?parent=4479"}],"wp:term":[{"taxonomy":"product_brand","embeddable":true,"href":"https:\/\/ajupe.com.uy\/web\/wp-json\/wp\/v2\/product_brand?post=4479"},{"taxonomy":"product_cat","embeddable":true,"href":"https:\/\/ajupe.com.uy\/web\/wp-json\/wp\/v2\/product_cat?post=4479"},{"taxonomy":"product_tag","embeddable":true,"href":"https:\/\/ajupe.com.uy\/web\/wp-json\/wp\/v2\/product_tag?post=4479"}],"curies":[{"name":"wp","href":"https:\/\/api.w.org\/{rel}","templated":true}]}}